{"id":14787,"date":"2025-07-15T13:13:38","date_gmt":"2025-07-15T11:13:38","guid":{"rendered":"https:\/\/uj.adatbank.ro\/lexikon\/termek\/marton-denes\/"},"modified":"2025-07-15T13:13:38","modified_gmt":"2025-07-15T11:13:38","slug":"marton-denes","status":"publish","type":"product","link":"https:\/\/uj.adatbank.ro\/lexikon\/termek\/marton-denes\/","title":{"rendered":"M\u00c1RTON D\u00e9nes"},"content":{"rendered":"<p>Holtmaros, 1930. m\u00e1rc. 5., \u2020 Mez\u0151b\u00e1nd, 2009. \u00e1pr.13.: tan\u00e1r. \u2013 Az elemi iskol\u00e1t sz\u00fcl\u0151faluj\u00e1ban v\u00e9gezte, a mv.-i Ref. Koll.-ban folytatta tanulm\u00e1nyit, itt \u00e9retts\u00e9gizett (1949). A kv.-i BTE term\u00e9szetrajz kar\u00e1n v\u00e9gzett (1953). Tan\u00e1r tev\u00e9kenys\u00e9g\u00e9t Szab\u00e9don kezdte (1953\u201360). A Mez\u0151b\u00e1ndon alakult \u00faj k\u00f6z\u00e9piskola tan\u00e1ra lett nyugd\u00edjaz\u00e1s\u00e1ig (1961\u201393). T\u00f6bb mint 30 \u00e9vig megfigyelte, tanulm\u00e1nyozta a Mez\u0151b\u00e1nd term\u00e9szeti-f\u00f6ldrajzi viszonyait, \u00e9ghajlat\u00e1t, az id\u0151j\u00e1r\u00e1si v\u00e1ltoz\u00e1sait. \u00c9szrev\u00e9teleit, m\u00e9r\u00e9si adatait (1974\u20132005) k\u00f6tetben adta ki. A M. Meteorol\u00f3giai T\u00e1rsas\u00e1g tagja (2001\u2013). Jelentek meg <strong>Cikkei:<\/strong> N\u00fa., L\u00e9gk\u00f6r (Bp.) stb. \u2013 <strong>F. m.:<\/strong> Mez\u0151b\u00e1nd \u00e9ghajlati monogr\u00e1fi\u00e1ja (Mv., 2006). <br \/><strong>Irod.:<\/strong> G\u00e1bor Attila: Monogr\u00e1fia Mez\u0151b\u00e1ndr\u00f3l (N\u00fa., 2007. \u00e1pr. 18.); Gub Jen\u0151: M. D.-re eml\u00e9kez\u00fcnk (N\u00fa., 2009. j\u00fan. 9.); [Nekrol\u00f3g] (N\u00fa., 2009. j\u00fan. 15.)<\/br><\/p>\n","protected":false},"excerpt":{"rendered":"<p>Holtmaros, 1930. m\u00e1rc. 5., \u2020 Mez\u0151b\u00e1nd, 2009. \u00e1pr.13.: tan\u00e1r. \u2013 Az elemi iskol\u00e1t sz\u00fcl\u0151faluj\u00e1ban v\u00e9gezte, a mv.-i Ref. Koll.-ban folytatta tanulm\u00e1nyit, itt \u00e9retts\u00e9gizett (1949). A kv.-i BTE term\u00e9szetrajz kar\u00e1n v\u00e9gzett (1953). Tan\u00e1r tev\u00e9kenys\u00e9g\u00e9t Szab\u00e9don kezdte (1953\u201360). A Mez\u0151b\u00e1ndon alakult \u00faj k\u00f6z\u00e9piskola tan\u00e1ra lett nyugd\u00edjaz\u00e1s\u00e1ig (1961\u201393). T\u00f6bb mint 30 \u00e9vig megfigyelte, tanulm\u00e1nyozta a Mez\u0151b\u00e1nd term\u00e9szeti-f\u00f6ldrajzi viszonyait, [&hellip;]<\/p>\n","protected":false},"featured_media":0,"comment_status":"open","ping_status":"closed","template":"","meta":[],"product_brand":[],"product_cat":[137],"product_tag":[],"class_list":{"0":"post-14787","1":"product","2":"type-product","3":"status-publish","5":"product_cat-maros-megyei-eletrajzi-lexikon","7":"first","8":"instock","9":"shipping-taxable","10":"product-type-simple"},"_links":{"self":[{"href":"https:\/\/uj.adatbank.ro\/lexikon\/wp-json\/wp\/v2\/product\/14787","targetHints":{"allow":["GET"]}}],"collection":[{"href":"https:\/\/uj.adatbank.ro\/lexikon\/wp-json\/wp\/v2\/product"}],"about":[{"href":"https:\/\/uj.adatbank.ro\/lexikon\/wp-json\/wp\/v2\/types\/product"}],"replies":[{"embeddable":true,"href":"https:\/\/uj.adatbank.ro\/lexikon\/wp-json\/wp\/v2\/comments?post=14787"}],"wp:attachment":[{"href":"https:\/\/uj.adatbank.ro\/lexikon\/wp-json\/wp\/v2\/media?parent=14787"}],"wp:term":[{"taxonomy":"product_brand","embeddable":true,"href":"https:\/\/uj.adatbank.ro\/lexikon\/wp-json\/wp\/v2\/product_brand?post=14787"},{"taxonomy":"product_cat","embeddable":true,"href":"https:\/\/uj.adatbank.ro\/lexikon\/wp-json\/wp\/v2\/product_cat?post=14787"},{"taxonomy":"product_tag","embeddable":true,"href":"https:\/\/uj.adatbank.ro\/lexikon\/wp-json\/wp\/v2\/product_tag?post=14787"}],"curies":[{"name":"wp","href":"https:\/\/api.w.org\/{rel}","templated":true}]}}