{"id":14789,"date":"2025-07-15T13:13:42","date_gmt":"2025-07-15T11:13:42","guid":{"rendered":"https:\/\/uj.adatbank.ro\/lexikon\/termek\/marton-erno\/"},"modified":"2025-07-15T13:13:42","modified_gmt":"2025-07-15T11:13:42","slug":"marton-erno","status":"publish","type":"product","link":"https:\/\/uj.adatbank.ro\/lexikon\/termek\/marton-erno\/","title":{"rendered":"M\u00c1RTON Ern\u0151"},"content":{"rendered":"<p>Dics\u0151szentm\u00e1rton, 1896. m\u00e1j. 17., \u2020 Tel Aviv, 1960. aug. 25.: \u00fcgyv\u00e9d, politikus, ujs\u00e1g\u00edr\u00f3, szerkeszt\u0151. \u2013 Rabi csal\u00e1db\u00f3l sz\u00e1rmazott. A vall\u00e1si tanulm\u00e1nyi ut\u00e1n a kv.-i TE-n jog- \u00e9s \u00e1llamtudom\u00e1nyi doktor\u00e1tust szerzett. K\u00f6zgazdas\u00e1gi p\u00e1ly\u00e1ra l\u00e9pett. Kisk\u00fck\u00fcll\u0151 megy\u00e9ben f\u0151isp\u00e1ni titk\u00e1r (1917\u201318); az erd\u00e9lyi zsid\u00f3 mozgalom vezet\u0151ivel megalap\u00edtotta az \u00daj Kelet c. cionista lapott melynek f\u0151szerkeszt\u0151je (1918\u2013), a hetilapot napilapp\u00e1 fejlesztette a m. hat\u00f3s\u00e1gok r\u00e9sz\u00e9r\u0151l t\u00f6rt\u00e9nt betilt\u00e1s\u00e1ig (1920\u201340). T\u00e1rseln\u00f6ke volt a Zsid\u00f3 Nemzet Egyes\u00fclete erd\u00e9lyi r\u00e9szleg\u00e9nek (1927\u2013), alpolg\u00e1rmester Kv.-on (1931\u2013); parlamenti k\u00e9pvisel\u0151 (1931\u201333); lapj\u00e1nak betilt\u00e1sa ut\u00e1n (1940) Bp.-en a magyaro.-i zsid\u00f3s\u00e1g \u00f6nv\u00e9delm\u00e9ben vett r\u00e9szt, majd \u00e1ttelepedett Rom\u00e1ni\u00e1ba (1944\u2013), Buk.-ban szervezett seg\u00e9lyakci\u00f3t a zsid\u00f3s\u00e1g \u00e9rdek\u00e9ben; kiv\u00e1ndorolt Izraelbe (1946), ahol ism\u00e9t megind\u00edtotta Tel-Avivban napilapk\u00e9nt az \u00daj Keletet (1948\u2013). Lapokban, \u00e9vk\u00f6nyvekben, gy\u0171jetem\u00e9nyes munk\u00e1kban \u00edrt cikkeket. \u2013 <strong>F. m.:<\/strong> A zsid\u00f3 nemzeti mozgalom Erd\u00e9lyben (Kv., 1922); A magyar zsid\u00f3s\u00e1g csal\u00e1df\u00e1ja (Kv., 1941); Hungarian Jewish Studies (1966); <strong>ford.:<\/strong> Brod, Max : A cionizmus h\u00e1rom korszaka (Kv, 1919); Schemarja, Gorelik : Cion \u00e9s G\u00f3lusz (Nagyv\u00e1rad, 1920); A zsid\u00f3 nemzet k\u00f6vetel\u00e9sei (Nagyv\u00e1rad, 1920); A zsid\u00f3 b\u00e9keprogram (Nagyv\u00e1rad, 1920). <br \/><strong>Irod.:<\/strong> Borb\u00e1ndi; Clujeni ai sec 20; D\u00edcs\u0151szentm\u00e1rton; Guly\u00e1s; Nagy Csaba; RMIL; Gid\u00f3 Attila: \u00daton: Erd\u00e9lyi zsid\u00f3 t\u00e1rsadalom- \u00e9s nemzet\u00e9p\u00edt\u00e9si k\u00eds\u00e9rletek (1918\u20131940) (Cs\u00edkszereda, 2009)<\/br><\/p>\n","protected":false},"excerpt":{"rendered":"<p>Dics\u0151szentm\u00e1rton, 1896. m\u00e1j. 17., \u2020 Tel Aviv, 1960. aug. 25.: \u00fcgyv\u00e9d, politikus, ujs\u00e1g\u00edr\u00f3, szerkeszt\u0151. \u2013 Rabi csal\u00e1db\u00f3l sz\u00e1rmazott. A vall\u00e1si tanulm\u00e1nyi ut\u00e1n a kv.-i TE-n jog- \u00e9s \u00e1llamtudom\u00e1nyi doktor\u00e1tust szerzett. K\u00f6zgazdas\u00e1gi p\u00e1ly\u00e1ra l\u00e9pett. Kisk\u00fck\u00fcll\u0151 megy\u00e9ben f\u0151isp\u00e1ni titk\u00e1r (1917\u201318); az erd\u00e9lyi zsid\u00f3 mozgalom vezet\u0151ivel megalap\u00edtotta az \u00daj Kelet c. cionista lapott melynek f\u0151szerkeszt\u0151je (1918\u2013), a hetilapot [&hellip;]<\/p>\n","protected":false},"featured_media":0,"comment_status":"open","ping_status":"closed","template":"","meta":[],"product_brand":[],"product_cat":[137],"product_tag":[],"class_list":{"0":"post-14789","1":"product","2":"type-product","3":"status-publish","5":"product_cat-maros-megyei-eletrajzi-lexikon","7":"first","8":"instock","9":"shipping-taxable","10":"product-type-simple"},"_links":{"self":[{"href":"https:\/\/uj.adatbank.ro\/lexikon\/wp-json\/wp\/v2\/product\/14789","targetHints":{"allow":["GET"]}}],"collection":[{"href":"https:\/\/uj.adatbank.ro\/lexikon\/wp-json\/wp\/v2\/product"}],"about":[{"href":"https:\/\/uj.adatbank.ro\/lexikon\/wp-json\/wp\/v2\/types\/product"}],"replies":[{"embeddable":true,"href":"https:\/\/uj.adatbank.ro\/lexikon\/wp-json\/wp\/v2\/comments?post=14789"}],"wp:attachment":[{"href":"https:\/\/uj.adatbank.ro\/lexikon\/wp-json\/wp\/v2\/media?parent=14789"}],"wp:term":[{"taxonomy":"product_brand","embeddable":true,"href":"https:\/\/uj.adatbank.ro\/lexikon\/wp-json\/wp\/v2\/product_brand?post=14789"},{"taxonomy":"product_cat","embeddable":true,"href":"https:\/\/uj.adatbank.ro\/lexikon\/wp-json\/wp\/v2\/product_cat?post=14789"},{"taxonomy":"product_tag","embeddable":true,"href":"https:\/\/uj.adatbank.ro\/lexikon\/wp-json\/wp\/v2\/product_tag?post=14789"}],"curies":[{"name":"wp","href":"https:\/\/api.w.org\/{rel}","templated":true}]}}