{"id":14790,"date":"2025-07-15T13:13:44","date_gmt":"2025-07-15T11:13:44","guid":{"rendered":"https:\/\/uj.adatbank.ro\/lexikon\/termek\/marton-ferenc\/"},"modified":"2025-07-15T13:13:44","modified_gmt":"2025-07-15T11:13:44","slug":"marton-ferenc","status":"publish","type":"product","link":"https:\/\/uj.adatbank.ro\/lexikon\/termek\/marton-ferenc\/","title":{"rendered":"M\u00c1RTON Ferenc"},"content":{"rendered":"<p>Cs\u00edkszentdomokos, 1796., \u2020\u00a01832. febr. 2.: r. k. pap. \u2013 Papp\u00e1 szentelt\u00e9k (1821. m\u00e1rc. 17.). K\u00e1pl\u00e1n volt Cs\u00edkszentgy\u00f6rgy\u00f6n (1821). Pl\u00e9b\u00e1nos Harasztoson (1823\u201329), majd Gyulafeh\u00e9rv\u00e1ron a szemin\u00e1rium vicerektora (1929). <br \/><strong>Irod.:<\/strong> Ferenczi S\u00e1ndor 2009<\/br><\/p>\n","protected":false},"excerpt":{"rendered":"<p>Cs\u00edkszentdomokos, 1796., \u2020\u00a01832. febr. 2.: r. k. pap. \u2013 Papp\u00e1 szentelt\u00e9k (1821. m\u00e1rc. 17.). K\u00e1pl\u00e1n volt Cs\u00edkszentgy\u00f6rgy\u00f6n (1821). Pl\u00e9b\u00e1nos Harasztoson (1823\u201329), majd Gyulafeh\u00e9rv\u00e1ron a szemin\u00e1rium vicerektora (1929). Irod.: Ferenczi S\u00e1ndor 2009<\/p>\n","protected":false},"featured_media":0,"comment_status":"open","ping_status":"closed","template":"","meta":[],"product_brand":[],"product_cat":[137],"product_tag":[],"class_list":{"0":"post-14790","1":"product","2":"type-product","3":"status-publish","5":"product_cat-maros-megyei-eletrajzi-lexikon","7":"first","8":"instock","9":"shipping-taxable","10":"product-type-simple"},"_links":{"self":[{"href":"https:\/\/uj.adatbank.ro\/lexikon\/wp-json\/wp\/v2\/product\/14790","targetHints":{"allow":["GET"]}}],"collection":[{"href":"https:\/\/uj.adatbank.ro\/lexikon\/wp-json\/wp\/v2\/product"}],"about":[{"href":"https:\/\/uj.adatbank.ro\/lexikon\/wp-json\/wp\/v2\/types\/product"}],"replies":[{"embeddable":true,"href":"https:\/\/uj.adatbank.ro\/lexikon\/wp-json\/wp\/v2\/comments?post=14790"}],"wp:attachment":[{"href":"https:\/\/uj.adatbank.ro\/lexikon\/wp-json\/wp\/v2\/media?parent=14790"}],"wp:term":[{"taxonomy":"product_brand","embeddable":true,"href":"https:\/\/uj.adatbank.ro\/lexikon\/wp-json\/wp\/v2\/product_brand?post=14790"},{"taxonomy":"product_cat","embeddable":true,"href":"https:\/\/uj.adatbank.ro\/lexikon\/wp-json\/wp\/v2\/product_cat?post=14790"},{"taxonomy":"product_tag","embeddable":true,"href":"https:\/\/uj.adatbank.ro\/lexikon\/wp-json\/wp\/v2\/product_tag?post=14790"}],"curies":[{"name":"wp","href":"https:\/\/api.w.org\/{rel}","templated":true}]}}