{"id":14792,"date":"2025-07-15T13:13:47","date_gmt":"2025-07-15T11:13:47","guid":{"rendered":"https:\/\/uj.adatbank.ro\/lexikon\/termek\/marton-futasfalvi\/"},"modified":"2025-07-15T13:13:47","modified_gmt":"2025-07-15T11:13:47","slug":"marton-futasfalvi","status":"publish","type":"product","link":"https:\/\/uj.adatbank.ro\/lexikon\/termek\/marton-futasfalvi\/","title":{"rendered":"M\u00c1RTON, fut\u00e1sfalvi"},"content":{"rendered":"<p>A csal\u00e1d H\u00e1romsz\u00e9kb\u0151l sz\u00e1rmazott, egy \u00e1ga Ny\u00e1r\u00e1dszentann\u00e1n vett birtokot. M. J\u00e1nos als\u00f3csern\u00e1toni birtokos igazolta nemess\u00e9g\u00e9t (1792. okt. 8.), lesz\u00e1rmazottja M. J\u00e1nos, ny\u00e1r\u00e1dszentannai birtokos \u00e9s k\u00f6zigazgat\u00f3s\u00e1gi bizotts\u00e1gi tag. K\u00fari\u00e1ja m\u00e9g \u00e1ll, \u00e1llamos\u00edtott\u00e1k (1948), ovoda, klubhelys\u00e9g, t\u00e9esz-h\u00e1z \u00e9s rakt\u00e1r volt, a hagyat\u00e9kot visszaszerezt\u00e9k a lesz\u00e1rmazottak (1990). <br \/><strong>Irod.:<\/strong> P\u00e1lmay; Sepsisz\u00e9ki<\/br><\/p>\n","protected":false},"excerpt":{"rendered":"<p>A csal\u00e1d H\u00e1romsz\u00e9kb\u0151l sz\u00e1rmazott, egy \u00e1ga Ny\u00e1r\u00e1dszentann\u00e1n vett birtokot. M. J\u00e1nos als\u00f3csern\u00e1toni birtokos igazolta nemess\u00e9g\u00e9t (1792. okt. 8.), lesz\u00e1rmazottja M. J\u00e1nos, ny\u00e1r\u00e1dszentannai birtokos \u00e9s k\u00f6zigazgat\u00f3s\u00e1gi bizotts\u00e1gi tag. K\u00fari\u00e1ja m\u00e9g \u00e1ll, \u00e1llamos\u00edtott\u00e1k (1948), ovoda, klubhelys\u00e9g, t\u00e9esz-h\u00e1z \u00e9s rakt\u00e1r volt, a hagyat\u00e9kot visszaszerezt\u00e9k a lesz\u00e1rmazottak (1990). Irod.: P\u00e1lmay; Sepsisz\u00e9ki<\/p>\n","protected":false},"featured_media":0,"comment_status":"open","ping_status":"closed","template":"","meta":[],"product_brand":[],"product_cat":[137],"product_tag":[],"class_list":{"0":"post-14792","1":"product","2":"type-product","3":"status-publish","5":"product_cat-maros-megyei-eletrajzi-lexikon","7":"first","8":"instock","9":"shipping-taxable","10":"product-type-simple"},"_links":{"self":[{"href":"https:\/\/uj.adatbank.ro\/lexikon\/wp-json\/wp\/v2\/product\/14792","targetHints":{"allow":["GET"]}}],"collection":[{"href":"https:\/\/uj.adatbank.ro\/lexikon\/wp-json\/wp\/v2\/product"}],"about":[{"href":"https:\/\/uj.adatbank.ro\/lexikon\/wp-json\/wp\/v2\/types\/product"}],"replies":[{"embeddable":true,"href":"https:\/\/uj.adatbank.ro\/lexikon\/wp-json\/wp\/v2\/comments?post=14792"}],"wp:attachment":[{"href":"https:\/\/uj.adatbank.ro\/lexikon\/wp-json\/wp\/v2\/media?parent=14792"}],"wp:term":[{"taxonomy":"product_brand","embeddable":true,"href":"https:\/\/uj.adatbank.ro\/lexikon\/wp-json\/wp\/v2\/product_brand?post=14792"},{"taxonomy":"product_cat","embeddable":true,"href":"https:\/\/uj.adatbank.ro\/lexikon\/wp-json\/wp\/v2\/product_cat?post=14792"},{"taxonomy":"product_tag","embeddable":true,"href":"https:\/\/uj.adatbank.ro\/lexikon\/wp-json\/wp\/v2\/product_tag?post=14792"}],"curies":[{"name":"wp","href":"https:\/\/api.w.org\/{rel}","templated":true}]}}