{"id":14793,"date":"2025-07-15T13:13:49","date_gmt":"2025-07-15T11:13:49","guid":{"rendered":"https:\/\/uj.adatbank.ro\/lexikon\/termek\/marton-gergely\/"},"modified":"2025-07-15T13:13:49","modified_gmt":"2025-07-15T11:13:49","slug":"marton-gergely","status":"publish","type":"product","link":"https:\/\/uj.adatbank.ro\/lexikon\/termek\/marton-gergely\/","title":{"rendered":"M\u00c1RTON Gergely"},"content":{"rendered":"<p>Zetelaka, 1919. m\u00e1rc. 7., \u2020 Mv., 1992. j\u00fal. 7.: orvos, n\u0151gy\u00f3gy\u00e1sz. \u2013 A k\u00f6z\u00e9piskol\u00e1t Sz\u00e9kelyudvarhelyen (1939), az orvosi egyetemet Kv.-on \u00e9s Bp.-en v\u00e9gezte (1944). Bp.-en a R\u00f3kus K\u00f3rh\u00e1zban orvos (1944\u201345); hadifogoly volt (1945\u201346); Sz\u00e9kelyudvarhelyen dolgozott a k\u00f3rh\u00e1zban (1947\u201353); Mv.-en a Sz\u00fcl\u00e9szeti \u00e9s N\u0151gy\u00f3gy\u00e1szati Klinika (1953\u201382), majd a 2. sz. Sz\u00fcl\u00e9szeti Klinika munkat\u00e1rsa. \u2013 <strong>F. m.:<\/strong> <strong>t\u00e1rssz.:<\/strong> Sz\u00fcl\u00e9szeti jegyzet (Mv., 1959); N\u0151gy\u00f3gy\u00e1szat (Mv., 1960). <br \/><strong>Irod.:<\/strong> Genersich; [Nekrol\u00f3g] (N\u00fa., 1992. j\u00fal. 9.); P\u00e9ter<\/br><\/p>\n","protected":false},"excerpt":{"rendered":"<p>Zetelaka, 1919. m\u00e1rc. 7., \u2020 Mv., 1992. j\u00fal. 7.: orvos, n\u0151gy\u00f3gy\u00e1sz. \u2013 A k\u00f6z\u00e9piskol\u00e1t Sz\u00e9kelyudvarhelyen (1939), az orvosi egyetemet Kv.-on \u00e9s Bp.-en v\u00e9gezte (1944). Bp.-en a R\u00f3kus K\u00f3rh\u00e1zban orvos (1944\u201345); hadifogoly volt (1945\u201346); Sz\u00e9kelyudvarhelyen dolgozott a k\u00f3rh\u00e1zban (1947\u201353); Mv.-en a Sz\u00fcl\u00e9szeti \u00e9s N\u0151gy\u00f3gy\u00e1szati Klinika (1953\u201382), majd a 2. sz. Sz\u00fcl\u00e9szeti Klinika munkat\u00e1rsa. \u2013 F. m.: [&hellip;]<\/p>\n","protected":false},"featured_media":0,"comment_status":"open","ping_status":"closed","template":"","meta":[],"product_brand":[],"product_cat":[137],"product_tag":[],"class_list":{"0":"post-14793","1":"product","2":"type-product","3":"status-publish","5":"product_cat-maros-megyei-eletrajzi-lexikon","7":"first","8":"instock","9":"shipping-taxable","10":"product-type-simple"},"_links":{"self":[{"href":"https:\/\/uj.adatbank.ro\/lexikon\/wp-json\/wp\/v2\/product\/14793","targetHints":{"allow":["GET"]}}],"collection":[{"href":"https:\/\/uj.adatbank.ro\/lexikon\/wp-json\/wp\/v2\/product"}],"about":[{"href":"https:\/\/uj.adatbank.ro\/lexikon\/wp-json\/wp\/v2\/types\/product"}],"replies":[{"embeddable":true,"href":"https:\/\/uj.adatbank.ro\/lexikon\/wp-json\/wp\/v2\/comments?post=14793"}],"wp:attachment":[{"href":"https:\/\/uj.adatbank.ro\/lexikon\/wp-json\/wp\/v2\/media?parent=14793"}],"wp:term":[{"taxonomy":"product_brand","embeddable":true,"href":"https:\/\/uj.adatbank.ro\/lexikon\/wp-json\/wp\/v2\/product_brand?post=14793"},{"taxonomy":"product_cat","embeddable":true,"href":"https:\/\/uj.adatbank.ro\/lexikon\/wp-json\/wp\/v2\/product_cat?post=14793"},{"taxonomy":"product_tag","embeddable":true,"href":"https:\/\/uj.adatbank.ro\/lexikon\/wp-json\/wp\/v2\/product_tag?post=14793"}],"curies":[{"name":"wp","href":"https:\/\/api.w.org\/{rel}","templated":true}]}}