{"id":14794,"date":"2025-07-15T13:13:51","date_gmt":"2025-07-15T11:13:51","guid":{"rendered":"https:\/\/uj.adatbank.ro\/lexikon\/termek\/marton-gyorgy\/"},"modified":"2025-07-15T13:13:51","modified_gmt":"2025-07-15T11:13:51","slug":"marton-gyorgy","status":"publish","type":"product","link":"https:\/\/uj.adatbank.ro\/lexikon\/termek\/marton-gyorgy\/","title":{"rendered":"M\u00c1RTON Gy\u00f6rgy"},"content":{"rendered":"<p>1923., \u2020\u00a0Mv., 1976.: tan\u00e1r. \u2013 Feles\u00e9ge Szab\u00f3 Magdolna Matild. \u2013 A Bihar tartom\u00e1nyi n\u00e9ptan\u00e1cs tan\u00fcgyi oszt\u00e1ly\u00e1n dolgozott (\u20131952). \u00c1thelyezt\u00e9k a MAT n\u00e9ptan\u00e1cs\u00e1nak tan\u00fcgyi oszt\u00e1ly\u00e1ra (1952-\u00a0?), majd a 4-es sz. vegyes iskola igazgat\u00f3ja volt (\u20131976). <br \/><strong>Irod.:<\/strong> Csekme; Szab\u00f3 Magdolna Matild: Napl\u00f3: 1943\u20131946 (Cs\u00edkszereda, 2011)<\/br><\/p>\n","protected":false},"excerpt":{"rendered":"<p>1923., \u2020\u00a0Mv., 1976.: tan\u00e1r. \u2013 Feles\u00e9ge Szab\u00f3 Magdolna Matild. \u2013 A Bihar tartom\u00e1nyi n\u00e9ptan\u00e1cs tan\u00fcgyi oszt\u00e1ly\u00e1n dolgozott (\u20131952). \u00c1thelyezt\u00e9k a MAT n\u00e9ptan\u00e1cs\u00e1nak tan\u00fcgyi oszt\u00e1ly\u00e1ra (1952-\u00a0?), majd a 4-es sz. vegyes iskola igazgat\u00f3ja volt (\u20131976). Irod.: Csekme; Szab\u00f3 Magdolna Matild: Napl\u00f3: 1943\u20131946 (Cs\u00edkszereda, 2011)<\/p>\n","protected":false},"featured_media":0,"comment_status":"open","ping_status":"closed","template":"","meta":[],"product_brand":[],"product_cat":[137],"product_tag":[],"class_list":{"0":"post-14794","1":"product","2":"type-product","3":"status-publish","5":"product_cat-maros-megyei-eletrajzi-lexikon","7":"first","8":"instock","9":"shipping-taxable","10":"product-type-simple"},"_links":{"self":[{"href":"https:\/\/uj.adatbank.ro\/lexikon\/wp-json\/wp\/v2\/product\/14794","targetHints":{"allow":["GET"]}}],"collection":[{"href":"https:\/\/uj.adatbank.ro\/lexikon\/wp-json\/wp\/v2\/product"}],"about":[{"href":"https:\/\/uj.adatbank.ro\/lexikon\/wp-json\/wp\/v2\/types\/product"}],"replies":[{"embeddable":true,"href":"https:\/\/uj.adatbank.ro\/lexikon\/wp-json\/wp\/v2\/comments?post=14794"}],"wp:attachment":[{"href":"https:\/\/uj.adatbank.ro\/lexikon\/wp-json\/wp\/v2\/media?parent=14794"}],"wp:term":[{"taxonomy":"product_brand","embeddable":true,"href":"https:\/\/uj.adatbank.ro\/lexikon\/wp-json\/wp\/v2\/product_brand?post=14794"},{"taxonomy":"product_cat","embeddable":true,"href":"https:\/\/uj.adatbank.ro\/lexikon\/wp-json\/wp\/v2\/product_cat?post=14794"},{"taxonomy":"product_tag","embeddable":true,"href":"https:\/\/uj.adatbank.ro\/lexikon\/wp-json\/wp\/v2\/product_tag?post=14794"}],"curies":[{"name":"wp","href":"https:\/\/api.w.org\/{rel}","templated":true}]}}