{"id":14795,"date":"2025-07-15T13:13:53","date_gmt":"2025-07-15T11:13:53","guid":{"rendered":"https:\/\/uj.adatbank.ro\/lexikon\/termek\/marton-gyorgy-marton-gheorghe\/"},"modified":"2025-07-15T13:13:53","modified_gmt":"2025-07-15T11:13:53","slug":"marton-gyorgy-marton-gheorghe","status":"publish","type":"product","link":"https:\/\/uj.adatbank.ro\/lexikon\/termek\/marton-gyorgy-marton-gheorghe\/","title":{"rendered":"M\u00c1RTON Gy\u00f6rgy, M\u00e1rton Gheorghe"},"content":{"rendered":"<p>? \u2020\u00a0?: sz\u00e1zados. \u2013 A mv.-i securitate sz\u00e1zadosa, a nyomoz\u00f3 oszt\u00e1ly helyettes f\u0151n\u00f6ke (1955. m\u00e1j. 5.\u2013)..<br \/><strong>Irod.:<\/strong> Bartos 2012<\/br><\/p>\n","protected":false},"excerpt":{"rendered":"<p>? \u2020\u00a0?: sz\u00e1zados. \u2013 A mv.-i securitate sz\u00e1zadosa, a nyomoz\u00f3 oszt\u00e1ly helyettes f\u0151n\u00f6ke (1955. m\u00e1j. 5.\u2013)..Irod.: Bartos 2012<\/p>\n","protected":false},"featured_media":0,"comment_status":"open","ping_status":"closed","template":"","meta":[],"product_brand":[],"product_cat":[137],"product_tag":[],"class_list":{"0":"post-14795","1":"product","2":"type-product","3":"status-publish","5":"product_cat-maros-megyei-eletrajzi-lexikon","7":"first","8":"instock","9":"shipping-taxable","10":"product-type-simple"},"_links":{"self":[{"href":"https:\/\/uj.adatbank.ro\/lexikon\/wp-json\/wp\/v2\/product\/14795","targetHints":{"allow":["GET"]}}],"collection":[{"href":"https:\/\/uj.adatbank.ro\/lexikon\/wp-json\/wp\/v2\/product"}],"about":[{"href":"https:\/\/uj.adatbank.ro\/lexikon\/wp-json\/wp\/v2\/types\/product"}],"replies":[{"embeddable":true,"href":"https:\/\/uj.adatbank.ro\/lexikon\/wp-json\/wp\/v2\/comments?post=14795"}],"wp:attachment":[{"href":"https:\/\/uj.adatbank.ro\/lexikon\/wp-json\/wp\/v2\/media?parent=14795"}],"wp:term":[{"taxonomy":"product_brand","embeddable":true,"href":"https:\/\/uj.adatbank.ro\/lexikon\/wp-json\/wp\/v2\/product_brand?post=14795"},{"taxonomy":"product_cat","embeddable":true,"href":"https:\/\/uj.adatbank.ro\/lexikon\/wp-json\/wp\/v2\/product_cat?post=14795"},{"taxonomy":"product_tag","embeddable":true,"href":"https:\/\/uj.adatbank.ro\/lexikon\/wp-json\/wp\/v2\/product_tag?post=14795"}],"curies":[{"name":"wp","href":"https:\/\/api.w.org\/{rel}","templated":true}]}}