{"id":14796,"date":"2025-07-15T13:13:56","date_gmt":"2025-07-15T11:13:56","guid":{"rendered":"https:\/\/uj.adatbank.ro\/lexikon\/termek\/marton-imre-marton-imre\/"},"modified":"2025-07-15T13:13:56","modified_gmt":"2025-07-15T11:13:56","slug":"marton-imre-marton-imre","status":"publish","type":"product","link":"https:\/\/uj.adatbank.ro\/lexikon\/termek\/marton-imre-marton-imre\/","title":{"rendered":"M\u00c1RTON Imre, Marton Imre"},"content":{"rendered":"<p>? \u2020\u00a0?: tan\u00edt\u00f3, ref. lelk\u00e9sz. \u2013 Mv.-en subscrib\u00e1lt (1786). Dics\u0151szentm\u00e1rtonban tan\u00edtott l\u00e9vitak\u00e9nt (1791). A k\u00e9zdiv\u00e1s\u00e1rhelyi zsinaton ordin\u00e1lt\u00e1k (1792). Lek\u00e9sz volt Maroscsap\u00f3n (1792\u201395), Cs\u00edkfalv\u00e1n (1796\u20131800), Sz\u00e9kelytomp\u00e1n (1802), Mez\u0151cs\u00e1v\u00e1son (1802\u201307) \u00e9s Galambodon (1808\u201314). <br \/><strong>Irod.:<\/strong> Cs\u00edkfalva; K\u00fck\u00fcll\u0151i Ref. Egyh\u00e1zm. 2., 4.<\/br><\/p>\n","protected":false},"excerpt":{"rendered":"<p>? \u2020\u00a0?: tan\u00edt\u00f3, ref. lelk\u00e9sz. \u2013 Mv.-en subscrib\u00e1lt (1786). Dics\u0151szentm\u00e1rtonban tan\u00edtott l\u00e9vitak\u00e9nt (1791). A k\u00e9zdiv\u00e1s\u00e1rhelyi zsinaton ordin\u00e1lt\u00e1k (1792). Lek\u00e9sz volt Maroscsap\u00f3n (1792\u201395), Cs\u00edkfalv\u00e1n (1796\u20131800), Sz\u00e9kelytomp\u00e1n (1802), Mez\u0151cs\u00e1v\u00e1son (1802\u201307) \u00e9s Galambodon (1808\u201314). Irod.: Cs\u00edkfalva; K\u00fck\u00fcll\u0151i Ref. Egyh\u00e1zm. 2., 4.<\/p>\n","protected":false},"featured_media":0,"comment_status":"open","ping_status":"closed","template":"","meta":[],"product_brand":[],"product_cat":[137],"product_tag":[],"class_list":{"0":"post-14796","1":"product","2":"type-product","3":"status-publish","5":"product_cat-maros-megyei-eletrajzi-lexikon","7":"first","8":"instock","9":"shipping-taxable","10":"product-type-simple"},"_links":{"self":[{"href":"https:\/\/uj.adatbank.ro\/lexikon\/wp-json\/wp\/v2\/product\/14796","targetHints":{"allow":["GET"]}}],"collection":[{"href":"https:\/\/uj.adatbank.ro\/lexikon\/wp-json\/wp\/v2\/product"}],"about":[{"href":"https:\/\/uj.adatbank.ro\/lexikon\/wp-json\/wp\/v2\/types\/product"}],"replies":[{"embeddable":true,"href":"https:\/\/uj.adatbank.ro\/lexikon\/wp-json\/wp\/v2\/comments?post=14796"}],"wp:attachment":[{"href":"https:\/\/uj.adatbank.ro\/lexikon\/wp-json\/wp\/v2\/media?parent=14796"}],"wp:term":[{"taxonomy":"product_brand","embeddable":true,"href":"https:\/\/uj.adatbank.ro\/lexikon\/wp-json\/wp\/v2\/product_brand?post=14796"},{"taxonomy":"product_cat","embeddable":true,"href":"https:\/\/uj.adatbank.ro\/lexikon\/wp-json\/wp\/v2\/product_cat?post=14796"},{"taxonomy":"product_tag","embeddable":true,"href":"https:\/\/uj.adatbank.ro\/lexikon\/wp-json\/wp\/v2\/product_tag?post=14796"}],"curies":[{"name":"wp","href":"https:\/\/api.w.org\/{rel}","templated":true}]}}