{"id":14798,"date":"2025-07-15T13:14:00","date_gmt":"2025-07-15T11:14:00","guid":{"rendered":"https:\/\/uj.adatbank.ro\/lexikon\/termek\/marton-istvan-futasfalvi\/"},"modified":"2025-07-15T13:14:00","modified_gmt":"2025-07-15T11:14:00","slug":"marton-istvan-futasfalvi","status":"publish","type":"product","link":"https:\/\/uj.adatbank.ro\/lexikon\/termek\/marton-istvan-futasfalvi\/","title":{"rendered":"M\u00c1RTON Istv\u00e1n, fut\u00e1sfalvi"},"content":{"rendered":"<p>Ny\u00e1r\u00e1dszentanna, 1876., \u2020 ?: \u00fcgyv\u00e9d, f\u00f6ldbirtokos. \u2013 Apja f\u00f6ldbirtokos volt. K\u00f6z\u00e9piskol\u00e1it Kv.-on, az egyetem jogi fakult\u00e1s\u00e1t Bp.-en \u00e9s Kv.-on v\u00e9gezte, jogi doktor (1899), majd \u00fcgyv\u00e9di vizsg\u00e1t tett (1903). A kolozsmonostori gazdas\u00e1gi int\u00e9zetben 2 gyakorlati \u00e9vet tett. Eleinte b\u00edr\u00f3s\u00e1gi aljegyz\u0151, majd \u00fcgyv\u00e9d Ny\u00e1r\u00e1dszered\u00e1ban, amellett f\u00f6ldbirtokos, kir. k\u00f6zjegyz\u0151 volt (1947-ig), a helyi Hitelsz\u00f6v. eln\u00f6k-igazgat\u00f3ja volt. Szeszgy\u00e1rat l\u00e9tes\u00edtett (1924). A ny\u00e1r\u00e1dszeredai t\u00e1rsadalom reprezent\u00e1ns szem\u00e9lyis\u00e9ge, a k\u00f6rny\u00e9k k\u00f6zgazdas\u00e1gi \u00e9s k\u00f6z\u00e9leti tekint\u00e9lye, sz\u00e1mos elismer\u00e9sben volt r\u00e9sze. \u00c9l\u00e9nk t\u00e1rsadalmi \u00e9letet \u00e9lt : a Magyar Kaszin\u00f3 eln\u00f6ke, a ref. egyh\u00e1z tan\u00e1csosa \u00e9s a helybeli sportegyes\u00fclet eln\u00f6ke volt.. R\u00e9szt vett az I. vh.-ban (1914\u201317). az orosz \u00e9s a szerb fronton harcolt. Sz\u00e1zadosi rangban szerelt le. <br \/><strong>Irod.:<\/strong> Erd\u00e9lyi ezredek; Ki kicsoda?, Ny\u00e1r\u00e1dszereda: Kiskalauz; Pan\u0103<\/br><\/p>\n","protected":false},"excerpt":{"rendered":"<p>Ny\u00e1r\u00e1dszentanna, 1876., \u2020 ?: \u00fcgyv\u00e9d, f\u00f6ldbirtokos. \u2013 Apja f\u00f6ldbirtokos volt. K\u00f6z\u00e9piskol\u00e1it Kv.-on, az egyetem jogi fakult\u00e1s\u00e1t Bp.-en \u00e9s Kv.-on v\u00e9gezte, jogi doktor (1899), majd \u00fcgyv\u00e9di vizsg\u00e1t tett (1903). A kolozsmonostori gazdas\u00e1gi int\u00e9zetben 2 gyakorlati \u00e9vet tett. Eleinte b\u00edr\u00f3s\u00e1gi aljegyz\u0151, majd \u00fcgyv\u00e9d Ny\u00e1r\u00e1dszered\u00e1ban, amellett f\u00f6ldbirtokos, kir. k\u00f6zjegyz\u0151 volt (1947-ig), a helyi Hitelsz\u00f6v. eln\u00f6k-igazgat\u00f3ja volt. Szeszgy\u00e1rat l\u00e9tes\u00edtett [&hellip;]<\/p>\n","protected":false},"featured_media":0,"comment_status":"open","ping_status":"closed","template":"","meta":[],"product_brand":[],"product_cat":[137],"product_tag":[],"class_list":{"0":"post-14798","1":"product","2":"type-product","3":"status-publish","5":"product_cat-maros-megyei-eletrajzi-lexikon","7":"first","8":"instock","9":"shipping-taxable","10":"product-type-simple"},"_links":{"self":[{"href":"https:\/\/uj.adatbank.ro\/lexikon\/wp-json\/wp\/v2\/product\/14798","targetHints":{"allow":["GET"]}}],"collection":[{"href":"https:\/\/uj.adatbank.ro\/lexikon\/wp-json\/wp\/v2\/product"}],"about":[{"href":"https:\/\/uj.adatbank.ro\/lexikon\/wp-json\/wp\/v2\/types\/product"}],"replies":[{"embeddable":true,"href":"https:\/\/uj.adatbank.ro\/lexikon\/wp-json\/wp\/v2\/comments?post=14798"}],"wp:attachment":[{"href":"https:\/\/uj.adatbank.ro\/lexikon\/wp-json\/wp\/v2\/media?parent=14798"}],"wp:term":[{"taxonomy":"product_brand","embeddable":true,"href":"https:\/\/uj.adatbank.ro\/lexikon\/wp-json\/wp\/v2\/product_brand?post=14798"},{"taxonomy":"product_cat","embeddable":true,"href":"https:\/\/uj.adatbank.ro\/lexikon\/wp-json\/wp\/v2\/product_cat?post=14798"},{"taxonomy":"product_tag","embeddable":true,"href":"https:\/\/uj.adatbank.ro\/lexikon\/wp-json\/wp\/v2\/product_tag?post=14798"}],"curies":[{"name":"wp","href":"https:\/\/api.w.org\/{rel}","templated":true}]}}