{"id":14799,"date":"2025-07-15T13:14:02","date_gmt":"2025-07-15T11:14:02","guid":{"rendered":"https:\/\/uj.adatbank.ro\/lexikon\/termek\/marton-istvan-futasfalvi-2\/"},"modified":"2025-07-15T13:14:02","modified_gmt":"2025-07-15T11:14:02","slug":"marton-istvan-futasfalvi-2","status":"publish","type":"product","link":"https:\/\/uj.adatbank.ro\/lexikon\/termek\/marton-istvan-futasfalvi-2\/","title":{"rendered":"M\u00c1RTON Istv\u00e1n, fut\u00e1sfalvi"},"content":{"rendered":"<p>Ny\u00e1r\u00e1dszentanna, 1918. aug. 3., \u2020 Miskolc, 1944. okt. 23.: A II. vh.-ban z\u00e1szl\u00f3sk\u00e9nt szolg\u00e1lt. Miskolc mellett s\u00falyosan megsbes\u00fclt, s belehalt s\u00e9r\u00fcl\u00e9s\u00e9be.-<br \/><strong>Irod.:<\/strong> Berekm\u00e9ri<\/br><\/p>\n","protected":false},"excerpt":{"rendered":"<p>Ny\u00e1r\u00e1dszentanna, 1918. aug. 3., \u2020 Miskolc, 1944. okt. 23.: A II. vh.-ban z\u00e1szl\u00f3sk\u00e9nt szolg\u00e1lt. Miskolc mellett s\u00falyosan megsbes\u00fclt, s belehalt s\u00e9r\u00fcl\u00e9s\u00e9be.-Irod.: Berekm\u00e9ri<\/p>\n","protected":false},"featured_media":0,"comment_status":"open","ping_status":"closed","template":"","meta":[],"product_brand":[],"product_cat":[137],"product_tag":[],"class_list":{"0":"post-14799","1":"product","2":"type-product","3":"status-publish","5":"product_cat-maros-megyei-eletrajzi-lexikon","7":"first","8":"instock","9":"shipping-taxable","10":"product-type-simple"},"_links":{"self":[{"href":"https:\/\/uj.adatbank.ro\/lexikon\/wp-json\/wp\/v2\/product\/14799","targetHints":{"allow":["GET"]}}],"collection":[{"href":"https:\/\/uj.adatbank.ro\/lexikon\/wp-json\/wp\/v2\/product"}],"about":[{"href":"https:\/\/uj.adatbank.ro\/lexikon\/wp-json\/wp\/v2\/types\/product"}],"replies":[{"embeddable":true,"href":"https:\/\/uj.adatbank.ro\/lexikon\/wp-json\/wp\/v2\/comments?post=14799"}],"wp:attachment":[{"href":"https:\/\/uj.adatbank.ro\/lexikon\/wp-json\/wp\/v2\/media?parent=14799"}],"wp:term":[{"taxonomy":"product_brand","embeddable":true,"href":"https:\/\/uj.adatbank.ro\/lexikon\/wp-json\/wp\/v2\/product_brand?post=14799"},{"taxonomy":"product_cat","embeddable":true,"href":"https:\/\/uj.adatbank.ro\/lexikon\/wp-json\/wp\/v2\/product_cat?post=14799"},{"taxonomy":"product_tag","embeddable":true,"href":"https:\/\/uj.adatbank.ro\/lexikon\/wp-json\/wp\/v2\/product_tag?post=14799"}],"curies":[{"name":"wp","href":"https:\/\/api.w.org\/{rel}","templated":true}]}}