{"id":14807,"date":"2025-07-15T13:14:18","date_gmt":"2025-07-15T11:14:18","guid":{"rendered":"https:\/\/uj.adatbank.ro\/lexikon\/termek\/marton-karoly\/"},"modified":"2025-07-15T13:14:18","modified_gmt":"2025-07-15T11:14:18","slug":"marton-karoly","status":"publish","type":"product","link":"https:\/\/uj.adatbank.ro\/lexikon\/termek\/marton-karoly\/","title":{"rendered":"M\u00c1RTON K\u00e1roly"},"content":{"rendered":"<p>Ny\u00e1r\u00e1dselye, 1898., \u2020\u00a0?: gazd\u00e1lkod\u00f3. \u2013 Iskol\u00e1i elv\u00e9gz\u00e9se ut\u00e1n a sz\u00fcl\u0151i h\u00e1zn\u00e1l tanult gazd\u00e1lkodni. Ny\u00e1r\u00e1dremet\u00e9n, V\u00e1rmez\u0151ben lett \u00f6n\u00e1ll\u00f3 gazda.Az els\u0151 vh.-ban a 9. h. h. e.-ben az orosz \u00e9s olasz fronton harcolt mint szakaszvezet\u0151. Tekint\u00e9lyes polg\u00e1ra a k\u00f6zs\u00e9gnek, a MP tagja volt. <br \/><strong>Irod.:<\/strong> Sz\u00e9kelyf\u00f6ld \u00ed.k<\/br><\/p>\n","protected":false},"excerpt":{"rendered":"<p>Ny\u00e1r\u00e1dselye, 1898., \u2020\u00a0?: gazd\u00e1lkod\u00f3. \u2013 Iskol\u00e1i elv\u00e9gz\u00e9se ut\u00e1n a sz\u00fcl\u0151i h\u00e1zn\u00e1l tanult gazd\u00e1lkodni. Ny\u00e1r\u00e1dremet\u00e9n, V\u00e1rmez\u0151ben lett \u00f6n\u00e1ll\u00f3 gazda.Az els\u0151 vh.-ban a 9. h. h. e.-ben az orosz \u00e9s olasz fronton harcolt mint szakaszvezet\u0151. Tekint\u00e9lyes polg\u00e1ra a k\u00f6zs\u00e9gnek, a MP tagja volt. Irod.: Sz\u00e9kelyf\u00f6ld \u00ed.k<\/p>\n","protected":false},"featured_media":0,"comment_status":"open","ping_status":"closed","template":"","meta":[],"product_brand":[],"product_cat":[137],"product_tag":[],"class_list":{"0":"post-14807","1":"product","2":"type-product","3":"status-publish","5":"product_cat-maros-megyei-eletrajzi-lexikon","7":"first","8":"instock","9":"shipping-taxable","10":"product-type-simple"},"_links":{"self":[{"href":"https:\/\/uj.adatbank.ro\/lexikon\/wp-json\/wp\/v2\/product\/14807","targetHints":{"allow":["GET"]}}],"collection":[{"href":"https:\/\/uj.adatbank.ro\/lexikon\/wp-json\/wp\/v2\/product"}],"about":[{"href":"https:\/\/uj.adatbank.ro\/lexikon\/wp-json\/wp\/v2\/types\/product"}],"replies":[{"embeddable":true,"href":"https:\/\/uj.adatbank.ro\/lexikon\/wp-json\/wp\/v2\/comments?post=14807"}],"wp:attachment":[{"href":"https:\/\/uj.adatbank.ro\/lexikon\/wp-json\/wp\/v2\/media?parent=14807"}],"wp:term":[{"taxonomy":"product_brand","embeddable":true,"href":"https:\/\/uj.adatbank.ro\/lexikon\/wp-json\/wp\/v2\/product_brand?post=14807"},{"taxonomy":"product_cat","embeddable":true,"href":"https:\/\/uj.adatbank.ro\/lexikon\/wp-json\/wp\/v2\/product_cat?post=14807"},{"taxonomy":"product_tag","embeddable":true,"href":"https:\/\/uj.adatbank.ro\/lexikon\/wp-json\/wp\/v2\/product_tag?post=14807"}],"curies":[{"name":"wp","href":"https:\/\/api.w.org\/{rel}","templated":true}]}}