{"id":14808,"date":"2025-07-15T13:14:20","date_gmt":"2025-07-15T11:14:20","guid":{"rendered":"https:\/\/uj.adatbank.ro\/lexikon\/termek\/marton-lazar\/"},"modified":"2025-07-15T13:14:20","modified_gmt":"2025-07-15T11:14:20","slug":"marton-lazar","status":"publish","type":"product","link":"https:\/\/uj.adatbank.ro\/lexikon\/termek\/marton-lazar\/","title":{"rendered":"M\u00c1RTON L\u00e1z\u00e1r"},"content":{"rendered":"<p>? \u2020 ?: szab\u00f3. \u2013 Szab\u00f3mester volt Mv.-en. Az I. vh.-ban a 16. t\u0171z\u00e9rezredben volt t\u0171z\u00e9r (1916. szept.\u201318. nov.). Az olasz \u00e9s rom\u00e1n harct\u00e9ren teljes\u00edtett arcvonalszolg\u00e1latot, hadirokkant. \u2013 <strong>Kit\u00fcntet\u00e9sei:<\/strong> K\u00e1roly cs. k. ig. a. <br \/><strong>Irod.:<\/strong> M. hadviselt zsid\u00f3k<\/br><\/p>\n","protected":false},"excerpt":{"rendered":"<p>? \u2020 ?: szab\u00f3. \u2013 Szab\u00f3mester volt Mv.-en. Az I. vh.-ban a 16. t\u0171z\u00e9rezredben volt t\u0171z\u00e9r (1916. szept.\u201318. nov.). Az olasz \u00e9s rom\u00e1n harct\u00e9ren teljes\u00edtett arcvonalszolg\u00e1latot, hadirokkant. \u2013 Kit\u00fcntet\u00e9sei: K\u00e1roly cs. k. ig. a. Irod.: M. hadviselt zsid\u00f3k<\/p>\n","protected":false},"featured_media":0,"comment_status":"open","ping_status":"closed","template":"","meta":[],"product_brand":[],"product_cat":[137],"product_tag":[],"class_list":{"0":"post-14808","1":"product","2":"type-product","3":"status-publish","5":"product_cat-maros-megyei-eletrajzi-lexikon","7":"first","8":"instock","9":"shipping-taxable","10":"product-type-simple"},"_links":{"self":[{"href":"https:\/\/uj.adatbank.ro\/lexikon\/wp-json\/wp\/v2\/product\/14808","targetHints":{"allow":["GET"]}}],"collection":[{"href":"https:\/\/uj.adatbank.ro\/lexikon\/wp-json\/wp\/v2\/product"}],"about":[{"href":"https:\/\/uj.adatbank.ro\/lexikon\/wp-json\/wp\/v2\/types\/product"}],"replies":[{"embeddable":true,"href":"https:\/\/uj.adatbank.ro\/lexikon\/wp-json\/wp\/v2\/comments?post=14808"}],"wp:attachment":[{"href":"https:\/\/uj.adatbank.ro\/lexikon\/wp-json\/wp\/v2\/media?parent=14808"}],"wp:term":[{"taxonomy":"product_brand","embeddable":true,"href":"https:\/\/uj.adatbank.ro\/lexikon\/wp-json\/wp\/v2\/product_brand?post=14808"},{"taxonomy":"product_cat","embeddable":true,"href":"https:\/\/uj.adatbank.ro\/lexikon\/wp-json\/wp\/v2\/product_cat?post=14808"},{"taxonomy":"product_tag","embeddable":true,"href":"https:\/\/uj.adatbank.ro\/lexikon\/wp-json\/wp\/v2\/product_tag?post=14808"}],"curies":[{"name":"wp","href":"https:\/\/api.w.org\/{rel}","templated":true}]}}