{"id":14810,"date":"2025-07-15T13:14:23","date_gmt":"2025-07-15T11:14:23","guid":{"rendered":"https:\/\/uj.adatbank.ro\/lexikon\/termek\/marton-magdolna-matild-marton-tilda\/"},"modified":"2025-07-15T13:14:23","modified_gmt":"2025-07-15T11:14:23","slug":"marton-magdolna-matild-marton-tilda","status":"publish","type":"product","link":"https:\/\/uj.adatbank.ro\/lexikon\/termek\/marton-magdolna-matild-marton-tilda\/","title":{"rendered":"M\u00c1RTON Magdolna Matild, M\u00e1rton Tilda"},"content":{"rendered":"<p>Szov\u00e1ta, 1926. j\u00fan. 13., \u2020 Bp., 1989. febr. 28. a mv.-i ref temet\u0151ben nyugszik: tan\u00edt\u00f3n\u0151. Testv\u00e9rei.Mih\u00e1ly, tan\u00e1r Szov\u00e1t\u00e1n; Errn\u0151, igazgat\u00f3-tan\u00edt\u00f3 a torboszl\u00f3i iskol\u00e1ban; Kl\u00e1ra, akir\u0151l gondoskodik.. F\u00e9rje: M\u00e1rton Gy\u00f6rgy, a 4.sz. 7 \u00e9ves m. nyelv\u0171 vegyes iskola igazgat\u00f3ja. \u2013 A Szab\u00f3 Mih\u00e1ly volt a , m\u00e9sz\u00e1ros-hentes volt, a M\u00e1jus 1. sz\u00f6vetkezet alkalmazottja, \u00e9s Ilona le\u00e1nya. \u2013 Az elemi iskol\u00e1t Szov\u00e1t\u00e1n, a tan\u00edt\u00f3k\u00e9pz\u0151t Sz\u00e9kelyudvarhelyen, \u00e9s Mv.-en v\u00e9gezte (1946). Szov\u00e1t\u00e1n tan\u00edtott (1947\u201348). Beiratkozott a Sziniakad\u00e9mi\u00e1ra, m\u00e1sf\u00e9l \u00e9vet v\u00e9gzett (1948\u201350), ism\u00e9t Szov\u00e1t\u00e1n tan\u00edtott (1950\u201351), f\u00e9rjhez ment, Nagyv\u00e1radon a tartom\u00e1nyi n\u00e9ptan\u00e1csn\u00e1l dolgozott (1951\u201352), majd f\u00e9rj\u00e9vel visszak\u00f6lt\u00f6z\u00f6tt Mv.-re, a Ranghe\u0163 L\u00edc.-ban (volt Ref. Koll.) tan\u00edtott (1952\u201354). A B\u00e1bsz\u00ednh\u00e1zban volt sz\u00edn\u00e9sz, \u00bbaz aranycsapat tagja\u00ab (1954\u201357). Ism\u00e9t tan\u00edtott nyugd\u00edjaz\u00e1s\u00e1ig (1958\u201378). \u2013 <strong>F. m.:<\/strong> Napl\u00f3 1943\u20131946. (Cs\u00edkszereda, 2011.). <br \/><strong>Irod.:<\/strong> Szab\u00f3 Magdolna Matild: Napl\u00f3: 1943\u20131946. F\u00fcggel\u00e9k: \u00d6n\u00e9letrajz (Cs\u00edkszereda, 2011)<\/br><\/p>\n","protected":false},"excerpt":{"rendered":"<p>Szov\u00e1ta, 1926. j\u00fan. 13., \u2020 Bp., 1989. febr. 28. a mv.-i ref temet\u0151ben nyugszik: tan\u00edt\u00f3n\u0151. Testv\u00e9rei.Mih\u00e1ly, tan\u00e1r Szov\u00e1t\u00e1n; Errn\u0151, igazgat\u00f3-tan\u00edt\u00f3 a torboszl\u00f3i iskol\u00e1ban; Kl\u00e1ra, akir\u0151l gondoskodik.. F\u00e9rje: M\u00e1rton Gy\u00f6rgy, a 4.sz. 7 \u00e9ves m. nyelv\u0171 vegyes iskola igazgat\u00f3ja. \u2013 A Szab\u00f3 Mih\u00e1ly volt a , m\u00e9sz\u00e1ros-hentes volt, a M\u00e1jus 1. sz\u00f6vetkezet alkalmazottja, \u00e9s Ilona le\u00e1nya. [&hellip;]<\/p>\n","protected":false},"featured_media":0,"comment_status":"open","ping_status":"closed","template":"","meta":[],"product_brand":[],"product_cat":[137],"product_tag":[],"class_list":{"0":"post-14810","1":"product","2":"type-product","3":"status-publish","5":"product_cat-maros-megyei-eletrajzi-lexikon","7":"first","8":"instock","9":"shipping-taxable","10":"product-type-simple"},"_links":{"self":[{"href":"https:\/\/uj.adatbank.ro\/lexikon\/wp-json\/wp\/v2\/product\/14810","targetHints":{"allow":["GET"]}}],"collection":[{"href":"https:\/\/uj.adatbank.ro\/lexikon\/wp-json\/wp\/v2\/product"}],"about":[{"href":"https:\/\/uj.adatbank.ro\/lexikon\/wp-json\/wp\/v2\/types\/product"}],"replies":[{"embeddable":true,"href":"https:\/\/uj.adatbank.ro\/lexikon\/wp-json\/wp\/v2\/comments?post=14810"}],"wp:attachment":[{"href":"https:\/\/uj.adatbank.ro\/lexikon\/wp-json\/wp\/v2\/media?parent=14810"}],"wp:term":[{"taxonomy":"product_brand","embeddable":true,"href":"https:\/\/uj.adatbank.ro\/lexikon\/wp-json\/wp\/v2\/product_brand?post=14810"},{"taxonomy":"product_cat","embeddable":true,"href":"https:\/\/uj.adatbank.ro\/lexikon\/wp-json\/wp\/v2\/product_cat?post=14810"},{"taxonomy":"product_tag","embeddable":true,"href":"https:\/\/uj.adatbank.ro\/lexikon\/wp-json\/wp\/v2\/product_tag?post=14810"}],"curies":[{"name":"wp","href":"https:\/\/api.w.org\/{rel}","templated":true}]}}