{"id":14812,"date":"2025-07-15T13:14:26","date_gmt":"2025-07-15T11:14:26","guid":{"rendered":"https:\/\/uj.adatbank.ro\/lexikon\/termek\/marton-miksa-marton-miksa\/"},"modified":"2025-07-15T13:14:26","modified_gmt":"2025-07-15T11:14:26","slug":"marton-miksa-marton-miksa","status":"publish","type":"product","link":"https:\/\/uj.adatbank.ro\/lexikon\/termek\/marton-miksa-marton-miksa\/","title":{"rendered":"MARTON Miksa; M\u00e1rton Miksa"},"content":{"rendered":"<p>? \u2020\u00a0rabbi. \u2013 Dics\u0151szentm\u00e1rtonban szorgalmazta az izraelita templom fel\u00e9p\u00edt\u00e9s\u00e9t.. <br \/><strong>Irod.:<\/strong> Zichy Herman\u00a0: Magyar zsid\u00f3k a milleniumon (Bp., 1896)<\/br><\/p>\n","protected":false},"excerpt":{"rendered":"<p>? \u2020\u00a0rabbi. \u2013 Dics\u0151szentm\u00e1rtonban szorgalmazta az izraelita templom fel\u00e9p\u00edt\u00e9s\u00e9t.. Irod.: Zichy Herman\u00a0: Magyar zsid\u00f3k a milleniumon (Bp., 1896)<\/p>\n","protected":false},"featured_media":0,"comment_status":"open","ping_status":"closed","template":"","meta":[],"product_brand":[],"product_cat":[137],"product_tag":[],"class_list":{"0":"post-14812","1":"product","2":"type-product","3":"status-publish","5":"product_cat-maros-megyei-eletrajzi-lexikon","7":"first","8":"instock","9":"shipping-taxable","10":"product-type-simple"},"_links":{"self":[{"href":"https:\/\/uj.adatbank.ro\/lexikon\/wp-json\/wp\/v2\/product\/14812","targetHints":{"allow":["GET"]}}],"collection":[{"href":"https:\/\/uj.adatbank.ro\/lexikon\/wp-json\/wp\/v2\/product"}],"about":[{"href":"https:\/\/uj.adatbank.ro\/lexikon\/wp-json\/wp\/v2\/types\/product"}],"replies":[{"embeddable":true,"href":"https:\/\/uj.adatbank.ro\/lexikon\/wp-json\/wp\/v2\/comments?post=14812"}],"wp:attachment":[{"href":"https:\/\/uj.adatbank.ro\/lexikon\/wp-json\/wp\/v2\/media?parent=14812"}],"wp:term":[{"taxonomy":"product_brand","embeddable":true,"href":"https:\/\/uj.adatbank.ro\/lexikon\/wp-json\/wp\/v2\/product_brand?post=14812"},{"taxonomy":"product_cat","embeddable":true,"href":"https:\/\/uj.adatbank.ro\/lexikon\/wp-json\/wp\/v2\/product_cat?post=14812"},{"taxonomy":"product_tag","embeddable":true,"href":"https:\/\/uj.adatbank.ro\/lexikon\/wp-json\/wp\/v2\/product_tag?post=14812"}],"curies":[{"name":"wp","href":"https:\/\/api.w.org\/{rel}","templated":true}]}}