{"id":14813,"date":"2025-07-15T13:14:29","date_gmt":"2025-07-15T11:14:29","guid":{"rendered":"https:\/\/uj.adatbank.ro\/lexikon\/termek\/marton-mozes\/"},"modified":"2025-07-15T13:14:29","modified_gmt":"2025-07-15T11:14:29","slug":"marton-mozes","status":"publish","type":"product","link":"https:\/\/uj.adatbank.ro\/lexikon\/termek\/marton-mozes\/","title":{"rendered":"M\u00c1RTON M\u00f3zes"},"content":{"rendered":"<p>1806. m\u00e1rc. 25., \u2020\u00a01848.nov.2.: r. k. pap.  \u2013 Papp\u00e1 szentelt\u00e9k (1829. szept. 21.). K\u00e1pl\u00e1n Cs\u00edkr\u00e1koson,  pl\u00e9b\u00e1nos Ny\u00e1r\u00e1dk\u00f6szv\u00e9nyes- Ny\u00e1r\u00e1dremet\u00e9n nyugd\u00edjaz\u00e1s\u00e1ig  (1830\u201348). <br \/><strong>Irod.:<\/strong> Ferenczi S\u00e1ndor 2009; Maros megyei m.t\u00f6rt.5.<\/br><\/p>\n","protected":false},"excerpt":{"rendered":"<p>1806. m\u00e1rc. 25., \u2020\u00a01848.nov.2.: r. k. pap. \u2013 Papp\u00e1 szentelt\u00e9k (1829. szept. 21.). K\u00e1pl\u00e1n Cs\u00edkr\u00e1koson, pl\u00e9b\u00e1nos Ny\u00e1r\u00e1dk\u00f6szv\u00e9nyes- Ny\u00e1r\u00e1dremet\u00e9n nyugd\u00edjaz\u00e1s\u00e1ig (1830\u201348). Irod.: Ferenczi S\u00e1ndor 2009; Maros megyei m.t\u00f6rt.5.<\/p>\n","protected":false},"featured_media":0,"comment_status":"open","ping_status":"closed","template":"","meta":[],"product_brand":[],"product_cat":[137],"product_tag":[],"class_list":{"0":"post-14813","1":"product","2":"type-product","3":"status-publish","5":"product_cat-maros-megyei-eletrajzi-lexikon","7":"first","8":"instock","9":"shipping-taxable","10":"product-type-simple"},"_links":{"self":[{"href":"https:\/\/uj.adatbank.ro\/lexikon\/wp-json\/wp\/v2\/product\/14813","targetHints":{"allow":["GET"]}}],"collection":[{"href":"https:\/\/uj.adatbank.ro\/lexikon\/wp-json\/wp\/v2\/product"}],"about":[{"href":"https:\/\/uj.adatbank.ro\/lexikon\/wp-json\/wp\/v2\/types\/product"}],"replies":[{"embeddable":true,"href":"https:\/\/uj.adatbank.ro\/lexikon\/wp-json\/wp\/v2\/comments?post=14813"}],"wp:attachment":[{"href":"https:\/\/uj.adatbank.ro\/lexikon\/wp-json\/wp\/v2\/media?parent=14813"}],"wp:term":[{"taxonomy":"product_brand","embeddable":true,"href":"https:\/\/uj.adatbank.ro\/lexikon\/wp-json\/wp\/v2\/product_brand?post=14813"},{"taxonomy":"product_cat","embeddable":true,"href":"https:\/\/uj.adatbank.ro\/lexikon\/wp-json\/wp\/v2\/product_cat?post=14813"},{"taxonomy":"product_tag","embeddable":true,"href":"https:\/\/uj.adatbank.ro\/lexikon\/wp-json\/wp\/v2\/product_tag?post=14813"}],"curies":[{"name":"wp","href":"https:\/\/api.w.org\/{rel}","templated":true}]}}