{"id":14814,"date":"2025-07-15T13:14:31","date_gmt":"2025-07-15T11:14:31","guid":{"rendered":"https:\/\/uj.adatbank.ro\/lexikon\/termek\/marton-novak\/"},"modified":"2025-07-15T13:14:31","modified_gmt":"2025-07-15T11:14:31","slug":"marton-novak","status":"publish","type":"product","link":"https:\/\/uj.adatbank.ro\/lexikon\/termek\/marton-novak\/","title":{"rendered":"M\u00c1RTON Nov\u00e1k"},"content":{"rendered":"<p>1740.\u00a0?, \u2020\u00a01808.: keresked\u0151. \u2013 A mv.-i keresked\u0151, a Pl\u00e9b\u00e1niatemplom kript\u00e1j\u00e1ba temett\u00e9k. <br \/><strong>Irod.:<\/strong> Mv.-i Pl\u00e9b\u00e1niatemplom kript\u00e1ja<\/br><\/p>\n","protected":false},"excerpt":{"rendered":"<p>1740.\u00a0?, \u2020\u00a01808.: keresked\u0151. \u2013 A mv.-i keresked\u0151, a Pl\u00e9b\u00e1niatemplom kript\u00e1j\u00e1ba temett\u00e9k. Irod.: Mv.-i Pl\u00e9b\u00e1niatemplom kript\u00e1ja<\/p>\n","protected":false},"featured_media":0,"comment_status":"open","ping_status":"closed","template":"","meta":[],"product_brand":[],"product_cat":[137],"product_tag":[],"class_list":{"0":"post-14814","1":"product","2":"type-product","3":"status-publish","5":"product_cat-maros-megyei-eletrajzi-lexikon","7":"first","8":"instock","9":"shipping-taxable","10":"product-type-simple"},"_links":{"self":[{"href":"https:\/\/uj.adatbank.ro\/lexikon\/wp-json\/wp\/v2\/product\/14814","targetHints":{"allow":["GET"]}}],"collection":[{"href":"https:\/\/uj.adatbank.ro\/lexikon\/wp-json\/wp\/v2\/product"}],"about":[{"href":"https:\/\/uj.adatbank.ro\/lexikon\/wp-json\/wp\/v2\/types\/product"}],"replies":[{"embeddable":true,"href":"https:\/\/uj.adatbank.ro\/lexikon\/wp-json\/wp\/v2\/comments?post=14814"}],"wp:attachment":[{"href":"https:\/\/uj.adatbank.ro\/lexikon\/wp-json\/wp\/v2\/media?parent=14814"}],"wp:term":[{"taxonomy":"product_brand","embeddable":true,"href":"https:\/\/uj.adatbank.ro\/lexikon\/wp-json\/wp\/v2\/product_brand?post=14814"},{"taxonomy":"product_cat","embeddable":true,"href":"https:\/\/uj.adatbank.ro\/lexikon\/wp-json\/wp\/v2\/product_cat?post=14814"},{"taxonomy":"product_tag","embeddable":true,"href":"https:\/\/uj.adatbank.ro\/lexikon\/wp-json\/wp\/v2\/product_tag?post=14814"}],"curies":[{"name":"wp","href":"https:\/\/api.w.org\/{rel}","templated":true}]}}