{"id":14815,"date":"2025-07-15T13:14:33","date_gmt":"2025-07-15T11:14:33","guid":{"rendered":"https:\/\/uj.adatbank.ro\/lexikon\/termek\/marton-pal-paulus\/"},"modified":"2025-07-15T13:14:33","modified_gmt":"2025-07-15T11:14:33","slug":"marton-pal-paulus","status":"publish","type":"product","link":"https:\/\/uj.adatbank.ro\/lexikon\/termek\/marton-pal-paulus\/","title":{"rendered":"MARTON P\u00e1l \/ Paulus"},"content":{"rendered":"<p>Mv., 1798. \u2020 ?: gy\u00f3gyszer\u00e9sz.\u201332 \u00e9ves, amiko seb\u00e9szhallgat\u00f3 Pesten (1826\u201330). Gy\u00f3gyszer\u00e9szmesteri vizsg\u00e1t tett (1829\u201330). El\u0151z\u0151leg humanior\u00e1kat (idegen nyelvek \u00e9s kult\u00far\u00e1k, els\u0151sorban a klasszikus \u00f3kori g\u00f6r\u00f6g \u00e9s latin m\u0171velts\u00e9gek) \u00e9s b\u00f6lcs\u00e9szetet tanult. <br \/><strong>Irod.:<\/strong> Szab\u00f3 Mikl\u00f3s 2005<\/br><\/p>\n","protected":false},"excerpt":{"rendered":"<p>Mv., 1798. \u2020 ?: gy\u00f3gyszer\u00e9sz.\u201332 \u00e9ves, amiko seb\u00e9szhallgat\u00f3 Pesten (1826\u201330). Gy\u00f3gyszer\u00e9szmesteri vizsg\u00e1t tett (1829\u201330). El\u0151z\u0151leg humanior\u00e1kat (idegen nyelvek \u00e9s kult\u00far\u00e1k, els\u0151sorban a klasszikus \u00f3kori g\u00f6r\u00f6g \u00e9s latin m\u0171velts\u00e9gek) \u00e9s b\u00f6lcs\u00e9szetet tanult. Irod.: Szab\u00f3 Mikl\u00f3s 2005<\/p>\n","protected":false},"featured_media":0,"comment_status":"open","ping_status":"closed","template":"","meta":[],"product_brand":[],"product_cat":[137],"product_tag":[],"class_list":{"0":"post-14815","1":"product","2":"type-product","3":"status-publish","5":"product_cat-maros-megyei-eletrajzi-lexikon","7":"first","8":"instock","9":"shipping-taxable","10":"product-type-simple"},"_links":{"self":[{"href":"https:\/\/uj.adatbank.ro\/lexikon\/wp-json\/wp\/v2\/product\/14815","targetHints":{"allow":["GET"]}}],"collection":[{"href":"https:\/\/uj.adatbank.ro\/lexikon\/wp-json\/wp\/v2\/product"}],"about":[{"href":"https:\/\/uj.adatbank.ro\/lexikon\/wp-json\/wp\/v2\/types\/product"}],"replies":[{"embeddable":true,"href":"https:\/\/uj.adatbank.ro\/lexikon\/wp-json\/wp\/v2\/comments?post=14815"}],"wp:attachment":[{"href":"https:\/\/uj.adatbank.ro\/lexikon\/wp-json\/wp\/v2\/media?parent=14815"}],"wp:term":[{"taxonomy":"product_brand","embeddable":true,"href":"https:\/\/uj.adatbank.ro\/lexikon\/wp-json\/wp\/v2\/product_brand?post=14815"},{"taxonomy":"product_cat","embeddable":true,"href":"https:\/\/uj.adatbank.ro\/lexikon\/wp-json\/wp\/v2\/product_cat?post=14815"},{"taxonomy":"product_tag","embeddable":true,"href":"https:\/\/uj.adatbank.ro\/lexikon\/wp-json\/wp\/v2\/product_tag?post=14815"}],"curies":[{"name":"wp","href":"https:\/\/api.w.org\/{rel}","templated":true}]}}