{"id":14816,"date":"2025-07-15T13:14:34","date_gmt":"2025-07-15T11:14:34","guid":{"rendered":"https:\/\/uj.adatbank.ro\/lexikon\/termek\/marton-peter-nyaradszentbenedeki\/"},"modified":"2025-07-15T13:14:34","modified_gmt":"2025-07-15T11:14:34","slug":"marton-peter-nyaradszentbenedeki","status":"publish","type":"product","link":"https:\/\/uj.adatbank.ro\/lexikon\/termek\/marton-peter-nyaradszentbenedeki\/","title":{"rendered":"M\u00c1RTON P\u00e9ter, ny\u00e1r\u00e1dszentbenedeki"},"content":{"rendered":"<p>? \u2020\u00a0?: marossz\u00e9ki f\u0151ember. \u2013 Ny\u00e1r\u00e1d menti embereivel, 13 famili\u00e1ris\u00e1val, l\u00f3f\u0151kkel bet\u00f6rt Mv.-re, meggyal\u00e1zta a pl\u00e9b\u00e1niatemplomot, a temet\u0151t (1497). Felt\u00e9telezhet\u0151 hogy k\u00f6ze volt L\u0151rinc pl\u00e9b\u00e1nos meggyilkol\u00e1s\u00e1hoz, ez\u00e9rt Kissz\u0151l\u0151si, uralyi, petelei \u00e9s m\u00e9hesi birtokr\u00e9szeit, ny\u00e1r\u00e1dszentbenedeki, vajai l\u0151f\u0151s\u00e9geit \u00e9s szentmikl\u00f3si sz\u00e9kely \u00f6r\u00f6ks\u00e9geit Vingr\u00e1di Ger\u00e9b L\u00e1szl\u00f3 erd\u00e9lyi p\u00fcsp\u00f6knek adt\u00e1k (1497). <br \/><strong>Irod.:<\/strong> Ferenczi 2012; P\u00e1l-Antal 2009; Sz\u00e9kelyf\u00f6ld t\u00f6rt.1.<\/br><\/p>\n","protected":false},"excerpt":{"rendered":"<p>? \u2020\u00a0?: marossz\u00e9ki f\u0151ember. \u2013 Ny\u00e1r\u00e1d menti embereivel, 13 famili\u00e1ris\u00e1val, l\u00f3f\u0151kkel bet\u00f6rt Mv.-re, meggyal\u00e1zta a pl\u00e9b\u00e1niatemplomot, a temet\u0151t (1497). Felt\u00e9telezhet\u0151 hogy k\u00f6ze volt L\u0151rinc pl\u00e9b\u00e1nos meggyilkol\u00e1s\u00e1hoz, ez\u00e9rt Kissz\u0151l\u0151si, uralyi, petelei \u00e9s m\u00e9hesi birtokr\u00e9szeit, ny\u00e1r\u00e1dszentbenedeki, vajai l\u0151f\u0151s\u00e9geit \u00e9s szentmikl\u00f3si sz\u00e9kely \u00f6r\u00f6ks\u00e9geit Vingr\u00e1di Ger\u00e9b L\u00e1szl\u00f3 erd\u00e9lyi p\u00fcsp\u00f6knek adt\u00e1k (1497). Irod.: Ferenczi 2012; P\u00e1l-Antal 2009; Sz\u00e9kelyf\u00f6ld t\u00f6rt.1.<\/p>\n","protected":false},"featured_media":0,"comment_status":"open","ping_status":"closed","template":"","meta":[],"product_brand":[],"product_cat":[137],"product_tag":[],"class_list":{"0":"post-14816","1":"product","2":"type-product","3":"status-publish","5":"product_cat-maros-megyei-eletrajzi-lexikon","7":"first","8":"instock","9":"shipping-taxable","10":"product-type-simple"},"_links":{"self":[{"href":"https:\/\/uj.adatbank.ro\/lexikon\/wp-json\/wp\/v2\/product\/14816","targetHints":{"allow":["GET"]}}],"collection":[{"href":"https:\/\/uj.adatbank.ro\/lexikon\/wp-json\/wp\/v2\/product"}],"about":[{"href":"https:\/\/uj.adatbank.ro\/lexikon\/wp-json\/wp\/v2\/types\/product"}],"replies":[{"embeddable":true,"href":"https:\/\/uj.adatbank.ro\/lexikon\/wp-json\/wp\/v2\/comments?post=14816"}],"wp:attachment":[{"href":"https:\/\/uj.adatbank.ro\/lexikon\/wp-json\/wp\/v2\/media?parent=14816"}],"wp:term":[{"taxonomy":"product_brand","embeddable":true,"href":"https:\/\/uj.adatbank.ro\/lexikon\/wp-json\/wp\/v2\/product_brand?post=14816"},{"taxonomy":"product_cat","embeddable":true,"href":"https:\/\/uj.adatbank.ro\/lexikon\/wp-json\/wp\/v2\/product_cat?post=14816"},{"taxonomy":"product_tag","embeddable":true,"href":"https:\/\/uj.adatbank.ro\/lexikon\/wp-json\/wp\/v2\/product_tag?post=14816"}],"curies":[{"name":"wp","href":"https:\/\/api.w.org\/{rel}","templated":true}]}}