{"id":14819,"date":"2025-07-15T13:14:41","date_gmt":"2025-07-15T11:14:41","guid":{"rendered":"https:\/\/uj.adatbank.ro\/lexikon\/termek\/marton-sandor-marton-alexander\/"},"modified":"2025-07-15T13:14:41","modified_gmt":"2025-07-15T11:14:41","slug":"marton-sandor-marton-alexander","status":"publish","type":"product","link":"https:\/\/uj.adatbank.ro\/lexikon\/termek\/marton-sandor-marton-alexander\/","title":{"rendered":"M\u00c1RTON S\u00e1ndor, M\u00e1rton Alexander"},"content":{"rendered":"<p>Somosd, ? \u2020 ?: mez\u0151gazd\u00e1sz. \u2013 Keszthelyen a mez\u0151gazdas\u00e1gi f\u0151iskol\u00e1ban k\u00e9pezte mag\u00e1t, tant\u00e1rgyai: \u00e1llattan, \u00e1llatorvosi ismeretek, kert\u00e9szet, agrotechnika, falusi \u00e9p\u00edt\u00e9szet, sz\u00e1mtart\u00e1s, mez\u0151gazd\u00e1lkod\u00e1s, stb. (1837. febr. 12). <br \/><strong>Irod.:<\/strong> Szab\u00f3 Mikl\u00f3s 2005<\/br><\/p>\n","protected":false},"excerpt":{"rendered":"<p>Somosd, ? \u2020 ?: mez\u0151gazd\u00e1sz. \u2013 Keszthelyen a mez\u0151gazdas\u00e1gi f\u0151iskol\u00e1ban k\u00e9pezte mag\u00e1t, tant\u00e1rgyai: \u00e1llattan, \u00e1llatorvosi ismeretek, kert\u00e9szet, agrotechnika, falusi \u00e9p\u00edt\u00e9szet, sz\u00e1mtart\u00e1s, mez\u0151gazd\u00e1lkod\u00e1s, stb. (1837. febr. 12). Irod.: Szab\u00f3 Mikl\u00f3s 2005<\/p>\n","protected":false},"featured_media":0,"comment_status":"open","ping_status":"closed","template":"","meta":[],"product_brand":[],"product_cat":[137],"product_tag":[],"class_list":{"0":"post-14819","1":"product","2":"type-product","3":"status-publish","5":"product_cat-maros-megyei-eletrajzi-lexikon","7":"first","8":"instock","9":"shipping-taxable","10":"product-type-simple"},"_links":{"self":[{"href":"https:\/\/uj.adatbank.ro\/lexikon\/wp-json\/wp\/v2\/product\/14819","targetHints":{"allow":["GET"]}}],"collection":[{"href":"https:\/\/uj.adatbank.ro\/lexikon\/wp-json\/wp\/v2\/product"}],"about":[{"href":"https:\/\/uj.adatbank.ro\/lexikon\/wp-json\/wp\/v2\/types\/product"}],"replies":[{"embeddable":true,"href":"https:\/\/uj.adatbank.ro\/lexikon\/wp-json\/wp\/v2\/comments?post=14819"}],"wp:attachment":[{"href":"https:\/\/uj.adatbank.ro\/lexikon\/wp-json\/wp\/v2\/media?parent=14819"}],"wp:term":[{"taxonomy":"product_brand","embeddable":true,"href":"https:\/\/uj.adatbank.ro\/lexikon\/wp-json\/wp\/v2\/product_brand?post=14819"},{"taxonomy":"product_cat","embeddable":true,"href":"https:\/\/uj.adatbank.ro\/lexikon\/wp-json\/wp\/v2\/product_cat?post=14819"},{"taxonomy":"product_tag","embeddable":true,"href":"https:\/\/uj.adatbank.ro\/lexikon\/wp-json\/wp\/v2\/product_tag?post=14819"}],"curies":[{"name":"wp","href":"https:\/\/api.w.org\/{rel}","templated":true}]}}