{"id":14824,"date":"2025-07-15T13:14:50","date_gmt":"2025-07-15T11:14:50","guid":{"rendered":"https:\/\/uj.adatbank.ro\/lexikon\/termek\/martonfalvi-gyorgy\/"},"modified":"2025-07-15T13:14:50","modified_gmt":"2025-07-15T11:14:50","slug":"martonfalvi-gyorgy","status":"publish","type":"product","link":"https:\/\/uj.adatbank.ro\/lexikon\/termek\/martonfalvi-gyorgy\/","title":{"rendered":"MARTONFALVI Gy\u00f6rgy"},"content":{"rendered":"<p>? \u2020 ? : ref. lelk\u00e9sz. \u2013 Ny\u00e1r\u00e1dkar\u00e1csony falv\u00e1n m\u0171k\u00f6d\u00f6tt (1718\u20131719). <br \/><strong>Irod.:<\/strong> Imreh Barna<\/br><\/p>\n","protected":false},"excerpt":{"rendered":"<p>? \u2020 ? : ref. lelk\u00e9sz. \u2013 Ny\u00e1r\u00e1dkar\u00e1csony falv\u00e1n m\u0171k\u00f6d\u00f6tt (1718\u20131719). Irod.: Imreh Barna<\/p>\n","protected":false},"featured_media":0,"comment_status":"open","ping_status":"closed","template":"","meta":[],"product_brand":[],"product_cat":[137],"product_tag":[],"class_list":{"0":"post-14824","1":"product","2":"type-product","3":"status-publish","5":"product_cat-maros-megyei-eletrajzi-lexikon","7":"first","8":"instock","9":"shipping-taxable","10":"product-type-simple"},"_links":{"self":[{"href":"https:\/\/uj.adatbank.ro\/lexikon\/wp-json\/wp\/v2\/product\/14824","targetHints":{"allow":["GET"]}}],"collection":[{"href":"https:\/\/uj.adatbank.ro\/lexikon\/wp-json\/wp\/v2\/product"}],"about":[{"href":"https:\/\/uj.adatbank.ro\/lexikon\/wp-json\/wp\/v2\/types\/product"}],"replies":[{"embeddable":true,"href":"https:\/\/uj.adatbank.ro\/lexikon\/wp-json\/wp\/v2\/comments?post=14824"}],"wp:attachment":[{"href":"https:\/\/uj.adatbank.ro\/lexikon\/wp-json\/wp\/v2\/media?parent=14824"}],"wp:term":[{"taxonomy":"product_brand","embeddable":true,"href":"https:\/\/uj.adatbank.ro\/lexikon\/wp-json\/wp\/v2\/product_brand?post=14824"},{"taxonomy":"product_cat","embeddable":true,"href":"https:\/\/uj.adatbank.ro\/lexikon\/wp-json\/wp\/v2\/product_cat?post=14824"},{"taxonomy":"product_tag","embeddable":true,"href":"https:\/\/uj.adatbank.ro\/lexikon\/wp-json\/wp\/v2\/product_tag?post=14824"}],"curies":[{"name":"wp","href":"https:\/\/api.w.org\/{rel}","templated":true}]}}