{"id":14827,"date":"2025-07-15T13:14:55","date_gmt":"2025-07-15T11:14:55","guid":{"rendered":"https:\/\/uj.adatbank.ro\/lexikon\/termek\/martonffi-joakim-gergely-p\/"},"modified":"2025-07-15T13:14:55","modified_gmt":"2025-07-15T11:14:55","slug":"martonffi-joakim-gergely-p","status":"publish","type":"product","link":"https:\/\/uj.adatbank.ro\/lexikon\/termek\/martonffi-joakim-gergely-p\/","title":{"rendered":"M\u00c1RTONFFI Jo\u00e1kim Gergely, P."},"content":{"rendered":"<p>1674., \u2020 Mikh\u00e1za, 1754. m\u00e1rc. 24.: ferences szerzetes. \u2013 Be\u00f6lt\u00f6z\u00f6tt (1695. m\u00e1rc. 4.), felszentelt\u00e9k (1700. j\u00fal.). Definitor (1721\u201324, 1729\u201332).-<br \/><strong>Irod.:<\/strong> Gy\u00f6rgy: A ferencrendiek<\/br><\/p>\n","protected":false},"excerpt":{"rendered":"<p>1674., \u2020 Mikh\u00e1za, 1754. m\u00e1rc. 24.: ferences szerzetes. \u2013 Be\u00f6lt\u00f6z\u00f6tt (1695. m\u00e1rc. 4.), felszentelt\u00e9k (1700. j\u00fal.). Definitor (1721\u201324, 1729\u201332).-Irod.: Gy\u00f6rgy: A ferencrendiek<\/p>\n","protected":false},"featured_media":0,"comment_status":"open","ping_status":"closed","template":"","meta":[],"product_brand":[],"product_cat":[137],"product_tag":[],"class_list":{"0":"post-14827","1":"product","2":"type-product","3":"status-publish","5":"product_cat-maros-megyei-eletrajzi-lexikon","7":"first","8":"instock","9":"shipping-taxable","10":"product-type-simple"},"_links":{"self":[{"href":"https:\/\/uj.adatbank.ro\/lexikon\/wp-json\/wp\/v2\/product\/14827","targetHints":{"allow":["GET"]}}],"collection":[{"href":"https:\/\/uj.adatbank.ro\/lexikon\/wp-json\/wp\/v2\/product"}],"about":[{"href":"https:\/\/uj.adatbank.ro\/lexikon\/wp-json\/wp\/v2\/types\/product"}],"replies":[{"embeddable":true,"href":"https:\/\/uj.adatbank.ro\/lexikon\/wp-json\/wp\/v2\/comments?post=14827"}],"wp:attachment":[{"href":"https:\/\/uj.adatbank.ro\/lexikon\/wp-json\/wp\/v2\/media?parent=14827"}],"wp:term":[{"taxonomy":"product_brand","embeddable":true,"href":"https:\/\/uj.adatbank.ro\/lexikon\/wp-json\/wp\/v2\/product_brand?post=14827"},{"taxonomy":"product_cat","embeddable":true,"href":"https:\/\/uj.adatbank.ro\/lexikon\/wp-json\/wp\/v2\/product_cat?post=14827"},{"taxonomy":"product_tag","embeddable":true,"href":"https:\/\/uj.adatbank.ro\/lexikon\/wp-json\/wp\/v2\/product_tag?post=14827"}],"curies":[{"name":"wp","href":"https:\/\/api.w.org\/{rel}","templated":true}]}}