{"id":14828,"date":"2025-07-15T13:14:57","date_gmt":"2025-07-15T11:14:57","guid":{"rendered":"https:\/\/uj.adatbank.ro\/lexikon\/termek\/martonffy-andras\/"},"modified":"2025-07-15T13:14:57","modified_gmt":"2025-07-15T11:14:57","slug":"martonffy-andras","status":"publish","type":"product","link":"https:\/\/uj.adatbank.ro\/lexikon\/termek\/martonffy-andras\/","title":{"rendered":"M\u00c1RTONFFY Andr\u00e1s"},"content":{"rendered":"<p>? \u2020\u00a0?: r.k. pap. \u2013 Nagyernyei pl\u00e9b\u00e1nos (1729\u201331). Visszafoglalta az unit\u00e1riusokt\u00f3l a templomot, \u00e9s a k\u00f6vetkez\u0151 \u00e9vekben renov\u00e1ltatta azt (1729. okt. 20.). Kinevezt\u00e9k Maros-sz\u00e9ki esperesnek, 14 egyh\u00e1zmegye tartozott hozz\u00e1 (1738). <br \/><strong>Irod.:<\/strong> Nagyernye; P\u00e1l-Antal<\/br><\/p>\n","protected":false},"excerpt":{"rendered":"<p>? \u2020\u00a0?: r.k. pap. \u2013 Nagyernyei pl\u00e9b\u00e1nos (1729\u201331). Visszafoglalta az unit\u00e1riusokt\u00f3l a templomot, \u00e9s a k\u00f6vetkez\u0151 \u00e9vekben renov\u00e1ltatta azt (1729. okt. 20.). Kinevezt\u00e9k Maros-sz\u00e9ki esperesnek, 14 egyh\u00e1zmegye tartozott hozz\u00e1 (1738). Irod.: Nagyernye; P\u00e1l-Antal<\/p>\n","protected":false},"featured_media":0,"comment_status":"open","ping_status":"closed","template":"","meta":[],"product_brand":[],"product_cat":[137],"product_tag":[],"class_list":{"0":"post-14828","1":"product","2":"type-product","3":"status-publish","5":"product_cat-maros-megyei-eletrajzi-lexikon","7":"first","8":"instock","9":"shipping-taxable","10":"product-type-simple"},"_links":{"self":[{"href":"https:\/\/uj.adatbank.ro\/lexikon\/wp-json\/wp\/v2\/product\/14828","targetHints":{"allow":["GET"]}}],"collection":[{"href":"https:\/\/uj.adatbank.ro\/lexikon\/wp-json\/wp\/v2\/product"}],"about":[{"href":"https:\/\/uj.adatbank.ro\/lexikon\/wp-json\/wp\/v2\/types\/product"}],"replies":[{"embeddable":true,"href":"https:\/\/uj.adatbank.ro\/lexikon\/wp-json\/wp\/v2\/comments?post=14828"}],"wp:attachment":[{"href":"https:\/\/uj.adatbank.ro\/lexikon\/wp-json\/wp\/v2\/media?parent=14828"}],"wp:term":[{"taxonomy":"product_brand","embeddable":true,"href":"https:\/\/uj.adatbank.ro\/lexikon\/wp-json\/wp\/v2\/product_brand?post=14828"},{"taxonomy":"product_cat","embeddable":true,"href":"https:\/\/uj.adatbank.ro\/lexikon\/wp-json\/wp\/v2\/product_cat?post=14828"},{"taxonomy":"product_tag","embeddable":true,"href":"https:\/\/uj.adatbank.ro\/lexikon\/wp-json\/wp\/v2\/product_tag?post=14828"}],"curies":[{"name":"wp","href":"https:\/\/api.w.org\/{rel}","templated":true}]}}