{"id":14830,"date":"2025-07-15T13:15:02","date_gmt":"2025-07-15T11:15:02","guid":{"rendered":"https:\/\/uj.adatbank.ro\/lexikon\/termek\/martonffy-laszlo\/"},"modified":"2025-07-15T13:15:02","modified_gmt":"2025-07-15T11:15:02","slug":"martonffy-laszlo","status":"publish","type":"product","link":"https:\/\/uj.adatbank.ro\/lexikon\/termek\/martonffy-laszlo\/","title":{"rendered":"MARTONFFY L\u00e1szl\u00f3"},"content":{"rendered":"<p>1903 \u2020\u00a01973\u00a0: gy\u00f3gyszer\u00e9sz. \u2013 A MOGYI Gy\u00f3gyszer\u00e9szeti kar\u00e1n egyetemi tan\u00e1r. <br \/><strong>Irod.:<\/strong> Sz\u00f6ll\u0151si 2009; <\/br><\/p>\n","protected":false},"excerpt":{"rendered":"<p>1903 \u2020\u00a01973\u00a0: gy\u00f3gyszer\u00e9sz. \u2013 A MOGYI Gy\u00f3gyszer\u00e9szeti kar\u00e1n egyetemi tan\u00e1r. Irod.: Sz\u00f6ll\u0151si 2009;<\/p>\n","protected":false},"featured_media":0,"comment_status":"open","ping_status":"closed","template":"","meta":[],"product_brand":[],"product_cat":[137],"product_tag":[],"class_list":{"0":"post-14830","1":"product","2":"type-product","3":"status-publish","5":"product_cat-maros-megyei-eletrajzi-lexikon","7":"first","8":"instock","9":"shipping-taxable","10":"product-type-simple"},"_links":{"self":[{"href":"https:\/\/uj.adatbank.ro\/lexikon\/wp-json\/wp\/v2\/product\/14830","targetHints":{"allow":["GET"]}}],"collection":[{"href":"https:\/\/uj.adatbank.ro\/lexikon\/wp-json\/wp\/v2\/product"}],"about":[{"href":"https:\/\/uj.adatbank.ro\/lexikon\/wp-json\/wp\/v2\/types\/product"}],"replies":[{"embeddable":true,"href":"https:\/\/uj.adatbank.ro\/lexikon\/wp-json\/wp\/v2\/comments?post=14830"}],"wp:attachment":[{"href":"https:\/\/uj.adatbank.ro\/lexikon\/wp-json\/wp\/v2\/media?parent=14830"}],"wp:term":[{"taxonomy":"product_brand","embeddable":true,"href":"https:\/\/uj.adatbank.ro\/lexikon\/wp-json\/wp\/v2\/product_brand?post=14830"},{"taxonomy":"product_cat","embeddable":true,"href":"https:\/\/uj.adatbank.ro\/lexikon\/wp-json\/wp\/v2\/product_cat?post=14830"},{"taxonomy":"product_tag","embeddable":true,"href":"https:\/\/uj.adatbank.ro\/lexikon\/wp-json\/wp\/v2\/product_tag?post=14830"}],"curies":[{"name":"wp","href":"https:\/\/api.w.org\/{rel}","templated":true}]}}