{"id":14832,"date":"2025-07-15T13:15:05","date_gmt":"2025-07-15T11:15:05","guid":{"rendered":"https:\/\/uj.adatbank.ro\/lexikon\/termek\/martonffy-zsigmond\/"},"modified":"2025-07-15T13:15:05","modified_gmt":"2025-07-15T11:15:05","slug":"martonffy-zsigmond","status":"publish","type":"product","link":"https:\/\/uj.adatbank.ro\/lexikon\/termek\/martonffy-zsigmond\/","title":{"rendered":"MARTONFFY Zsigmond"},"content":{"rendered":"<p>Maroscsap\u00f3, 1819.?, \u2020 ? : t\u00e1blai \u00fcln\u00f6k, jegyz\u0151. \u2013 Nemesi csal\u00e1d sarja, f\u00f6ldbirtokos. \u2013 Kv.-on b\u00f6lcs\u00e9szeti oszt.-t, Keszthelyen mez\u0151gazdas\u00e1gi tanulm\u00e1nyokat  v\u00e9gzett (1845\u201346). Besz\u00e9lt magyarul, n\u00e9met\u00fcl, rom\u00e1nul, valamennyire lengyel\u00fcl \u00e9s latinul. Besorozt\u00e1k, az I.sz\u00e9kely hat\u00e1r\u0151rezredben szolg\u00e1lt (1844-ig), majd a kir. t\u00e1bla \u00fcln\u00f6ke \u00e9s jegyz\u0151je lett. <br \/><strong>Irod.:<\/strong> Szab\u00f3 Mikl\u00f3s 2005<\/br><\/p>\n","protected":false},"excerpt":{"rendered":"<p>Maroscsap\u00f3, 1819.?, \u2020 ? : t\u00e1blai \u00fcln\u00f6k, jegyz\u0151. \u2013 Nemesi csal\u00e1d sarja, f\u00f6ldbirtokos. \u2013 Kv.-on b\u00f6lcs\u00e9szeti oszt.-t, Keszthelyen mez\u0151gazdas\u00e1gi tanulm\u00e1nyokat v\u00e9gzett (1845\u201346). Besz\u00e9lt magyarul, n\u00e9met\u00fcl, rom\u00e1nul, valamennyire lengyel\u00fcl \u00e9s latinul. Besorozt\u00e1k, az I.sz\u00e9kely hat\u00e1r\u0151rezredben szolg\u00e1lt (1844-ig), majd a kir. t\u00e1bla \u00fcln\u00f6ke \u00e9s jegyz\u0151je lett. Irod.: Szab\u00f3 Mikl\u00f3s 2005<\/p>\n","protected":false},"featured_media":0,"comment_status":"open","ping_status":"closed","template":"","meta":[],"product_brand":[],"product_cat":[137],"product_tag":[],"class_list":{"0":"post-14832","1":"product","2":"type-product","3":"status-publish","5":"product_cat-maros-megyei-eletrajzi-lexikon","7":"first","8":"instock","9":"shipping-taxable","10":"product-type-simple"},"_links":{"self":[{"href":"https:\/\/uj.adatbank.ro\/lexikon\/wp-json\/wp\/v2\/product\/14832","targetHints":{"allow":["GET"]}}],"collection":[{"href":"https:\/\/uj.adatbank.ro\/lexikon\/wp-json\/wp\/v2\/product"}],"about":[{"href":"https:\/\/uj.adatbank.ro\/lexikon\/wp-json\/wp\/v2\/types\/product"}],"replies":[{"embeddable":true,"href":"https:\/\/uj.adatbank.ro\/lexikon\/wp-json\/wp\/v2\/comments?post=14832"}],"wp:attachment":[{"href":"https:\/\/uj.adatbank.ro\/lexikon\/wp-json\/wp\/v2\/media?parent=14832"}],"wp:term":[{"taxonomy":"product_brand","embeddable":true,"href":"https:\/\/uj.adatbank.ro\/lexikon\/wp-json\/wp\/v2\/product_brand?post=14832"},{"taxonomy":"product_cat","embeddable":true,"href":"https:\/\/uj.adatbank.ro\/lexikon\/wp-json\/wp\/v2\/product_cat?post=14832"},{"taxonomy":"product_tag","embeddable":true,"href":"https:\/\/uj.adatbank.ro\/lexikon\/wp-json\/wp\/v2\/product_tag?post=14832"}],"curies":[{"name":"wp","href":"https:\/\/api.w.org\/{rel}","templated":true}]}}