{"id":14833,"date":"2025-07-15T13:15:07","date_gmt":"2025-07-15T11:15:07","guid":{"rendered":"https:\/\/uj.adatbank.ro\/lexikon\/termek\/martonfi-andras-martonffi-andras\/"},"modified":"2025-07-15T13:15:07","modified_gmt":"2025-07-15T11:15:07","slug":"martonfi-andras-martonffi-andras","status":"publish","type":"product","link":"https:\/\/uj.adatbank.ro\/lexikon\/termek\/martonfi-andras-martonffi-andras\/","title":{"rendered":"M\u00c1RTONFI Andr\u00e1s, m\u00e1rtonffi Andr\u00e1s"},"content":{"rendered":"<p>Cs\u00edkvacs\u00e1rcsi, ? \u2020 1743 okt. 14.: r. k. pap. \u2013 Kv.-on \u00e9s Nagyszombaton tanult. Pl\u00e9b\u00e1nos Mikl\u00f3sv\u00e1ron (1727), Fut\u00e1sfalv\u00e1n (1727), Nagyerny\u00e9n (1731\u2013) \u00e9s marossz\u00e9ki helyettes f\u0151esperes. <br \/><strong>Irod.:<\/strong> Ferenczi S\u00e1ndor 2009; Ferenczi S\u00e1ndor 2012<\/br><\/p>\n","protected":false},"excerpt":{"rendered":"<p>Cs\u00edkvacs\u00e1rcsi, ? \u2020 1743 okt. 14.: r. k. pap. \u2013 Kv.-on \u00e9s Nagyszombaton tanult. Pl\u00e9b\u00e1nos Mikl\u00f3sv\u00e1ron (1727), Fut\u00e1sfalv\u00e1n (1727), Nagyerny\u00e9n (1731\u2013) \u00e9s marossz\u00e9ki helyettes f\u0151esperes. Irod.: Ferenczi S\u00e1ndor 2009; Ferenczi S\u00e1ndor 2012<\/p>\n","protected":false},"featured_media":0,"comment_status":"open","ping_status":"closed","template":"","meta":[],"product_brand":[],"product_cat":[137],"product_tag":[],"class_list":{"0":"post-14833","1":"product","2":"type-product","3":"status-publish","5":"product_cat-maros-megyei-eletrajzi-lexikon","7":"first","8":"instock","9":"shipping-taxable","10":"product-type-simple"},"_links":{"self":[{"href":"https:\/\/uj.adatbank.ro\/lexikon\/wp-json\/wp\/v2\/product\/14833","targetHints":{"allow":["GET"]}}],"collection":[{"href":"https:\/\/uj.adatbank.ro\/lexikon\/wp-json\/wp\/v2\/product"}],"about":[{"href":"https:\/\/uj.adatbank.ro\/lexikon\/wp-json\/wp\/v2\/types\/product"}],"replies":[{"embeddable":true,"href":"https:\/\/uj.adatbank.ro\/lexikon\/wp-json\/wp\/v2\/comments?post=14833"}],"wp:attachment":[{"href":"https:\/\/uj.adatbank.ro\/lexikon\/wp-json\/wp\/v2\/media?parent=14833"}],"wp:term":[{"taxonomy":"product_brand","embeddable":true,"href":"https:\/\/uj.adatbank.ro\/lexikon\/wp-json\/wp\/v2\/product_brand?post=14833"},{"taxonomy":"product_cat","embeddable":true,"href":"https:\/\/uj.adatbank.ro\/lexikon\/wp-json\/wp\/v2\/product_cat?post=14833"},{"taxonomy":"product_tag","embeddable":true,"href":"https:\/\/uj.adatbank.ro\/lexikon\/wp-json\/wp\/v2\/product_tag?post=14833"}],"curies":[{"name":"wp","href":"https:\/\/api.w.org\/{rel}","templated":true}]}}