{"id":14834,"date":"2025-07-15T13:15:10","date_gmt":"2025-07-15T11:15:10","guid":{"rendered":"https:\/\/uj.adatbank.ro\/lexikon\/termek\/martonfi-balazs\/"},"modified":"2025-07-15T13:15:10","modified_gmt":"2025-07-15T11:15:10","slug":"martonfi-balazs","status":"publish","type":"product","link":"https:\/\/uj.adatbank.ro\/lexikon\/termek\/martonfi-balazs\/","title":{"rendered":"M\u00c1RTONFI Bal\u00e1zs"},"content":{"rendered":"<p>Altorja, ? \u2020 1739.: r. k. pap. \u2013 Kv.-on (1721, 1726) \u00e9s Nagyszombaton tanult (1727\u201330). Pl\u00e9b\u00e1nos Abafalv\u00e1n (1731\u201332), Esztelneken pl\u00e9b\u00e1nos. <br \/><strong>Irod.:<\/strong> Ferenczi S\u00e1ndor 2009<\/br><\/p>\n","protected":false},"excerpt":{"rendered":"<p>Altorja, ? \u2020 1739.: r. k. pap. \u2013 Kv.-on (1721, 1726) \u00e9s Nagyszombaton tanult (1727\u201330). Pl\u00e9b\u00e1nos Abafalv\u00e1n (1731\u201332), Esztelneken pl\u00e9b\u00e1nos. Irod.: Ferenczi S\u00e1ndor 2009<\/p>\n","protected":false},"featured_media":0,"comment_status":"open","ping_status":"closed","template":"","meta":[],"product_brand":[],"product_cat":[137],"product_tag":[],"class_list":{"0":"post-14834","1":"product","2":"type-product","3":"status-publish","5":"product_cat-maros-megyei-eletrajzi-lexikon","7":"first","8":"instock","9":"shipping-taxable","10":"product-type-simple"},"_links":{"self":[{"href":"https:\/\/uj.adatbank.ro\/lexikon\/wp-json\/wp\/v2\/product\/14834","targetHints":{"allow":["GET"]}}],"collection":[{"href":"https:\/\/uj.adatbank.ro\/lexikon\/wp-json\/wp\/v2\/product"}],"about":[{"href":"https:\/\/uj.adatbank.ro\/lexikon\/wp-json\/wp\/v2\/types\/product"}],"replies":[{"embeddable":true,"href":"https:\/\/uj.adatbank.ro\/lexikon\/wp-json\/wp\/v2\/comments?post=14834"}],"wp:attachment":[{"href":"https:\/\/uj.adatbank.ro\/lexikon\/wp-json\/wp\/v2\/media?parent=14834"}],"wp:term":[{"taxonomy":"product_brand","embeddable":true,"href":"https:\/\/uj.adatbank.ro\/lexikon\/wp-json\/wp\/v2\/product_brand?post=14834"},{"taxonomy":"product_cat","embeddable":true,"href":"https:\/\/uj.adatbank.ro\/lexikon\/wp-json\/wp\/v2\/product_cat?post=14834"},{"taxonomy":"product_tag","embeddable":true,"href":"https:\/\/uj.adatbank.ro\/lexikon\/wp-json\/wp\/v2\/product_tag?post=14834"}],"curies":[{"name":"wp","href":"https:\/\/api.w.org\/{rel}","templated":true}]}}