{"id":14835,"date":"2025-07-15T13:15:12","date_gmt":"2025-07-15T11:15:12","guid":{"rendered":"https:\/\/uj.adatbank.ro\/lexikon\/termek\/martonfi-laszlo-%c2%a7\/"},"modified":"2025-07-15T13:15:12","modified_gmt":"2025-07-15T11:15:12","slug":"martonfi-laszlo-%c2%a7","status":"publish","type":"product","link":"https:\/\/uj.adatbank.ro\/lexikon\/termek\/martonfi-laszlo-%c2%a7\/","title":{"rendered":"M\u00c1RTONFI L\u00e1szl\u00f3, \u00a7"},"content":{"rendered":"<p>Szamos\u00fajv\u00e1r, 1903. jan. 2., \u2020 Mv., 1973. okt. 20., A H\u00e1zsong\u00e1rdi temet\u0151ben nyugszik : gy\u00f3gy\u00adszer\u00e9sz, egyetemi tan\u00e1r, kutat\u00f3. \u2013 M. Lajos tan\u00e1r, igazgat\u00f3 (\u2020 1908) fia. Korai hal\u00e1la ut\u00e1n az \u00e9desanya neveli a n\u00e9gy kiskor\u00fa gyermek\u00e9t. Feles\u00e9ge: P\u00e1pai Zs\u00f3fia (1904\u20132000). \u2013 Kv.-on r. k. elemi \u00e9s piarista gimn.-ban v\u00e9gezte(1909\u201313). Dr. M. Istv\u00e1n orvos b\u00e1tyj\u00e1n\u00e1l Szil\u00e1gysomly\u00f3n folytatta, v\u00e9gzett a r. k. gimn. \u00e9retts\u00e9gizett (1920\u201322). Gy\u00f3gyszer\u00e9sz gyakornok Kv.-on (1923\u201324). A kv.-i I. Ferdin\u00e1nd Kir. Egy.-en gy\u00f3gy\u00adszer\u00e9sz oklevelet kapott (1927), a gy\u00f3gyszert\u00e1ri vezet\u0151gy\u00f3gyszer\u00e9szi vizsg\u00e1t tett (1930. \u00e1pr. 1.), gy\u00f3gyszer\u00e9szdoktori okle\u00advelet szerzett dr. Pamfil P. Gheorghe prof. vezet\u00e9s\u00e9vel Procedeu de ob\u0163inere a s\u0103rurilor de sodiu, calciu, magneziu \u015fi a sulfatului de ghipsul natural, sarea gem\u0103 \u015fi magnezita c. dolgozat\u00e1val (1931). A kv.-i egy. Gy\u00f3gy\u00adszer\u00e9szeti Int.-\u00e9ben gyakornok (1927\u2013), majd tan\u00e1rse\u00adg\u00e9d (1928. m\u00e1j. 1.\u2013). Kv.-on gyakorl\u00f3 gy\u00f3gy\u00adszer\u00e9sz (1933\u201349). Kv.-on megnyitotta Diana nev\u0171 gy\u00f3gyszert\u00e1r\u00e1t (1932. okt. 2.\u20131949. febr. 1.). A mv.-i OGYI gy\u00f3gyszer\u00e9szeti kar\u00e1n az \u00e1ltala megalap\u00edtott Gy\u00f3gyszer\u00e9szeti K\u00e9miai tansz\u00e9ken vezet\u0151 egyetemi tan\u00e1r nyugd\u00edjazs\u00e1ig (1949. m\u00e1rc. 22.\u201369.okt. 1.). A Gy\u00f3gyszer\u00e9szeti \u00e9s Orvosi merceol\u00f3gia \u00e9s Gy\u00f3gyszert\u00e1ri \u00c1ruismeret Tansz\u00e9ket is vezette (1951\u201362). Rom\u00e1nul is tartotta az el\u0151ad\u00e1sokat (1962\u2013). A Farmaciai szakfoly\u00f3irat szerkeszt\u0151bizotts\u00e1gi tagja. R\u00e9szt vett a Rom\u00e1n Gy\u00f3gyszerk\u00f6nyv VII. \u00e9s VIII. kiad\u00e1s\u00e1nak szerkeszt\u00e9s\u00e9ben. Jelent\u0151sek az olajos R\u00f6ntgen kontraszt\u00adk\u00e9sz\u00edtm\u00e9nyek el\u0151\u00e1ll\u00edt\u00e1s\u00e1val (1965), a n\u00f6v\u00e9nyi olajok t\u00e1rol\u00e1s sor\u00e1n v\u00e9gbemen\u0151 v\u00e1ltoz\u00e1sainak megakad\u00e1lyoz\u00e1s\u00e1val (1957), egyes alkaloidok krist\u00e1lytani azonos\u00edt\u00e1s\u00e1val kapcsolatos tanulm\u00e1nyai. \u00daj m\u00f3dszert dol\u00adgozott ki a k\u00e9n \u00e9s k\u00e9ntartalm\u00fa gy\u00f3gyszerk\u00e9sz\u00edtm\u00e9nyek meghat\u00e1roz\u00e1s\u00e1ra, amit a hazai \u00e9s k\u00fclf\u00f6ldi gy\u00f3gyszerk\u00f6nyvek is \u00e1tvettek Tanulm\u00e1yait k\u00f6zli a Farmacia, Orvosi Szemle, Gy\u00f3gyszer\u00e9szi \u00e9rtes\u00edt\u0151. \u2013 <strong>F. m.:<\/strong> Szer\u00advetlen gy\u00f3gyszer\u00e9szeti-k\u00e9mia jegyzetek (egy. jegyzet; Mv., 1950); Gy\u00f3gyszer\u00adk\u00e9mia 1. r\u00e9sz: Szervetlen vegy\u00fcletek (egy. jegyzet; Mv., 1959). <br \/><strong>Irod.:<\/strong> Facultatea de Farmacie; Genersich; Mv. t\u00f6rt. 2.; Mv.-i Gy\u00f3gyszer\u00e9szeti Kar; Nagy L; P\u00e9ter H. M.; P\u00e9ter H. M. 2013; R\u00e1cz G\u00e1bor: Dr. M.L. (Orvosi Szemle, 1973\/4); RMIL; M\u00c9L; R\u00daL; \u00daM\u00c9L<\/br><\/p>\n","protected":false},"excerpt":{"rendered":"<p>Szamos\u00fajv\u00e1r, 1903. jan. 2., \u2020 Mv., 1973. okt. 20., A H\u00e1zsong\u00e1rdi temet\u0151ben nyugszik : gy\u00f3gy\u00adszer\u00e9sz, egyetemi tan\u00e1r, kutat\u00f3. \u2013 M. Lajos tan\u00e1r, igazgat\u00f3 (\u2020 1908) fia. Korai hal\u00e1la ut\u00e1n az \u00e9desanya neveli a n\u00e9gy kiskor\u00fa gyermek\u00e9t. Feles\u00e9ge: P\u00e1pai Zs\u00f3fia (1904\u20132000). \u2013 Kv.-on r. k. elemi \u00e9s piarista gimn.-ban v\u00e9gezte(1909\u201313). Dr. M. Istv\u00e1n orvos b\u00e1tyj\u00e1n\u00e1l Szil\u00e1gysomly\u00f3n [&hellip;]<\/p>\n","protected":false},"featured_media":0,"comment_status":"open","ping_status":"closed","template":"","meta":[],"product_brand":[],"product_cat":[137],"product_tag":[],"class_list":{"0":"post-14835","1":"product","2":"type-product","3":"status-publish","5":"product_cat-maros-megyei-eletrajzi-lexikon","7":"first","8":"instock","9":"shipping-taxable","10":"product-type-simple"},"_links":{"self":[{"href":"https:\/\/uj.adatbank.ro\/lexikon\/wp-json\/wp\/v2\/product\/14835","targetHints":{"allow":["GET"]}}],"collection":[{"href":"https:\/\/uj.adatbank.ro\/lexikon\/wp-json\/wp\/v2\/product"}],"about":[{"href":"https:\/\/uj.adatbank.ro\/lexikon\/wp-json\/wp\/v2\/types\/product"}],"replies":[{"embeddable":true,"href":"https:\/\/uj.adatbank.ro\/lexikon\/wp-json\/wp\/v2\/comments?post=14835"}],"wp:attachment":[{"href":"https:\/\/uj.adatbank.ro\/lexikon\/wp-json\/wp\/v2\/media?parent=14835"}],"wp:term":[{"taxonomy":"product_brand","embeddable":true,"href":"https:\/\/uj.adatbank.ro\/lexikon\/wp-json\/wp\/v2\/product_brand?post=14835"},{"taxonomy":"product_cat","embeddable":true,"href":"https:\/\/uj.adatbank.ro\/lexikon\/wp-json\/wp\/v2\/product_cat?post=14835"},{"taxonomy":"product_tag","embeddable":true,"href":"https:\/\/uj.adatbank.ro\/lexikon\/wp-json\/wp\/v2\/product_tag?post=14835"}],"curies":[{"name":"wp","href":"https:\/\/api.w.org\/{rel}","templated":true}]}}