{"id":14836,"date":"2025-07-15T13:15:13","date_gmt":"2025-07-15T11:15:13","guid":{"rendered":"https:\/\/uj.adatbank.ro\/lexikon\/termek\/martonfi-sandor\/"},"modified":"2025-07-15T13:15:13","modified_gmt":"2025-07-15T11:15:13","slug":"martonfi-sandor","status":"publish","type":"product","link":"https:\/\/uj.adatbank.ro\/lexikon\/termek\/martonfi-sandor\/","title":{"rendered":"M\u00c1RTONFI S\u00e1ndor"},"content":{"rendered":"<p>Maroscsap\u00f3, 1862. m\u00e1rc. 11., \u2020 1911. m\u00e1rc. 10.: r. k. pap. \u2013 Sz\u00e1szr\u00e9genben, Mv.-en \u00e9s Nagyk\u00e1rolyban tanult, majd Gyulafeh\u00e9rv\u00e1ron. Papp\u00e1 szentelt\u00e9k (1887. j\u00fal. 14.). Lelkip\u00e1sztor K\u00e9zdiszentl\u00e9leken, Segesv\u00e1ron (1889), T\u00f6rcsv\u00e1ron (1891), Sz\u0151kefalv\u00e1n lelkip\u00e1sztor (1899\u20131911) \u00e9s pl\u00e9b\u00e1nos (1906\u2013) hal\u00e1l\u00e1ig. <br \/><strong>Irod.:<\/strong> Ferenczi S\u00e1ndor 2009<\/br><\/p>\n","protected":false},"excerpt":{"rendered":"<p>Maroscsap\u00f3, 1862. m\u00e1rc. 11., \u2020 1911. m\u00e1rc. 10.: r. k. pap. \u2013 Sz\u00e1szr\u00e9genben, Mv.-en \u00e9s Nagyk\u00e1rolyban tanult, majd Gyulafeh\u00e9rv\u00e1ron. Papp\u00e1 szentelt\u00e9k (1887. j\u00fal. 14.). Lelkip\u00e1sztor K\u00e9zdiszentl\u00e9leken, Segesv\u00e1ron (1889), T\u00f6rcsv\u00e1ron (1891), Sz\u0151kefalv\u00e1n lelkip\u00e1sztor (1899\u20131911) \u00e9s pl\u00e9b\u00e1nos (1906\u2013) hal\u00e1l\u00e1ig. Irod.: Ferenczi S\u00e1ndor 2009<\/p>\n","protected":false},"featured_media":0,"comment_status":"open","ping_status":"closed","template":"","meta":[],"product_brand":[],"product_cat":[137],"product_tag":[],"class_list":{"0":"post-14836","1":"product","2":"type-product","3":"status-publish","5":"product_cat-maros-megyei-eletrajzi-lexikon","7":"first","8":"instock","9":"shipping-taxable","10":"product-type-simple"},"_links":{"self":[{"href":"https:\/\/uj.adatbank.ro\/lexikon\/wp-json\/wp\/v2\/product\/14836","targetHints":{"allow":["GET"]}}],"collection":[{"href":"https:\/\/uj.adatbank.ro\/lexikon\/wp-json\/wp\/v2\/product"}],"about":[{"href":"https:\/\/uj.adatbank.ro\/lexikon\/wp-json\/wp\/v2\/types\/product"}],"replies":[{"embeddable":true,"href":"https:\/\/uj.adatbank.ro\/lexikon\/wp-json\/wp\/v2\/comments?post=14836"}],"wp:attachment":[{"href":"https:\/\/uj.adatbank.ro\/lexikon\/wp-json\/wp\/v2\/media?parent=14836"}],"wp:term":[{"taxonomy":"product_brand","embeddable":true,"href":"https:\/\/uj.adatbank.ro\/lexikon\/wp-json\/wp\/v2\/product_brand?post=14836"},{"taxonomy":"product_cat","embeddable":true,"href":"https:\/\/uj.adatbank.ro\/lexikon\/wp-json\/wp\/v2\/product_cat?post=14836"},{"taxonomy":"product_tag","embeddable":true,"href":"https:\/\/uj.adatbank.ro\/lexikon\/wp-json\/wp\/v2\/product_tag?post=14836"}],"curies":[{"name":"wp","href":"https:\/\/api.w.org\/{rel}","templated":true}]}}