{"id":14837,"date":"2025-07-15T13:15:15","date_gmt":"2025-07-15T11:15:15","guid":{"rendered":"https:\/\/uj.adatbank.ro\/lexikon\/termek\/martonos-zsigmond\/"},"modified":"2025-07-15T13:15:15","modified_gmt":"2025-07-15T11:15:15","slug":"martonos-zsigmond","status":"publish","type":"product","link":"https:\/\/uj.adatbank.ro\/lexikon\/termek\/martonos-zsigmond\/","title":{"rendered":"MARTONOS Zsigmond"},"content":{"rendered":"<p>Mv., 1932.\u2020 Mv., 1980: orvos. \u2013 Martonos Zsigmond (1902.\u20131980) \u00e9s Kov\u00e1cs Anna (1903\u20131984) fia. \u2013 A MOGYI orvosi kar\u00e1n v\u00e9gzett (1962). Orvos Marosh\u00e9v\u00edzen, Cs\u00edkszered\u00e1ban k\u00f6zeg\u00e9szs\u00e9gtan\u00e1sz a K\u00f6zeg\u00e9szs\u00e9g\u00fcgyi Int\u00e9zetben, a Sanepidn\u00e9l. J\u00f3 v\u00edzip\u00f3ll\u00f3s volt. <br \/><strong>Irod.:<\/strong> Kiss-P.- P<\/br><\/p>\n","protected":false},"excerpt":{"rendered":"<p>Mv., 1932.\u2020 Mv., 1980: orvos. \u2013 Martonos Zsigmond (1902.\u20131980) \u00e9s Kov\u00e1cs Anna (1903\u20131984) fia. \u2013 A MOGYI orvosi kar\u00e1n v\u00e9gzett (1962). Orvos Marosh\u00e9v\u00edzen, Cs\u00edkszered\u00e1ban k\u00f6zeg\u00e9szs\u00e9gtan\u00e1sz a K\u00f6zeg\u00e9szs\u00e9g\u00fcgyi Int\u00e9zetben, a Sanepidn\u00e9l. J\u00f3 v\u00edzip\u00f3ll\u00f3s volt. Irod.: Kiss-P.- P<\/p>\n","protected":false},"featured_media":0,"comment_status":"open","ping_status":"closed","template":"","meta":[],"product_brand":[],"product_cat":[137],"product_tag":[],"class_list":{"0":"post-14837","1":"product","2":"type-product","3":"status-publish","5":"product_cat-maros-megyei-eletrajzi-lexikon","7":"first","8":"instock","9":"shipping-taxable","10":"product-type-simple"},"_links":{"self":[{"href":"https:\/\/uj.adatbank.ro\/lexikon\/wp-json\/wp\/v2\/product\/14837","targetHints":{"allow":["GET"]}}],"collection":[{"href":"https:\/\/uj.adatbank.ro\/lexikon\/wp-json\/wp\/v2\/product"}],"about":[{"href":"https:\/\/uj.adatbank.ro\/lexikon\/wp-json\/wp\/v2\/types\/product"}],"replies":[{"embeddable":true,"href":"https:\/\/uj.adatbank.ro\/lexikon\/wp-json\/wp\/v2\/comments?post=14837"}],"wp:attachment":[{"href":"https:\/\/uj.adatbank.ro\/lexikon\/wp-json\/wp\/v2\/media?parent=14837"}],"wp:term":[{"taxonomy":"product_brand","embeddable":true,"href":"https:\/\/uj.adatbank.ro\/lexikon\/wp-json\/wp\/v2\/product_brand?post=14837"},{"taxonomy":"product_cat","embeddable":true,"href":"https:\/\/uj.adatbank.ro\/lexikon\/wp-json\/wp\/v2\/product_cat?post=14837"},{"taxonomy":"product_tag","embeddable":true,"href":"https:\/\/uj.adatbank.ro\/lexikon\/wp-json\/wp\/v2\/product_tag?post=14837"}],"curies":[{"name":"wp","href":"https:\/\/api.w.org\/{rel}","templated":true}]}}