{"id":14839,"date":"2025-07-15T13:15:18","date_gmt":"2025-07-15T11:15:18","guid":{"rendered":"https:\/\/uj.adatbank.ro\/lexikon\/termek\/martzi-klara-marczi-klara\/"},"modified":"2025-07-15T13:15:18","modified_gmt":"2025-07-15T11:15:18","slug":"martzi-klara-marczi-klara","status":"publish","type":"product","link":"https:\/\/uj.adatbank.ro\/lexikon\/termek\/martzi-klara-marczi-klara\/","title":{"rendered":"MARTZI Kl\u00e1ra, Marczi Kl\u00e1ra"},"content":{"rendered":"<p>? \u2020\u00a0? : birtokos. \u2013 Feles\u00e9ge: Kov\u00e1cs Anna (1903\u20131984). Ol\u00e1hdell\u0151n kis faf\u00e1zat \u00e9p\u00edtetett, berendezte \u00e9s kis harangot adom\u00e1nyozott, gondoskodott, hogy legyen istentisztelet a faluban a ref. h\u00edvek sz\u00e1m\u00e1ra (18. sz. elej\u00e9n), itt tartott\u00e1k az istentiszteleteket (1875-ig). Megb\u00edzta az Ajtai csal\u00e1dot a munka folytat\u00e1s\u00e1ra, \u0151k adt\u00e1k a falu papjait (19.sz. elej\u00e9t\u0151l\u20131875.) <br \/><strong>Irod.:<\/strong> Ol\u00e1hdell\u0151<\/br><\/p>\n","protected":false},"excerpt":{"rendered":"<p>? \u2020\u00a0? : birtokos. \u2013 Feles\u00e9ge: Kov\u00e1cs Anna (1903\u20131984). Ol\u00e1hdell\u0151n kis faf\u00e1zat \u00e9p\u00edtetett, berendezte \u00e9s kis harangot adom\u00e1nyozott, gondoskodott, hogy legyen istentisztelet a faluban a ref. h\u00edvek sz\u00e1m\u00e1ra (18. sz. elej\u00e9n), itt tartott\u00e1k az istentiszteleteket (1875-ig). Megb\u00edzta az Ajtai csal\u00e1dot a munka folytat\u00e1s\u00e1ra, \u0151k adt\u00e1k a falu papjait (19.sz. elej\u00e9t\u0151l\u20131875.) Irod.: Ol\u00e1hdell\u0151<\/p>\n","protected":false},"featured_media":0,"comment_status":"open","ping_status":"closed","template":"","meta":[],"product_brand":[],"product_cat":[137],"product_tag":[],"class_list":{"0":"post-14839","1":"product","2":"type-product","3":"status-publish","5":"product_cat-maros-megyei-eletrajzi-lexikon","7":"first","8":"instock","9":"shipping-taxable","10":"product-type-simple"},"_links":{"self":[{"href":"https:\/\/uj.adatbank.ro\/lexikon\/wp-json\/wp\/v2\/product\/14839","targetHints":{"allow":["GET"]}}],"collection":[{"href":"https:\/\/uj.adatbank.ro\/lexikon\/wp-json\/wp\/v2\/product"}],"about":[{"href":"https:\/\/uj.adatbank.ro\/lexikon\/wp-json\/wp\/v2\/types\/product"}],"replies":[{"embeddable":true,"href":"https:\/\/uj.adatbank.ro\/lexikon\/wp-json\/wp\/v2\/comments?post=14839"}],"wp:attachment":[{"href":"https:\/\/uj.adatbank.ro\/lexikon\/wp-json\/wp\/v2\/media?parent=14839"}],"wp:term":[{"taxonomy":"product_brand","embeddable":true,"href":"https:\/\/uj.adatbank.ro\/lexikon\/wp-json\/wp\/v2\/product_brand?post=14839"},{"taxonomy":"product_cat","embeddable":true,"href":"https:\/\/uj.adatbank.ro\/lexikon\/wp-json\/wp\/v2\/product_cat?post=14839"},{"taxonomy":"product_tag","embeddable":true,"href":"https:\/\/uj.adatbank.ro\/lexikon\/wp-json\/wp\/v2\/product_tag?post=14839"}],"curies":[{"name":"wp","href":"https:\/\/api.w.org\/{rel}","templated":true}]}}