{"id":14840,"date":"2025-07-15T13:15:22","date_gmt":"2025-07-15T11:15:22","guid":{"rendered":"https:\/\/uj.adatbank.ro\/lexikon\/termek\/martzy-agoston\/"},"modified":"2025-07-15T13:15:22","modified_gmt":"2025-07-15T11:15:22","slug":"martzy-agoston","status":"publish","type":"product","link":"https:\/\/uj.adatbank.ro\/lexikon\/termek\/martzy-agoston\/","title":{"rendered":"MARTZY \u00c1goston"},"content":{"rendered":"<p>Elek, 1889, \u2020 ?: jegyz\u0151. \u2013 Tanulm\u00e1nyait K\u00e9zdiv\u00e1s\u00e1rhelyen \u00e9s Aradon v\u00e9gezte, k\u00f6zigazgat\u00e1si p\u00e1ly\u00e1ra l\u00e9pett (1912\u2013). Besztercenasz\u00f3don lett k\u00f6rjegyz\u0151, majd Bethlenh\u00e1z\u00e1n volt, azut\u00e1n Szov\u00e1t\u00e1n volt vezet\u0151 jegyz\u0151. R\u00e9szt vett az I. vh.-ban a 33. gy.-ezredben a szerb, olasz \u00e9s orosz fronton harcolt (1914\u2013), mint f\u0151hadnagy szerlt le a Sig. Laud, az I. \u00e9s a II. o. ez\u00fcst, a bronz vit. \u00c9rem \u00e9s a K\u00e1roly Csapatkereszt kit\u00fcntet\u00e9ssel. <br \/><strong>Irod.:<\/strong> Erd\u00e9lyi ezredek; Sz\u00e9kelyf\u00f6ld \u00ed.k.<\/br><\/p>\n","protected":false},"excerpt":{"rendered":"<p>Elek, 1889, \u2020 ?: jegyz\u0151. \u2013 Tanulm\u00e1nyait K\u00e9zdiv\u00e1s\u00e1rhelyen \u00e9s Aradon v\u00e9gezte, k\u00f6zigazgat\u00e1si p\u00e1ly\u00e1ra l\u00e9pett (1912\u2013). Besztercenasz\u00f3don lett k\u00f6rjegyz\u0151, majd Bethlenh\u00e1z\u00e1n volt, azut\u00e1n Szov\u00e1t\u00e1n volt vezet\u0151 jegyz\u0151. R\u00e9szt vett az I. vh.-ban a 33. gy.-ezredben a szerb, olasz \u00e9s orosz fronton harcolt (1914\u2013), mint f\u0151hadnagy szerlt le a Sig. Laud, az I. \u00e9s a II. o. [&hellip;]<\/p>\n","protected":false},"featured_media":0,"comment_status":"open","ping_status":"closed","template":"","meta":[],"product_brand":[],"product_cat":[137],"product_tag":[],"class_list":{"0":"post-14840","1":"product","2":"type-product","3":"status-publish","5":"product_cat-maros-megyei-eletrajzi-lexikon","7":"first","8":"instock","9":"shipping-taxable","10":"product-type-simple"},"_links":{"self":[{"href":"https:\/\/uj.adatbank.ro\/lexikon\/wp-json\/wp\/v2\/product\/14840","targetHints":{"allow":["GET"]}}],"collection":[{"href":"https:\/\/uj.adatbank.ro\/lexikon\/wp-json\/wp\/v2\/product"}],"about":[{"href":"https:\/\/uj.adatbank.ro\/lexikon\/wp-json\/wp\/v2\/types\/product"}],"replies":[{"embeddable":true,"href":"https:\/\/uj.adatbank.ro\/lexikon\/wp-json\/wp\/v2\/comments?post=14840"}],"wp:attachment":[{"href":"https:\/\/uj.adatbank.ro\/lexikon\/wp-json\/wp\/v2\/media?parent=14840"}],"wp:term":[{"taxonomy":"product_brand","embeddable":true,"href":"https:\/\/uj.adatbank.ro\/lexikon\/wp-json\/wp\/v2\/product_brand?post=14840"},{"taxonomy":"product_cat","embeddable":true,"href":"https:\/\/uj.adatbank.ro\/lexikon\/wp-json\/wp\/v2\/product_cat?post=14840"},{"taxonomy":"product_tag","embeddable":true,"href":"https:\/\/uj.adatbank.ro\/lexikon\/wp-json\/wp\/v2\/product_tag?post=14840"}],"curies":[{"name":"wp","href":"https:\/\/api.w.org\/{rel}","templated":true}]}}