{"id":14841,"date":"2025-07-15T13:15:24","date_gmt":"2025-07-15T11:15:24","guid":{"rendered":"https:\/\/uj.adatbank.ro\/lexikon\/termek\/marusan-gheorghe\/"},"modified":"2025-07-15T13:15:24","modified_gmt":"2025-07-15T11:15:24","slug":"marusan-gheorghe","status":"publish","type":"product","link":"https:\/\/uj.adatbank.ro\/lexikon\/termek\/marusan-gheorghe\/","title":{"rendered":"MARU\u015eAN, Gheorghe"},"content":{"rendered":"<p>? \u2020\u00a0?: a mv.-i RKP tagja (1921\u2013). <br \/><strong>Irod.:<\/strong> : N\u00e9h\u00e1nyan az RKP 1921\u201322-es Maros megyei tagjai k\u00f6z\u00fcl, akikkel egy\u00fctt \u00fcnnepelj\u00fck a nagy \u00e9vfordl\u00f3t (V.Z., 1971. m\u00e1j. 7.)<\/br><\/p>\n","protected":false},"excerpt":{"rendered":"<p>? \u2020\u00a0?: a mv.-i RKP tagja (1921\u2013). Irod.: : N\u00e9h\u00e1nyan az RKP 1921\u201322-es Maros megyei tagjai k\u00f6z\u00fcl, akikkel egy\u00fctt \u00fcnnepelj\u00fck a nagy \u00e9vfordl\u00f3t (V.Z., 1971. m\u00e1j. 7.)<\/p>\n","protected":false},"featured_media":0,"comment_status":"open","ping_status":"closed","template":"","meta":[],"product_brand":[],"product_cat":[137],"product_tag":[],"class_list":{"0":"post-14841","1":"product","2":"type-product","3":"status-publish","5":"product_cat-maros-megyei-eletrajzi-lexikon","7":"first","8":"instock","9":"shipping-taxable","10":"product-type-simple"},"_links":{"self":[{"href":"https:\/\/uj.adatbank.ro\/lexikon\/wp-json\/wp\/v2\/product\/14841","targetHints":{"allow":["GET"]}}],"collection":[{"href":"https:\/\/uj.adatbank.ro\/lexikon\/wp-json\/wp\/v2\/product"}],"about":[{"href":"https:\/\/uj.adatbank.ro\/lexikon\/wp-json\/wp\/v2\/types\/product"}],"replies":[{"embeddable":true,"href":"https:\/\/uj.adatbank.ro\/lexikon\/wp-json\/wp\/v2\/comments?post=14841"}],"wp:attachment":[{"href":"https:\/\/uj.adatbank.ro\/lexikon\/wp-json\/wp\/v2\/media?parent=14841"}],"wp:term":[{"taxonomy":"product_brand","embeddable":true,"href":"https:\/\/uj.adatbank.ro\/lexikon\/wp-json\/wp\/v2\/product_brand?post=14841"},{"taxonomy":"product_cat","embeddable":true,"href":"https:\/\/uj.adatbank.ro\/lexikon\/wp-json\/wp\/v2\/product_cat?post=14841"},{"taxonomy":"product_tag","embeddable":true,"href":"https:\/\/uj.adatbank.ro\/lexikon\/wp-json\/wp\/v2\/product_tag?post=14841"}],"curies":[{"name":"wp","href":"https:\/\/api.w.org\/{rel}","templated":true}]}}