{"id":14844,"date":"2025-07-15T13:15:28","date_gmt":"2025-07-15T11:15:28","guid":{"rendered":"https:\/\/uj.adatbank.ro\/lexikon\/termek\/marusi-janos\/"},"modified":"2025-07-15T13:15:28","modified_gmt":"2025-07-15T11:15:28","slug":"marusi-janos","status":"publish","type":"product","link":"https:\/\/uj.adatbank.ro\/lexikon\/termek\/marusi-janos\/","title":{"rendered":"MARUSI J\u00e1nos"},"content":{"rendered":"<p>? \u2020\u00a0?: tan\u00edt\u00f3. \u2013 Makfalv\u00e1n m\u0171k\u00f6d\u00f6tt (1831\u201355, 1840\u201350). <br \/><strong>Irod.:<\/strong> Makfalvi okt. t\u00f6rt.<\/br><\/p>\n","protected":false},"excerpt":{"rendered":"<p>? \u2020\u00a0?: tan\u00edt\u00f3. \u2013 Makfalv\u00e1n m\u0171k\u00f6d\u00f6tt (1831\u201355, 1840\u201350). Irod.: Makfalvi okt. t\u00f6rt.<\/p>\n","protected":false},"featured_media":0,"comment_status":"open","ping_status":"closed","template":"","meta":[],"product_brand":[],"product_cat":[137],"product_tag":[],"class_list":{"0":"post-14844","1":"product","2":"type-product","3":"status-publish","5":"product_cat-maros-megyei-eletrajzi-lexikon","7":"first","8":"instock","9":"shipping-taxable","10":"product-type-simple"},"_links":{"self":[{"href":"https:\/\/uj.adatbank.ro\/lexikon\/wp-json\/wp\/v2\/product\/14844","targetHints":{"allow":["GET"]}}],"collection":[{"href":"https:\/\/uj.adatbank.ro\/lexikon\/wp-json\/wp\/v2\/product"}],"about":[{"href":"https:\/\/uj.adatbank.ro\/lexikon\/wp-json\/wp\/v2\/types\/product"}],"replies":[{"embeddable":true,"href":"https:\/\/uj.adatbank.ro\/lexikon\/wp-json\/wp\/v2\/comments?post=14844"}],"wp:attachment":[{"href":"https:\/\/uj.adatbank.ro\/lexikon\/wp-json\/wp\/v2\/media?parent=14844"}],"wp:term":[{"taxonomy":"product_brand","embeddable":true,"href":"https:\/\/uj.adatbank.ro\/lexikon\/wp-json\/wp\/v2\/product_brand?post=14844"},{"taxonomy":"product_cat","embeddable":true,"href":"https:\/\/uj.adatbank.ro\/lexikon\/wp-json\/wp\/v2\/product_cat?post=14844"},{"taxonomy":"product_tag","embeddable":true,"href":"https:\/\/uj.adatbank.ro\/lexikon\/wp-json\/wp\/v2\/product_tag?post=14844"}],"curies":[{"name":"wp","href":"https:\/\/api.w.org\/{rel}","templated":true}]}}