{"id":14845,"date":"2025-07-15T13:15:31","date_gmt":"2025-07-15T11:15:31","guid":{"rendered":"https:\/\/uj.adatbank.ro\/lexikon\/termek\/marusi-mihaly\/"},"modified":"2025-07-15T13:15:31","modified_gmt":"2025-07-15T11:15:31","slug":"marusi-mihaly","status":"publish","type":"product","link":"https:\/\/uj.adatbank.ro\/lexikon\/termek\/marusi-mihaly\/","title":{"rendered":"MARUSI Mih\u00e1ly"},"content":{"rendered":"<p>? \u2020\u00a0?: f\u0151b\u00edr\u00f3. \u2013 Mv. v\u00e1ros f\u0151b\u00edr\u00f3ja (1816). <br \/><strong>Irod.:<\/strong> Szentgy\u00f6rgyi<\/br><\/p>\n","protected":false},"excerpt":{"rendered":"<p>? \u2020\u00a0?: f\u0151b\u00edr\u00f3. \u2013 Mv. v\u00e1ros f\u0151b\u00edr\u00f3ja (1816). Irod.: Szentgy\u00f6rgyi<\/p>\n","protected":false},"featured_media":0,"comment_status":"open","ping_status":"closed","template":"","meta":[],"product_brand":[],"product_cat":[137],"product_tag":[],"class_list":{"0":"post-14845","1":"product","2":"type-product","3":"status-publish","5":"product_cat-maros-megyei-eletrajzi-lexikon","7":"first","8":"instock","9":"shipping-taxable","10":"product-type-simple"},"_links":{"self":[{"href":"https:\/\/uj.adatbank.ro\/lexikon\/wp-json\/wp\/v2\/product\/14845","targetHints":{"allow":["GET"]}}],"collection":[{"href":"https:\/\/uj.adatbank.ro\/lexikon\/wp-json\/wp\/v2\/product"}],"about":[{"href":"https:\/\/uj.adatbank.ro\/lexikon\/wp-json\/wp\/v2\/types\/product"}],"replies":[{"embeddable":true,"href":"https:\/\/uj.adatbank.ro\/lexikon\/wp-json\/wp\/v2\/comments?post=14845"}],"wp:attachment":[{"href":"https:\/\/uj.adatbank.ro\/lexikon\/wp-json\/wp\/v2\/media?parent=14845"}],"wp:term":[{"taxonomy":"product_brand","embeddable":true,"href":"https:\/\/uj.adatbank.ro\/lexikon\/wp-json\/wp\/v2\/product_brand?post=14845"},{"taxonomy":"product_cat","embeddable":true,"href":"https:\/\/uj.adatbank.ro\/lexikon\/wp-json\/wp\/v2\/product_cat?post=14845"},{"taxonomy":"product_tag","embeddable":true,"href":"https:\/\/uj.adatbank.ro\/lexikon\/wp-json\/wp\/v2\/product_tag?post=14845"}],"curies":[{"name":"wp","href":"https:\/\/api.w.org\/{rel}","templated":true}]}}