{"id":14846,"date":"2025-07-15T13:15:33","date_gmt":"2025-07-15T11:15:33","guid":{"rendered":"https:\/\/uj.adatbank.ro\/lexikon\/termek\/marussi-mihaly-nagyvajdafalvi-marusi-mihaly\/"},"modified":"2025-07-15T13:15:33","modified_gmt":"2025-07-15T11:15:33","slug":"marussi-mihaly-nagyvajdafalvi-marusi-mihaly","status":"publish","type":"product","link":"https:\/\/uj.adatbank.ro\/lexikon\/termek\/marussi-mihaly-nagyvajdafalvi-marusi-mihaly\/","title":{"rendered":"MARUSSI Mih\u00e1ly, nagyvajdafalvi; Marusi Mih\u00e1ly"},"content":{"rendered":"<p>1772 \u2020 Mv., 1837.: tan\u00e1csos, f\u0151b\u00edr\u00f3, \u00fcgyv\u00e9d, orsz. k\u00e9pvisel\u0151, pol. direktor. \u2013 Mv.-en v\u00e1rosi tan\u00e1csos \u00e9s perceptor (1805\u2013), majd a v\u00e1ros \u00e9l\u00e9re ker\u00fclt mint f\u0151b\u00edr\u00f3 (1816\u2013). Egyike a legn\u00e9pszer\u0171bb f\u0151b\u00edr\u00f3ja a v\u00e1rosnak. T\u00e1mogatta Szotyori J\u00f3zsef k\u00f3rh\u00e1zalap\u00edt\u00e1si terv\u00e9t. \u0150 vezette azt a k\u00fcld\u00f6tts\u00e9get amely I. Ferenc cs\u00e1sz\u00e1rt Kv.-on felkereste \u00e9s k\u00e9t szek\u00e9r diny\u00e9t adott \u00e1t megfelel\u0151 n\u00e9met \u00fcdv\u00f6zl\u0151besz\u00e9d kis\u00e9ret\u00e9ben mint a v\u00e1ros aj\u00e1nd\u00e9k\u00e1t.(1817. aug. 8.). Egy id\u0151ben \u00fcgyv\u00e9d, pol. direktor \u00e9s orsz\u00e1ggy\u0171l\u00e9si k\u00e9pvisel\u0151 is volt. <br \/><strong>Irod.:<\/strong> Kr\u00f3n. F\u00fcz. (1939. 4\/5); P\u00e1lmay J\u00f3zsef, Szotyori<\/br><\/p>\n","protected":false},"excerpt":{"rendered":"<p>1772 \u2020 Mv., 1837.: tan\u00e1csos, f\u0151b\u00edr\u00f3, \u00fcgyv\u00e9d, orsz. k\u00e9pvisel\u0151, pol. direktor. \u2013 Mv.-en v\u00e1rosi tan\u00e1csos \u00e9s perceptor (1805\u2013), majd a v\u00e1ros \u00e9l\u00e9re ker\u00fclt mint f\u0151b\u00edr\u00f3 (1816\u2013). Egyike a legn\u00e9pszer\u0171bb f\u0151b\u00edr\u00f3ja a v\u00e1rosnak. T\u00e1mogatta Szotyori J\u00f3zsef k\u00f3rh\u00e1zalap\u00edt\u00e1si terv\u00e9t. \u0150 vezette azt a k\u00fcld\u00f6tts\u00e9get amely I. Ferenc cs\u00e1sz\u00e1rt Kv.-on felkereste \u00e9s k\u00e9t szek\u00e9r diny\u00e9t adott \u00e1t megfelel\u0151 [&hellip;]<\/p>\n","protected":false},"featured_media":0,"comment_status":"open","ping_status":"closed","template":"","meta":[],"product_brand":[],"product_cat":[137],"product_tag":[],"class_list":{"0":"post-14846","1":"product","2":"type-product","3":"status-publish","5":"product_cat-maros-megyei-eletrajzi-lexikon","7":"first","8":"instock","9":"shipping-taxable","10":"product-type-simple"},"_links":{"self":[{"href":"https:\/\/uj.adatbank.ro\/lexikon\/wp-json\/wp\/v2\/product\/14846","targetHints":{"allow":["GET"]}}],"collection":[{"href":"https:\/\/uj.adatbank.ro\/lexikon\/wp-json\/wp\/v2\/product"}],"about":[{"href":"https:\/\/uj.adatbank.ro\/lexikon\/wp-json\/wp\/v2\/types\/product"}],"replies":[{"embeddable":true,"href":"https:\/\/uj.adatbank.ro\/lexikon\/wp-json\/wp\/v2\/comments?post=14846"}],"wp:attachment":[{"href":"https:\/\/uj.adatbank.ro\/lexikon\/wp-json\/wp\/v2\/media?parent=14846"}],"wp:term":[{"taxonomy":"product_brand","embeddable":true,"href":"https:\/\/uj.adatbank.ro\/lexikon\/wp-json\/wp\/v2\/product_brand?post=14846"},{"taxonomy":"product_cat","embeddable":true,"href":"https:\/\/uj.adatbank.ro\/lexikon\/wp-json\/wp\/v2\/product_cat?post=14846"},{"taxonomy":"product_tag","embeddable":true,"href":"https:\/\/uj.adatbank.ro\/lexikon\/wp-json\/wp\/v2\/product_tag?post=14846"}],"curies":[{"name":"wp","href":"https:\/\/api.w.org\/{rel}","templated":true}]}}