{"id":14847,"date":"2025-07-15T13:15:34","date_gmt":"2025-07-15T11:15:34","guid":{"rendered":"https:\/\/uj.adatbank.ro\/lexikon\/termek\/marussi-mihay\/"},"modified":"2025-07-15T13:15:34","modified_gmt":"2025-07-15T11:15:34","slug":"marussi-mihay","status":"publish","type":"product","link":"https:\/\/uj.adatbank.ro\/lexikon\/termek\/marussi-mihay\/","title":{"rendered":"MARUSSI Mih\u00e1y"},"content":{"rendered":"<p>Mv., 1771. okt. 28. \u2020 Aranyosgerend, 1830. \u00e1pr. 2.: ref. lelk\u00e9sz. \u2013 Feles\u00e9ge: D\u00e9zsi Karolina (\u00f6zv., \u2020 Mv., 1839. \u00e1pr. 2.). Mv.-en tanult, miut\u00e1n elv\u00e9gezte a k\u00f6z\u00e9piskol\u00e1t itt k\u00f6ztan\u00edt\u00f3, majd nevel\u0151 (1794\u2013), azut\u00e1n Marburgba ment (1798), ahol b\u00f6lcs\u00e9szdoktori oklevelet szerzett (1801); G\u00f6tting\u00e1ban is tanult f\u00e9l\u00e9vig. Hazaj\u00f6vetele ut\u00e1n Kem\u00e9ny Mikl\u00f3s gr\u00f3f nevel\u0151je volt. Lelk\u00e9sz lett Gerenden (1809\u20131822). A nagyenyedi egyh\u00e1zmegy\u00e9nek (1814\u2013), majd az erd\u00e9lyi egyh\u00e1zker\u00fcletnek volt f\u0151jegyz\u0151je (1822\u2013). A generalis szent zsinatnak jegyz\u0151je (notarius). A felette Kir\u00e1ly Istv\u00e1nt\u00f3l tartott besz\u00e9d megjelent. \u2013 <strong>F. m.:<\/strong> Dissertatio inaug. Philosophica de differentia noumeni atque phaenomeni.(Marburg, 1801); A gy\u0151zedelmes ifj\u00fa egy halotti besz\u00e9dben foglalva, melyet n\u00e9hai k. tartsai m\u00e9lt. V\u00e9\u00e9r P\u00e1l \u00farfinak eml\u00e9kezet\u00e9re a m. v\u00e1s\u00e1rhelyi reform. templomban 1809. m\u00e1j. 14. elmondott\u2026 (Kv., 1809) A val\u00f3s\u00e1gos nemes ember, egy halotti besz\u00e9dben, melyet m\u00e9lt. gr\u00f3f \u00e9s gubernialis consiliarius Kem\u00e9ny S\u00e1muel \u00far \u0151 nagys\u00e1ga j\u00f3sz\u00e1gai f\u0151 gondvisel\u0151j\u00e9nek, n\u00e9hai tek. r\u00e9tyi Gazda J\u00f3zsef \u00farnak temet\u00e9si tisztess\u00e9g\u00e9re a kolozsv\u00e1ri ref. bels\u0151 templomban \u00e1pr. 18. 1808-ban elmondott.(Kv., 1815); A szelids\u00e9g emberi \u00e1br\u00e1zatban egy halotti besz\u00e9dben, melyet m\u00e9lt. m.-gyer\u0151monostori gr\u00f3f Kem\u00e9ny Kata \u00far asszonynak&#8230; Gr\u00f3f Kun J\u00f3zsef \u00far \u00e9lete p\u00e1rj\u00e1nak kopors\u00f3ba lett z\u00e1rattat\u00e1sakor a gerendi b\u00e1natos udvarban 1815. nov. 19. elmondott&#8230; (Kv., 1816). A j\u00f3 gazdaasszony&#8230; Horv\u00e1t Judit&#8230; Gid\u00f3falvi Rozina S\u00e1mueln\u00e9&#8230; felett mondott gy\u00e1szbesz\u00e9d, 1821. \u00e1pr. 29. (Nagyenyed, 1829.). <br \/><strong>Irod.:<\/strong> Halotti besz\u00e9dek; Szab\u00f3-Sz\u00f6gi; Szinnyei; Zov\u00e1nyi<\/br><\/p>\n","protected":false},"excerpt":{"rendered":"<p>Mv., 1771. okt. 28. \u2020 Aranyosgerend, 1830. \u00e1pr. 2.: ref. lelk\u00e9sz. \u2013 Feles\u00e9ge: D\u00e9zsi Karolina (\u00f6zv., \u2020 Mv., 1839. \u00e1pr. 2.). Mv.-en tanult, miut\u00e1n elv\u00e9gezte a k\u00f6z\u00e9piskol\u00e1t itt k\u00f6ztan\u00edt\u00f3, majd nevel\u0151 (1794\u2013), azut\u00e1n Marburgba ment (1798), ahol b\u00f6lcs\u00e9szdoktori oklevelet szerzett (1801); G\u00f6tting\u00e1ban is tanult f\u00e9l\u00e9vig. Hazaj\u00f6vetele ut\u00e1n Kem\u00e9ny Mikl\u00f3s gr\u00f3f nevel\u0151je volt. Lelk\u00e9sz lett Gerenden [&hellip;]<\/p>\n","protected":false},"featured_media":0,"comment_status":"open","ping_status":"closed","template":"","meta":[],"product_brand":[],"product_cat":[137],"product_tag":[],"class_list":{"0":"post-14847","1":"product","2":"type-product","3":"status-publish","5":"product_cat-maros-megyei-eletrajzi-lexikon","7":"first","8":"instock","9":"shipping-taxable","10":"product-type-simple"},"_links":{"self":[{"href":"https:\/\/uj.adatbank.ro\/lexikon\/wp-json\/wp\/v2\/product\/14847","targetHints":{"allow":["GET"]}}],"collection":[{"href":"https:\/\/uj.adatbank.ro\/lexikon\/wp-json\/wp\/v2\/product"}],"about":[{"href":"https:\/\/uj.adatbank.ro\/lexikon\/wp-json\/wp\/v2\/types\/product"}],"replies":[{"embeddable":true,"href":"https:\/\/uj.adatbank.ro\/lexikon\/wp-json\/wp\/v2\/comments?post=14847"}],"wp:attachment":[{"href":"https:\/\/uj.adatbank.ro\/lexikon\/wp-json\/wp\/v2\/media?parent=14847"}],"wp:term":[{"taxonomy":"product_brand","embeddable":true,"href":"https:\/\/uj.adatbank.ro\/lexikon\/wp-json\/wp\/v2\/product_brand?post=14847"},{"taxonomy":"product_cat","embeddable":true,"href":"https:\/\/uj.adatbank.ro\/lexikon\/wp-json\/wp\/v2\/product_cat?post=14847"},{"taxonomy":"product_tag","embeddable":true,"href":"https:\/\/uj.adatbank.ro\/lexikon\/wp-json\/wp\/v2\/product_tag?post=14847"}],"curies":[{"name":"wp","href":"https:\/\/api.w.org\/{rel}","templated":true}]}}