{"id":14848,"date":"2025-07-15T13:15:36","date_gmt":"2025-07-15T11:15:36","guid":{"rendered":"https:\/\/uj.adatbank.ro\/lexikon\/termek\/marvanyi-artur-marvanyi-arthur\/"},"modified":"2025-07-15T13:15:36","modified_gmt":"2025-07-15T11:15:36","slug":"marvanyi-artur-marvanyi-arthur","status":"publish","type":"product","link":"https:\/\/uj.adatbank.ro\/lexikon\/termek\/marvanyi-artur-marvanyi-arthur\/","title":{"rendered":"M\u00c1RV\u00c1NYI Artur, M\u00e1rv\u00e1nyi Arthur"},"content":{"rendered":"<p>1861.? \u2020 Mv., 1918. m\u00e1rc. 28.: k\u00f6nyvkeresked\u0151, k\u00e9peslapkiad\u00f3. \u2013 Feles\u00e9ge: R\u00f3th Ir\u00e9n (\u2020 Mv., 1911. j\u00fan. 5.).Fiaik: M. Jen\u0151 \u00e9s J\u00f3zsef. \u2013 Mv.-en keresked\u0151, \u00fczlet\u00fck k\u00f6nyv-, \u00edr\u00f3-, \u00e9s rajzszerek keresked\u00e9se volt. \u201eReichardsperg J. \u00e9s T\u00e1rsa kiad\u00e1sa, Hajd\u00fa S\u00e1ndor f\u00f6lv\u00e9tele\u201d szerepel az \u00e1ltaluk k\u00e9sz\u00edtett k\u00e9peslapokon. Miut\u00e1n Reichardsperg J\u00f3zsef meghalt (1905), az addigi elad\u00f3b\u00f3l \u00fczletvezet\u0151v\u00e9 l\u00e9pett el\u0151. A kiad\u00f3i feliratot meg\u0151rizte, majd a saj\u00e1t nev\u00e9n adta ki a k\u00e9peslap sorozatait. Mo.-ra telep\u00fclt (1919 ut\u00e1n). <br \/><strong>Irod.:<\/strong> Csepreghy; Csepreghy 2010; F\u00fcl\u00f6p\u2013Ferencz; Gy\u00e1szjelent\u0151; Szentgy\u00f6rgyi<\/br><\/p>\n","protected":false},"excerpt":{"rendered":"<p>1861.? \u2020 Mv., 1918. m\u00e1rc. 28.: k\u00f6nyvkeresked\u0151, k\u00e9peslapkiad\u00f3. \u2013 Feles\u00e9ge: R\u00f3th Ir\u00e9n (\u2020 Mv., 1911. j\u00fan. 5.).Fiaik: M. Jen\u0151 \u00e9s J\u00f3zsef. \u2013 Mv.-en keresked\u0151, \u00fczlet\u00fck k\u00f6nyv-, \u00edr\u00f3-, \u00e9s rajzszerek keresked\u00e9se volt. \u201eReichardsperg J. \u00e9s T\u00e1rsa kiad\u00e1sa, Hajd\u00fa S\u00e1ndor f\u00f6lv\u00e9tele\u201d szerepel az \u00e1ltaluk k\u00e9sz\u00edtett k\u00e9peslapokon. Miut\u00e1n Reichardsperg J\u00f3zsef meghalt (1905), az addigi elad\u00f3b\u00f3l \u00fczletvezet\u0151v\u00e9 l\u00e9pett el\u0151. [&hellip;]<\/p>\n","protected":false},"featured_media":0,"comment_status":"open","ping_status":"closed","template":"","meta":[],"product_brand":[],"product_cat":[137],"product_tag":[],"class_list":{"0":"post-14848","1":"product","2":"type-product","3":"status-publish","5":"product_cat-maros-megyei-eletrajzi-lexikon","7":"first","8":"instock","9":"shipping-taxable","10":"product-type-simple"},"_links":{"self":[{"href":"https:\/\/uj.adatbank.ro\/lexikon\/wp-json\/wp\/v2\/product\/14848","targetHints":{"allow":["GET"]}}],"collection":[{"href":"https:\/\/uj.adatbank.ro\/lexikon\/wp-json\/wp\/v2\/product"}],"about":[{"href":"https:\/\/uj.adatbank.ro\/lexikon\/wp-json\/wp\/v2\/types\/product"}],"replies":[{"embeddable":true,"href":"https:\/\/uj.adatbank.ro\/lexikon\/wp-json\/wp\/v2\/comments?post=14848"}],"wp:attachment":[{"href":"https:\/\/uj.adatbank.ro\/lexikon\/wp-json\/wp\/v2\/media?parent=14848"}],"wp:term":[{"taxonomy":"product_brand","embeddable":true,"href":"https:\/\/uj.adatbank.ro\/lexikon\/wp-json\/wp\/v2\/product_brand?post=14848"},{"taxonomy":"product_cat","embeddable":true,"href":"https:\/\/uj.adatbank.ro\/lexikon\/wp-json\/wp\/v2\/product_cat?post=14848"},{"taxonomy":"product_tag","embeddable":true,"href":"https:\/\/uj.adatbank.ro\/lexikon\/wp-json\/wp\/v2\/product_tag?post=14848"}],"curies":[{"name":"wp","href":"https:\/\/api.w.org\/{rel}","templated":true}]}}