{"id":14849,"date":"2025-07-15T13:15:37","date_gmt":"2025-07-15T11:15:37","guid":{"rendered":"https:\/\/uj.adatbank.ro\/lexikon\/termek\/marx-jozsef-%c2%a7\/"},"modified":"2025-07-15T13:15:37","modified_gmt":"2025-07-15T11:15:37","slug":"marx-jozsef-%c2%a7","status":"publish","type":"product","link":"https:\/\/uj.adatbank.ro\/lexikon\/termek\/marx-jozsef-%c2%a7\/","title":{"rendered":"MARX J\u00f3zsef, \u00a7"},"content":{"rendered":"<p>Mv, 1914. \u00e1pr. 23., \u2020 Mv., 1992. \u00e1pr. 30.: fot\u00f3m\u0171v\u00e9sz, sz\u00ednh\u00e1zi fot\u00f3m\u0171v\u00e9sz. \u2013 Le\u00e1nya \u00c1gnes, a Bolyai Farkas Elm\u00e9leti L\u00edceum angol szakos nyelvtan\u00e1r\u00e1nak, a hirtelen rosszull\u00e9tb\u0151l bek\u00f6vetkezett hal\u00e1la, megd\u00f6bent\u0151en v\u00e1ratlan volt  (\u2020 Mv., 2022. \u00e1pr. 8.). \u2013 K\u00f6z\u00e9piskol\u00e1t Nagyenyeden v\u00e9gezte a Bethlen G\u00e1bor koll.-ban (1931), majd Kv.-on 2 \u00e9vig jogot hallgatott (1940\u201342); orosz hadifogs\u00e1gban munkaszolg\u00e1latos h\u00e1rom \u00e9s f\u00e9l \u00e9vig (\u20131948, Jerev\u00e1n, stb.). Hazat\u00e9rve az Alimentara kereskedelmi v\u00e1llalat tisztvisel\u0151je, majd a megye kereskedelmi igazgat\u00f3s\u00e1g\u00e1nak oszt\u00e1lyf\u0151n\u00f6ke. Amikor S\u00fct\u0151 Andr\u00e1s megh\u00edvta fotoriporternek az akkor alakul\u00f3 M\u0171v\u00e9szet k\u00e9s\u0151bb \u00daj \u00c9let szerkeszt\u0151s\u00e9g\u00e9be (1958\u2013), akkor kezdett hivat\u00e1sszer\u0171en f\u00e9nyk\u00e9p\u00e9szettel foglalkozni, nyugd\u00edjaz\u00e1s\u00e1ig (\u20131974) a foly\u00f3itat bels\u0151 munkat\u00e1rsa volt. Sz\u00edn\u00e9szek, rendez\u0151k, sz\u00ednh\u00e1zi el\u0151ad\u00e1sok egyik legavatottabb meg\u00f6r\u00f6k\u00edt\u0151je lett, \u00e9let\u00e9nek utols\u00f3 m\u00e1sf\u00e9l \u00e9vtized\u00e9ben \u00fagysz\u00f3lv\u00e1n csak a sz\u00ednh\u00e1znak dolgozott. F\u00e9nyk\u00e9pez\u00e9ssel m\u00e1r kor\u00e1bban is foglalkozott, ki\u00e1ll\u00edt\u00e1sokon is r\u00e9szt vett, d\u00edjakat nyert (1931\u2013). K\u00e9sz\u00edtett riportk\u00e9peket, \u00e9s fot\u00f3m\u0171v\u00e9szeti muk\u00e1kat: t\u00e1j- \u00e9s m\u0171eml\u00e9kfelv\u00e9teleket, aktk\u00e9peket, portr\u00e9kat. A mv.-i \u00e9s az orsz\u00e1gos fot\u00f3mozgalom elind\u00edt\u00f3ja \u00e9s fellend\u00edt\u0151jek\u00e9nt megalap\u00edtotta Rom\u00e1nia els\u0151 fot\u00f3klubj\u00e1t Mv.-en (1953), amelyet sok m\u00e1s k\u00f6vetett Mv. \u00fczemeiben \u00e9s iskol\u00e1iban, valamint Erd\u00e9ly sz\u00e1mos v\u00e1ros\u00e1ban. Mintegy ezer nemzetk\u00f6zi \u00e9s hazai ki\u00e1ll\u00edt\u00e1son vett r\u00e9szt, amelyeken k\u00e9tsz\u00e1zn\u00e1l t\u00f6bb d\u00edjat nyert (az Orsz\u00e1gos Fot\u00f3szalon nagyd\u00edj\u00e1t k\u00e9tszer). \u2019\u201950 \u00e9v a fot\u00f3m\u0171v\u00e9szet szolg\u00e1lat\u00e1ban \u2019\u2019 retrospekt\u00edv egy\u00e9ni ki\u00e1ll\u00edt\u00e1s\u00e1t az orsz\u00e1g h\u00e9t v\u00e1ros\u00e1ban mutatt\u00e1k be. A Rom\u00e1niai Fot\u00f3m\u0171v\u00e9szek sz\u00f6vets\u00e9ge orsz\u00e1gos vezet\u0151s\u00e9g\u00e9nek tagja, majd d\u00edszeln\u00f6ke volt; a Nemzetk\u00f6zi F\u00e9nyk\u00e9p\u00e9sz Sz\u00f6vets\u00e9g (FIAP) kiv\u00e1l\u00f3 m\u0171v\u00e9sze c\u00edmmel aj\u00e1nd\u00e9kozt\u00e1k meg (1969); kit\u0171ntett\u00e9k a Honoraire Excellence \u00e9s a Honoraire Golden Eye d\u00edjakkal (1969); az Egyes\u00fclt Nemzetek d\u00edszoklevel\u00e9t kapta (1976) a nemzetk\u00f6zi fot\u00f3m\u0171v\u00e9szetben el\u00e9rt eredm\u00e9nyei\u00e9rt. Sok ezer felv\u00e9tele jelent meg a rom\u00e1niai sajt\u00f3ban: \u00daj \u00c9let, A H\u00e9t, Dolgoz\u00f3 N\u0151, Utunk stb. F\u00e9nyk\u00e9peivel illusztr\u00e1lt\u00e1k a Kriterion \u00e9s m\u00e1s rom\u00e1nia k\u00f6nyvkiad\u00f3k t\u00f6bb dokumentum k\u00f6tet\u00e9t, Vita Zsigmond: J\u00f3kai Erd\u00e9lyben (1975); Sz\u00e9pr\u00e9ti Lilla: R\u00e9gi \u00e9s \u00faj vil\u00e1g (Kv., 1981) munk\u00e1j\u00e1t. Szakmai munk\u00e1ss\u00e1g\u00e1nak t\u00e1rgyi maradv\u00e1nyait (t\u00f6bb t\u00edzezer negat\u00edvot, sz\u00e1mos fot\u00f3t, kapott diplom\u00e1it \u00e9s a ki\u00e1ll\u00edt\u00e1si katal\u00f3gusok t\u00f6mkeleg\u00e9t) a sz\u00e9kelyudvarhelyi Ha\u00e1z Rezs\u0151 M\u00fazeum \u00f6r\u00f6k\u00f6lte. M\u0171v\u00e9szet\u00e9nek a mv.-i M. J. Fot\u00f3m\u0171v\u00e9szeti Alap\u00edtv\u00e1ny k\u00edv\u00e1n m\u00e9lt\u00f3 eml\u00e9ket \u00e1ll\u00edtani (1992). Gy\u0171jtem\u00e9nyes eml\u00e9kki\u00e1ll\u00edt\u00e1sa (Mv. V\u00e1rgal\u00e9ria, 1997. \u00e1pr. 29.) \u2013 <strong>F. m.:<\/strong> <strong>t\u00e1rssz.:<\/strong> T\u00e2rgu Mure\u015f-Marosv\u00e1s\u00e1rhely (Clara Spitzer-el, Tg.M., 1962); Valea Mure\u015fului (foto Haragos Zolt\u00e1nnal; sz\u00f6veg I. Deleanu; Buk., 1970); Maros v\u00f6lgye (Buk., 1970); Vita Zsigmond: J\u00f3kai Erd\u00e9lyben. (A J\u00f3kai-sz\u00f6vegeket sajt\u00f3 al\u00e1 rendezte, sz\u00f3jegyz\u00e9k \u00e9s helyn\u00e9v mutat\u00f3 B\u0151jthe Jol\u00e1n. Fot\u00f3, Buk., 1975); J\u00e1nosh\u00e1zy Gy\u00f6rgy: Incze J\u00e1nos. M\u0171v\u00e9szeti kismonogr\u00e1fia( foto, Buk., 1977); Jude\u0163ul Mure\u015f- Maros megye- Kreis Mure\u015f (Nagyszeben, 1979); Mure\u015f: monografie (Buc., 1980); Sz\u00e9pr\u00e9ti Lilla: R\u00e9gi \u00e9s \u00faj vil\u00e1g. (A felv\u00e9teleket k\u00e9sz\u00edtette, Kv., 1981), Mur\u00e1din Jen\u0151: Nagy Istv\u00e1n k\u00e9pz\u0151m\u0171v\u00e9szeti monogr\u00e1fia, foto Erd\u00e9lyi Lajossa, Buk., 1986); Erd\u00e9lyi magyar m\u0171v\u00e9szet a XX. sz.-ban (Banner Zolt\u00e1n, Bp., 1990); Th\u00e1lia vonz\u00e1s\u00e1ban (Ol\u00e1h Tibor, Mv, 1996); Kulcs\u00e1r B\u00e9la : Album (Mv, 1998); Bolyaiak tere. Tollvon\u00e1sok egy v\u00e1ros arck\u00e9p\u00e9hez (Nagy P\u00e1l, Mv. 1998); M\u00fazs\u00e1k fellegv\u00e1ra (Nagy Mikl\u00f3s Kund, Bp., 2000), Gy\u00f6ngyvir\u00e1gt\u00f3l lombhull\u00e1sig: eml\u00e9kk\u00f6nyv (Mv., 2007). <br \/><strong>Irod.:<\/strong> 50 \u00e9ves a mv.-i fot\u00f3klub, 1953\u20132003 (Mv., 2003); B\u00f6l\u00f6ni Domokos: K\u00e9p, szobor nem pinc\u00e9be val\u00f3 (N\u00fa., 2007. szept. 6.); Dud\u00e1s K\u00e1roly: M\u0171tereml\u00e1togat\u00e1s M. J.-n\u00e9l (V. Z., 1972. nov. 19.); Elm\u00falt jelen; Erd\u00e9lyi Lajos: A f\u00e9nyk\u00e9p\u00e9sz, ha m\u0171v\u00e9sz (\u00daj \u00c9let, 8. sz., 1975); Gy\u00e1rf\u00e1s 2013; Gy\u0151ri Lajos; Imreh Ern\u0151. Sorok M. J.-r\u0151l (Erd\u00e9lyi Figyel\u0151, 3. sz., 1992); Incze G\u00e1bor: \u00d6nbizalmat sugall\u00f3 val\u00f3s\u00e1gl\u00e1ttat\u00e1s (V. Z., 1984. \u00e1pr. 27.); J\u00e1nosh\u00e1zy Gy\u00f6rgy: M. J. (Mv., 2002); KKACs; K. N. B.: Er\u0151 a fekete-feh\u00e9rben (N\u00fa., M\u00fazsa, 1027. sz., 2012. m\u00e1j. 5.); Koch M\u00e1ria: M. J. fot\u00f3m\u0171v\u00e9sz els\u0151 egy\u00e9ni ki\u00e1ll\u00edt\u00e1sa (V. Z., 1975. m\u00e1rc. 22.); M. J. Fot\u00f3m\u0171v\u00e9szeti Alap\u00edtv\u00e1ny (N\u00fa., M\u00fazsa, 72. sz., 1992. szept. 11.); M\u00e1sodszorra is nagyd\u00edj (N\u00fa., 1990. szept. 7.); Moln\u00e1r; MSZL; Nagy Mikl\u00f3s Kund: Meg\u00e1ll az id\u0151 (V. Z., 1989. j\u00fan. 3.); Nagy Mikl\u00f3s Kund: Am\u00edg csak er\u0151m engedi (N\u00fa., 1990. j\u00fan. 22.);.); Nagy Mikl\u00f3s Kund: Hetven\u00e9ves a Marx J\u00f3zsef Fot\u00f3klub (N\u00fa., M\u00fazsa, 1607.sz., 2023.okt.21.); Nagy Zsuzsa: Pillanatfelv\u00e9tel M. J.-r\u0151l (\u00daj \u00c9let, 6. sz., 1972); M. J. [Nekrol\u00f3g] (N\u00fa., 1992. m\u00e1j. 1.); RMIL; Sebesty\u00e9n Mih\u00e1ly: A m\u00falhatatlans\u00e1g harm\u00f3ni\u00e1ja (N\u00fa., M\u00fazsa, 292. sz., 1997. m\u00e1j. 2.); Todea 2013; T\u00f6r\u00f6k G\u00e1sp\u00e1r: Magasra emelte a m\u00e9rc\u00e9t: M. J. \u2013eml\u00e9kki\u00e1ll\u00edt\u00e1s a Mv.-i Nemzeti Sz\u00ednh\u00e1zban (N\u00fa., M\u00fazsa, 1130. sz., 2014. m\u00e1j. 24.)<\/br><\/p>\n","protected":false},"excerpt":{"rendered":"<p>Mv, 1914. \u00e1pr. 23., \u2020 Mv., 1992. \u00e1pr. 30.: fot\u00f3m\u0171v\u00e9sz, sz\u00ednh\u00e1zi fot\u00f3m\u0171v\u00e9sz. \u2013 Le\u00e1nya \u00c1gnes, a Bolyai Farkas Elm\u00e9leti L\u00edceum angol szakos nyelvtan\u00e1r\u00e1nak, a hirtelen rosszull\u00e9tb\u0151l bek\u00f6vetkezett hal\u00e1la, megd\u00f6bent\u0151en v\u00e1ratlan volt (\u2020 Mv., 2022. \u00e1pr. 8.). \u2013 K\u00f6z\u00e9piskol\u00e1t Nagyenyeden v\u00e9gezte a Bethlen G\u00e1bor koll.-ban (1931), majd Kv.-on 2 \u00e9vig jogot hallgatott (1940\u201342); orosz hadifogs\u00e1gban munkaszolg\u00e1latos [&hellip;]<\/p>\n","protected":false},"featured_media":0,"comment_status":"open","ping_status":"closed","template":"","meta":[],"product_brand":[],"product_cat":[137],"product_tag":[],"class_list":{"0":"post-14849","1":"product","2":"type-product","3":"status-publish","5":"product_cat-maros-megyei-eletrajzi-lexikon","7":"first","8":"instock","9":"shipping-taxable","10":"product-type-simple"},"_links":{"self":[{"href":"https:\/\/uj.adatbank.ro\/lexikon\/wp-json\/wp\/v2\/product\/14849","targetHints":{"allow":["GET"]}}],"collection":[{"href":"https:\/\/uj.adatbank.ro\/lexikon\/wp-json\/wp\/v2\/product"}],"about":[{"href":"https:\/\/uj.adatbank.ro\/lexikon\/wp-json\/wp\/v2\/types\/product"}],"replies":[{"embeddable":true,"href":"https:\/\/uj.adatbank.ro\/lexikon\/wp-json\/wp\/v2\/comments?post=14849"}],"wp:attachment":[{"href":"https:\/\/uj.adatbank.ro\/lexikon\/wp-json\/wp\/v2\/media?parent=14849"}],"wp:term":[{"taxonomy":"product_brand","embeddable":true,"href":"https:\/\/uj.adatbank.ro\/lexikon\/wp-json\/wp\/v2\/product_brand?post=14849"},{"taxonomy":"product_cat","embeddable":true,"href":"https:\/\/uj.adatbank.ro\/lexikon\/wp-json\/wp\/v2\/product_cat?post=14849"},{"taxonomy":"product_tag","embeddable":true,"href":"https:\/\/uj.adatbank.ro\/lexikon\/wp-json\/wp\/v2\/product_tag?post=14849"}],"curies":[{"name":"wp","href":"https:\/\/api.w.org\/{rel}","templated":true}]}}