{"id":14853,"date":"2025-07-15T13:15:47","date_gmt":"2025-07-15T11:15:47","guid":{"rendered":"https:\/\/uj.adatbank.ro\/lexikon\/termek\/masa-gheorghe\/"},"modified":"2025-07-15T13:15:47","modified_gmt":"2025-07-15T11:15:47","slug":"masa-gheorghe","status":"publish","type":"product","link":"https:\/\/uj.adatbank.ro\/lexikon\/termek\/masa-gheorghe\/","title":{"rendered":"MASA, Gheorghe"},"content":{"rendered":"<p>ernyei lakos. Az \u0151 vezet\u00e9s\u00e9vel 200 hajd\u00fa (szeg\u00e9nyleg\u00e9ny) el\u0171zte a Basta t\u00e1bornok embereit, akik a falut akart\u00e1k kirabolni, miut\u00e1n Mv.-en is t\u0171z\u00f6n, vason mentek kereszt\u00fcl (1602).R\u00e1k\u00f3czy Gy\u00f6rgy fejedelem pedig Mas\u00e1t k\u00fcldte k\u00f6vets\u00e9gbe Vasile Lupu, Moldva fejedelm\u00e9hez(1648).<br \/><strong>Irod.:<\/strong> \u015eincan 2006<\/br><\/p>\n","protected":false},"excerpt":{"rendered":"<p>ernyei lakos. Az \u0151 vezet\u00e9s\u00e9vel 200 hajd\u00fa (szeg\u00e9nyleg\u00e9ny) el\u0171zte a Basta t\u00e1bornok embereit, akik a falut akart\u00e1k kirabolni, miut\u00e1n Mv.-en is t\u0171z\u00f6n, vason mentek kereszt\u00fcl (1602).R\u00e1k\u00f3czy Gy\u00f6rgy fejedelem pedig Mas\u00e1t k\u00fcldte k\u00f6vets\u00e9gbe Vasile Lupu, Moldva fejedelm\u00e9hez(1648).Irod.: \u015eincan 2006<\/p>\n","protected":false},"featured_media":0,"comment_status":"open","ping_status":"closed","template":"","meta":[],"product_brand":[],"product_cat":[137],"product_tag":[],"class_list":{"0":"post-14853","1":"product","2":"type-product","3":"status-publish","5":"product_cat-maros-megyei-eletrajzi-lexikon","7":"first","8":"instock","9":"shipping-taxable","10":"product-type-simple"},"_links":{"self":[{"href":"https:\/\/uj.adatbank.ro\/lexikon\/wp-json\/wp\/v2\/product\/14853","targetHints":{"allow":["GET"]}}],"collection":[{"href":"https:\/\/uj.adatbank.ro\/lexikon\/wp-json\/wp\/v2\/product"}],"about":[{"href":"https:\/\/uj.adatbank.ro\/lexikon\/wp-json\/wp\/v2\/types\/product"}],"replies":[{"embeddable":true,"href":"https:\/\/uj.adatbank.ro\/lexikon\/wp-json\/wp\/v2\/comments?post=14853"}],"wp:attachment":[{"href":"https:\/\/uj.adatbank.ro\/lexikon\/wp-json\/wp\/v2\/media?parent=14853"}],"wp:term":[{"taxonomy":"product_brand","embeddable":true,"href":"https:\/\/uj.adatbank.ro\/lexikon\/wp-json\/wp\/v2\/product_brand?post=14853"},{"taxonomy":"product_cat","embeddable":true,"href":"https:\/\/uj.adatbank.ro\/lexikon\/wp-json\/wp\/v2\/product_cat?post=14853"},{"taxonomy":"product_tag","embeddable":true,"href":"https:\/\/uj.adatbank.ro\/lexikon\/wp-json\/wp\/v2\/product_tag?post=14853"}],"curies":[{"name":"wp","href":"https:\/\/api.w.org\/{rel}","templated":true}]}}