{"id":14854,"date":"2025-07-15T13:15:49","date_gmt":"2025-07-15T11:15:49","guid":{"rendered":"https:\/\/uj.adatbank.ro\/lexikon\/termek\/masca-ioan\/"},"modified":"2025-07-15T13:15:49","modified_gmt":"2025-07-15T11:15:49","slug":"masca-ioan","status":"publish","type":"product","link":"https:\/\/uj.adatbank.ro\/lexikon\/termek\/masca-ioan\/","title":{"rendered":"MA\u015eCA, Ioan"},"content":{"rendered":"<p>? \u2020 ?: ort. pap. \u2013 Maroscsap\u00f3ban szolg\u00e1lt (1933\u2013 43). Az \u0151 idej\u00e9ben \u00e9p\u00fclt a Sf.Arhangheli templom, felszentelt\u00e9k (1938) \u00e9s egy ort. isk.\u00e9p\u00fclet. <br \/><strong>Irod.:<\/strong> \u015eincan 2006<\/br><\/p>\n","protected":false},"excerpt":{"rendered":"<p>? \u2020 ?: ort. pap. \u2013 Maroscsap\u00f3ban szolg\u00e1lt (1933\u2013 43). Az \u0151 idej\u00e9ben \u00e9p\u00fclt a Sf.Arhangheli templom, felszentelt\u00e9k (1938) \u00e9s egy ort. isk.\u00e9p\u00fclet. Irod.: \u015eincan 2006<\/p>\n","protected":false},"featured_media":0,"comment_status":"open","ping_status":"closed","template":"","meta":[],"product_brand":[],"product_cat":[137],"product_tag":[],"class_list":{"0":"post-14854","1":"product","2":"type-product","3":"status-publish","5":"product_cat-maros-megyei-eletrajzi-lexikon","7":"first","8":"instock","9":"shipping-taxable","10":"product-type-simple"},"_links":{"self":[{"href":"https:\/\/uj.adatbank.ro\/lexikon\/wp-json\/wp\/v2\/product\/14854","targetHints":{"allow":["GET"]}}],"collection":[{"href":"https:\/\/uj.adatbank.ro\/lexikon\/wp-json\/wp\/v2\/product"}],"about":[{"href":"https:\/\/uj.adatbank.ro\/lexikon\/wp-json\/wp\/v2\/types\/product"}],"replies":[{"embeddable":true,"href":"https:\/\/uj.adatbank.ro\/lexikon\/wp-json\/wp\/v2\/comments?post=14854"}],"wp:attachment":[{"href":"https:\/\/uj.adatbank.ro\/lexikon\/wp-json\/wp\/v2\/media?parent=14854"}],"wp:term":[{"taxonomy":"product_brand","embeddable":true,"href":"https:\/\/uj.adatbank.ro\/lexikon\/wp-json\/wp\/v2\/product_brand?post=14854"},{"taxonomy":"product_cat","embeddable":true,"href":"https:\/\/uj.adatbank.ro\/lexikon\/wp-json\/wp\/v2\/product_cat?post=14854"},{"taxonomy":"product_tag","embeddable":true,"href":"https:\/\/uj.adatbank.ro\/lexikon\/wp-json\/wp\/v2\/product_tag?post=14854"}],"curies":[{"name":"wp","href":"https:\/\/api.w.org\/{rel}","templated":true}]}}