{"id":14855,"date":"2025-07-15T13:15:51","date_gmt":"2025-07-15T11:15:51","guid":{"rendered":"https:\/\/uj.adatbank.ro\/lexikon\/termek\/mataisz-peter-matais-petru\/"},"modified":"2025-07-15T13:15:51","modified_gmt":"2025-07-15T11:15:51","slug":"mataisz-peter-matais-petru","status":"publish","type":"product","link":"https:\/\/uj.adatbank.ro\/lexikon\/termek\/mataisz-peter-matais-petru\/","title":{"rendered":"MATAISZ P\u00e9ter, Matais Petru"},"content":{"rendered":"<p>1892, \u2020\u00a0Mv., 1983. szept. 5.: a munk\u00e1smozgalom harcosa. \u2013 Aradon a Ruh\u00e1zati Munk\u00e1sok Szakszervezet\u00e9nek tagja, egyik ir\u00e1ny\u00edt\u00f3ja, a RKP tagja (1922\u2013), harcosa \u00e9s vezet\u0151 k\u00e1dere Kv.-B\u00e1n\u00e1ti tartom\u00e1nyok ter\u00fclet\u00e9n. Gyakran letart\u00f3ztatt\u00e1k, megk\u00ednozt\u00e1k, \u00e9vekre beb\u00f6rt\u00f6n\u00f6zt\u00e9k. A p\u00e1rt KB-nak p\u00f3ttagja (1928\u2013). B\u00e9rharcokat, politikai sztr\u00e1jkokat szervezett a Zsilv\u00f6lgy\u00e9t\u0151l Kv.-ig, Aradt\u00f3l a Marosv\u00f6lgy\u00e9ig. Seg\u00edtette a Munk\u00e1s-paraszt Blokkot, a Demokrata Blokkot, a V\u00f6r\u00f6s Seg\u00e9ly orsz\u00e1gos \u00e9s nemzetk\u00f6zi tev\u00e9kenys\u00e9g\u00e9t. A h\u00e1bor\u00fa ut\u00e1n mint a RKP aktivist\u00e1ja tev\u00e9kenykedett az Arad megyei szervezetn\u00e9l, majd Mv.-en a tartom\u00e1nyi p\u00e1rtbizotts\u00e1g Koll.-nak eln\u00f6ke volt nyugd\u00edjaz\u00e1s\u00e1ig. (1953\u2013). <br \/><strong>Irod.:<\/strong> Bartos 2012; M. P. [Nekrol\u00f3g] (V. Z., 1983. szept. 8.); N\u00e9h\u00e1nyan az RKP 1921\u201322-es Maros megyei tagjai k\u00f6z\u00fcl, akikkel egy\u00fctt \u00fcnnepelj\u00fck a nagy \u00e9vfordl\u00f3t (V.Z., 1971. m\u00e1j. 7.)<\/br><\/p>\n","protected":false},"excerpt":{"rendered":"<p>1892, \u2020\u00a0Mv., 1983. szept. 5.: a munk\u00e1smozgalom harcosa. \u2013 Aradon a Ruh\u00e1zati Munk\u00e1sok Szakszervezet\u00e9nek tagja, egyik ir\u00e1ny\u00edt\u00f3ja, a RKP tagja (1922\u2013), harcosa \u00e9s vezet\u0151 k\u00e1dere Kv.-B\u00e1n\u00e1ti tartom\u00e1nyok ter\u00fclet\u00e9n. Gyakran letart\u00f3ztatt\u00e1k, megk\u00ednozt\u00e1k, \u00e9vekre beb\u00f6rt\u00f6n\u00f6zt\u00e9k. A p\u00e1rt KB-nak p\u00f3ttagja (1928\u2013). B\u00e9rharcokat, politikai sztr\u00e1jkokat szervezett a Zsilv\u00f6lgy\u00e9t\u0151l Kv.-ig, Aradt\u00f3l a Marosv\u00f6lgy\u00e9ig. Seg\u00edtette a Munk\u00e1s-paraszt Blokkot, a Demokrata Blokkot, [&hellip;]<\/p>\n","protected":false},"featured_media":0,"comment_status":"open","ping_status":"closed","template":"","meta":[],"product_brand":[],"product_cat":[137],"product_tag":[],"class_list":{"0":"post-14855","1":"product","2":"type-product","3":"status-publish","5":"product_cat-maros-megyei-eletrajzi-lexikon","7":"first","8":"instock","9":"shipping-taxable","10":"product-type-simple"},"_links":{"self":[{"href":"https:\/\/uj.adatbank.ro\/lexikon\/wp-json\/wp\/v2\/product\/14855","targetHints":{"allow":["GET"]}}],"collection":[{"href":"https:\/\/uj.adatbank.ro\/lexikon\/wp-json\/wp\/v2\/product"}],"about":[{"href":"https:\/\/uj.adatbank.ro\/lexikon\/wp-json\/wp\/v2\/types\/product"}],"replies":[{"embeddable":true,"href":"https:\/\/uj.adatbank.ro\/lexikon\/wp-json\/wp\/v2\/comments?post=14855"}],"wp:attachment":[{"href":"https:\/\/uj.adatbank.ro\/lexikon\/wp-json\/wp\/v2\/media?parent=14855"}],"wp:term":[{"taxonomy":"product_brand","embeddable":true,"href":"https:\/\/uj.adatbank.ro\/lexikon\/wp-json\/wp\/v2\/product_brand?post=14855"},{"taxonomy":"product_cat","embeddable":true,"href":"https:\/\/uj.adatbank.ro\/lexikon\/wp-json\/wp\/v2\/product_cat?post=14855"},{"taxonomy":"product_tag","embeddable":true,"href":"https:\/\/uj.adatbank.ro\/lexikon\/wp-json\/wp\/v2\/product_tag?post=14855"}],"curies":[{"name":"wp","href":"https:\/\/api.w.org\/{rel}","templated":true}]}}