{"id":14864,"date":"2025-07-15T13:16:10","date_gmt":"2025-07-15T11:16:10","guid":{"rendered":"https:\/\/uj.adatbank.ro\/lexikon\/termek\/mate-gabriel\/"},"modified":"2025-07-15T13:16:10","modified_gmt":"2025-07-15T11:16:10","slug":"mate-gabriel","status":"publish","type":"product","link":"https:\/\/uj.adatbank.ro\/lexikon\/termek\/mate-gabriel\/","title":{"rendered":"MAT\u00c9 G\u00e1briel"},"content":{"rendered":"<p>? \u2020 ? : g. kat. pap. \u2013 Sz\u00e1szr\u00e9gen pl\u00e9b\u00e1nosa, G\u00f6rg\u00e9ny k\u00f6rzet esperese (1813- 1817), \u00e9s R\u00e9gen k\u00f6rzet vicearhidiakonusa, valamint G\u00f6rg\u00e9ny traktus adminisztr\u00e1tora (1817 \u00e9s 1818). G\u00f6rg\u00e9nyszentimr\u00e9n volt tan\u00edt\u00f3, rom\u00e1n nyelvet \u00e9s latint tan\u00edtott (1829\u201339). M\u00e9g szolg\u00e1lt G\u00f6rg\u00e9nyn\u00e1dasban (1845\u2013). <br \/><strong>Irod.:<\/strong> Dobozi<\/br><\/p>\n","protected":false},"excerpt":{"rendered":"<p>? \u2020 ? : g. kat. pap. \u2013 Sz\u00e1szr\u00e9gen pl\u00e9b\u00e1nosa, G\u00f6rg\u00e9ny k\u00f6rzet esperese (1813- 1817), \u00e9s R\u00e9gen k\u00f6rzet vicearhidiakonusa, valamint G\u00f6rg\u00e9ny traktus adminisztr\u00e1tora (1817 \u00e9s 1818). G\u00f6rg\u00e9nyszentimr\u00e9n volt tan\u00edt\u00f3, rom\u00e1n nyelvet \u00e9s latint tan\u00edtott (1829\u201339). M\u00e9g szolg\u00e1lt G\u00f6rg\u00e9nyn\u00e1dasban (1845\u2013). Irod.: Dobozi<\/p>\n","protected":false},"featured_media":0,"comment_status":"open","ping_status":"closed","template":"","meta":[],"product_brand":[],"product_cat":[137],"product_tag":[],"class_list":{"0":"post-14864","1":"product","2":"type-product","3":"status-publish","5":"product_cat-maros-megyei-eletrajzi-lexikon","7":"first","8":"instock","9":"shipping-taxable","10":"product-type-simple"},"_links":{"self":[{"href":"https:\/\/uj.adatbank.ro\/lexikon\/wp-json\/wp\/v2\/product\/14864","targetHints":{"allow":["GET"]}}],"collection":[{"href":"https:\/\/uj.adatbank.ro\/lexikon\/wp-json\/wp\/v2\/product"}],"about":[{"href":"https:\/\/uj.adatbank.ro\/lexikon\/wp-json\/wp\/v2\/types\/product"}],"replies":[{"embeddable":true,"href":"https:\/\/uj.adatbank.ro\/lexikon\/wp-json\/wp\/v2\/comments?post=14864"}],"wp:attachment":[{"href":"https:\/\/uj.adatbank.ro\/lexikon\/wp-json\/wp\/v2\/media?parent=14864"}],"wp:term":[{"taxonomy":"product_brand","embeddable":true,"href":"https:\/\/uj.adatbank.ro\/lexikon\/wp-json\/wp\/v2\/product_brand?post=14864"},{"taxonomy":"product_cat","embeddable":true,"href":"https:\/\/uj.adatbank.ro\/lexikon\/wp-json\/wp\/v2\/product_cat?post=14864"},{"taxonomy":"product_tag","embeddable":true,"href":"https:\/\/uj.adatbank.ro\/lexikon\/wp-json\/wp\/v2\/product_tag?post=14864"}],"curies":[{"name":"wp","href":"https:\/\/api.w.org\/{rel}","templated":true}]}}