{"id":14865,"date":"2025-07-15T13:16:12","date_gmt":"2025-07-15T11:16:12","guid":{"rendered":"https:\/\/uj.adatbank.ro\/lexikon\/termek\/mate-izsak\/"},"modified":"2025-07-15T13:16:12","modified_gmt":"2025-07-15T11:16:12","slug":"mate-izsak","status":"publish","type":"product","link":"https:\/\/uj.adatbank.ro\/lexikon\/termek\/mate-izsak\/","title":{"rendered":"M\u00c1T\u00c9 Izs\u00e1k"},"content":{"rendered":"<p>? \u2020 ? : nemes. \u2013 Birtokos nemes Havadon, 41 jobb\u00e1gya volt (1756). <br \/><strong>Irod.:<\/strong> Havad<\/br><\/p>\n","protected":false},"excerpt":{"rendered":"<p>? \u2020 ? : nemes. \u2013 Birtokos nemes Havadon, 41 jobb\u00e1gya volt (1756). Irod.: Havad<\/p>\n","protected":false},"featured_media":0,"comment_status":"open","ping_status":"closed","template":"","meta":[],"product_brand":[],"product_cat":[137],"product_tag":[],"class_list":{"0":"post-14865","1":"product","2":"type-product","3":"status-publish","5":"product_cat-maros-megyei-eletrajzi-lexikon","7":"first","8":"instock","9":"shipping-taxable","10":"product-type-simple"},"_links":{"self":[{"href":"https:\/\/uj.adatbank.ro\/lexikon\/wp-json\/wp\/v2\/product\/14865","targetHints":{"allow":["GET"]}}],"collection":[{"href":"https:\/\/uj.adatbank.ro\/lexikon\/wp-json\/wp\/v2\/product"}],"about":[{"href":"https:\/\/uj.adatbank.ro\/lexikon\/wp-json\/wp\/v2\/types\/product"}],"replies":[{"embeddable":true,"href":"https:\/\/uj.adatbank.ro\/lexikon\/wp-json\/wp\/v2\/comments?post=14865"}],"wp:attachment":[{"href":"https:\/\/uj.adatbank.ro\/lexikon\/wp-json\/wp\/v2\/media?parent=14865"}],"wp:term":[{"taxonomy":"product_brand","embeddable":true,"href":"https:\/\/uj.adatbank.ro\/lexikon\/wp-json\/wp\/v2\/product_brand?post=14865"},{"taxonomy":"product_cat","embeddable":true,"href":"https:\/\/uj.adatbank.ro\/lexikon\/wp-json\/wp\/v2\/product_cat?post=14865"},{"taxonomy":"product_tag","embeddable":true,"href":"https:\/\/uj.adatbank.ro\/lexikon\/wp-json\/wp\/v2\/product_tag?post=14865"}],"curies":[{"name":"wp","href":"https:\/\/api.w.org\/{rel}","templated":true}]}}