{"id":14868,"date":"2025-07-15T13:16:18","date_gmt":"2025-07-15T11:16:18","guid":{"rendered":"https:\/\/uj.adatbank.ro\/lexikon\/termek\/mate-izsak-mihaly-p\/"},"modified":"2025-07-15T13:16:18","modified_gmt":"2025-07-15T11:16:18","slug":"mate-izsak-mihaly-p","status":"publish","type":"product","link":"https:\/\/uj.adatbank.ro\/lexikon\/termek\/mate-izsak-mihaly-p\/","title":{"rendered":"M\u00c1T\u00c9 Izs\u00e1k Mih\u00e1ly, P."},"content":{"rendered":"<p>Mikh\u00e1za, 1693., \u2020 Cs\u00edksomly\u00f3, 1730. m\u00e1j. 11.: ferences szerzetes. \u2013 Be\u00f6lt\u00f6z\u00f6tt (1714. aug. 18.), felszentelt\u00e9k (1720. m\u00e1j. 30.). <br \/><strong>Irod.:<\/strong> Gy\u00f6rgy: A ferencrendiek<\/br><\/p>\n","protected":false},"excerpt":{"rendered":"<p>Mikh\u00e1za, 1693., \u2020 Cs\u00edksomly\u00f3, 1730. m\u00e1j. 11.: ferences szerzetes. \u2013 Be\u00f6lt\u00f6z\u00f6tt (1714. aug. 18.), felszentelt\u00e9k (1720. m\u00e1j. 30.). Irod.: Gy\u00f6rgy: A ferencrendiek<\/p>\n","protected":false},"featured_media":0,"comment_status":"open","ping_status":"closed","template":"","meta":[],"product_brand":[],"product_cat":[137],"product_tag":[],"class_list":{"0":"post-14868","1":"product","2":"type-product","3":"status-publish","5":"product_cat-maros-megyei-eletrajzi-lexikon","7":"first","8":"instock","9":"shipping-taxable","10":"product-type-simple"},"_links":{"self":[{"href":"https:\/\/uj.adatbank.ro\/lexikon\/wp-json\/wp\/v2\/product\/14868","targetHints":{"allow":["GET"]}}],"collection":[{"href":"https:\/\/uj.adatbank.ro\/lexikon\/wp-json\/wp\/v2\/product"}],"about":[{"href":"https:\/\/uj.adatbank.ro\/lexikon\/wp-json\/wp\/v2\/types\/product"}],"replies":[{"embeddable":true,"href":"https:\/\/uj.adatbank.ro\/lexikon\/wp-json\/wp\/v2\/comments?post=14868"}],"wp:attachment":[{"href":"https:\/\/uj.adatbank.ro\/lexikon\/wp-json\/wp\/v2\/media?parent=14868"}],"wp:term":[{"taxonomy":"product_brand","embeddable":true,"href":"https:\/\/uj.adatbank.ro\/lexikon\/wp-json\/wp\/v2\/product_brand?post=14868"},{"taxonomy":"product_cat","embeddable":true,"href":"https:\/\/uj.adatbank.ro\/lexikon\/wp-json\/wp\/v2\/product_cat?post=14868"},{"taxonomy":"product_tag","embeddable":true,"href":"https:\/\/uj.adatbank.ro\/lexikon\/wp-json\/wp\/v2\/product_tag?post=14868"}],"curies":[{"name":"wp","href":"https:\/\/api.w.org\/{rel}","templated":true}]}}