{"id":14869,"date":"2025-07-15T13:16:20","date_gmt":"2025-07-15T11:16:20","guid":{"rendered":"https:\/\/uj.adatbank.ro\/lexikon\/termek\/mate-janos-havadi\/"},"modified":"2025-07-15T13:16:20","modified_gmt":"2025-07-15T11:16:20","slug":"mate-janos-havadi","status":"publish","type":"product","link":"https:\/\/uj.adatbank.ro\/lexikon\/termek\/mate-janos-havadi\/","title":{"rendered":"M\u00c1T\u00c9 J\u00e1nos, havadi"},"content":{"rendered":"<p>? \u2020\u00a0Mez\u0151cs\u00e1v\u00e1s, 1815. m\u00e1rc.: birtokos. \u2013 Tudom\u00e1nyosan k\u00e9pzett. Mez\u0151cs\u00e1v\u00e1s m\u00e1sodik leggazdagabb embere volt. Feles\u00e9ge \u00dajfalvi Krisztina k\u00f6lt\u0151, jegyz\u0151. Az esk\u00fcv\u0151 ut\u00e1n (1780. m\u00e1j. 22.) Mez\u0151cs\u00e1v\u00e1sra k\u00f6lt\u00f6ztek. Feles\u00e9ge csak betegs\u00e9g\u00e9ben \u00e1llt mell\u00e9 \u00e9s \u00e1polta (1813\u20131815. m\u00e1rc.). <br \/><strong>Irod.:<\/strong> Bak\u00f3 Zolt\u00e1n: Mez\u0151cs\u00e1v\u00e1son \u00e9lt a vil\u00e1g els\u0151 jegyz\u0151n\u0151je (V\u00e1s\u00e1rhelyi H\u00edrlap, 2011. jan. 14.); \u00daM\u00c9L<\/br><\/p>\n","protected":false},"excerpt":{"rendered":"<p>? \u2020\u00a0Mez\u0151cs\u00e1v\u00e1s, 1815. m\u00e1rc.: birtokos. \u2013 Tudom\u00e1nyosan k\u00e9pzett. Mez\u0151cs\u00e1v\u00e1s m\u00e1sodik leggazdagabb embere volt. Feles\u00e9ge \u00dajfalvi Krisztina k\u00f6lt\u0151, jegyz\u0151. Az esk\u00fcv\u0151 ut\u00e1n (1780. m\u00e1j. 22.) Mez\u0151cs\u00e1v\u00e1sra k\u00f6lt\u00f6ztek. Feles\u00e9ge csak betegs\u00e9g\u00e9ben \u00e1llt mell\u00e9 \u00e9s \u00e1polta (1813\u20131815. m\u00e1rc.). Irod.: Bak\u00f3 Zolt\u00e1n: Mez\u0151cs\u00e1v\u00e1son \u00e9lt a vil\u00e1g els\u0151 jegyz\u0151n\u0151je (V\u00e1s\u00e1rhelyi H\u00edrlap, 2011. jan. 14.); \u00daM\u00c9L<\/p>\n","protected":false},"featured_media":0,"comment_status":"open","ping_status":"closed","template":"","meta":[],"product_brand":[],"product_cat":[137],"product_tag":[],"class_list":{"0":"post-14869","1":"product","2":"type-product","3":"status-publish","5":"product_cat-maros-megyei-eletrajzi-lexikon","7":"first","8":"instock","9":"shipping-taxable","10":"product-type-simple"},"_links":{"self":[{"href":"https:\/\/uj.adatbank.ro\/lexikon\/wp-json\/wp\/v2\/product\/14869","targetHints":{"allow":["GET"]}}],"collection":[{"href":"https:\/\/uj.adatbank.ro\/lexikon\/wp-json\/wp\/v2\/product"}],"about":[{"href":"https:\/\/uj.adatbank.ro\/lexikon\/wp-json\/wp\/v2\/types\/product"}],"replies":[{"embeddable":true,"href":"https:\/\/uj.adatbank.ro\/lexikon\/wp-json\/wp\/v2\/comments?post=14869"}],"wp:attachment":[{"href":"https:\/\/uj.adatbank.ro\/lexikon\/wp-json\/wp\/v2\/media?parent=14869"}],"wp:term":[{"taxonomy":"product_brand","embeddable":true,"href":"https:\/\/uj.adatbank.ro\/lexikon\/wp-json\/wp\/v2\/product_brand?post=14869"},{"taxonomy":"product_cat","embeddable":true,"href":"https:\/\/uj.adatbank.ro\/lexikon\/wp-json\/wp\/v2\/product_cat?post=14869"},{"taxonomy":"product_tag","embeddable":true,"href":"https:\/\/uj.adatbank.ro\/lexikon\/wp-json\/wp\/v2\/product_tag?post=14869"}],"curies":[{"name":"wp","href":"https:\/\/api.w.org\/{rel}","templated":true}]}}