{"id":14874,"date":"2025-07-15T13:16:31","date_gmt":"2025-07-15T11:16:31","guid":{"rendered":"https:\/\/uj.adatbank.ro\/lexikon\/termek\/mate-zsigmond\/"},"modified":"2025-07-15T13:16:31","modified_gmt":"2025-07-15T11:16:31","slug":"mate-zsigmond","status":"publish","type":"product","link":"https:\/\/uj.adatbank.ro\/lexikon\/termek\/mate-zsigmond\/","title":{"rendered":"M\u00c1T\u00c9 Zsigmond"},"content":{"rendered":"<p>\u00dcrm\u00f6s, 1899.okt.6. \u2020?, 1991.j\u00fan.17.: unit. pap, esperes. Teol\u00f3gi\u00e1t v\u00e9gzett (1923), a manchesteri Unitarian Collegeben tanult (1923\u20131925). Kv.-on v\u00e9gzett (1926) \u00e9s lelk\u00e9sz.Ny\u00e1r\u00e1dszentm\u00e1rtonban (1927\u201345), Szent\u00e1brah\u00e1mon (1945\u20131972) szolg\u00e1lt.A Sz\u00e9kelykereszt\u00far-Udvarhely egyh\u00e1zk\u00f6r\u00e9nek esperese (1958\u20131969). <br \/><strong>Irod.:<\/strong> Kelemen<\/br><\/p>\n","protected":false},"excerpt":{"rendered":"<p>\u00dcrm\u00f6s, 1899.okt.6. \u2020?, 1991.j\u00fan.17.: unit. pap, esperes. Teol\u00f3gi\u00e1t v\u00e9gzett (1923), a manchesteri Unitarian Collegeben tanult (1923\u20131925). Kv.-on v\u00e9gzett (1926) \u00e9s lelk\u00e9sz.Ny\u00e1r\u00e1dszentm\u00e1rtonban (1927\u201345), Szent\u00e1brah\u00e1mon (1945\u20131972) szolg\u00e1lt.A Sz\u00e9kelykereszt\u00far-Udvarhely egyh\u00e1zk\u00f6r\u00e9nek esperese (1958\u20131969). Irod.: Kelemen<\/p>\n","protected":false},"featured_media":0,"comment_status":"open","ping_status":"closed","template":"","meta":[],"product_brand":[],"product_cat":[137],"product_tag":[],"class_list":{"0":"post-14874","1":"product","2":"type-product","3":"status-publish","5":"product_cat-maros-megyei-eletrajzi-lexikon","7":"first","8":"instock","9":"shipping-taxable","10":"product-type-simple"},"_links":{"self":[{"href":"https:\/\/uj.adatbank.ro\/lexikon\/wp-json\/wp\/v2\/product\/14874","targetHints":{"allow":["GET"]}}],"collection":[{"href":"https:\/\/uj.adatbank.ro\/lexikon\/wp-json\/wp\/v2\/product"}],"about":[{"href":"https:\/\/uj.adatbank.ro\/lexikon\/wp-json\/wp\/v2\/types\/product"}],"replies":[{"embeddable":true,"href":"https:\/\/uj.adatbank.ro\/lexikon\/wp-json\/wp\/v2\/comments?post=14874"}],"wp:attachment":[{"href":"https:\/\/uj.adatbank.ro\/lexikon\/wp-json\/wp\/v2\/media?parent=14874"}],"wp:term":[{"taxonomy":"product_brand","embeddable":true,"href":"https:\/\/uj.adatbank.ro\/lexikon\/wp-json\/wp\/v2\/product_brand?post=14874"},{"taxonomy":"product_cat","embeddable":true,"href":"https:\/\/uj.adatbank.ro\/lexikon\/wp-json\/wp\/v2\/product_cat?post=14874"},{"taxonomy":"product_tag","embeddable":true,"href":"https:\/\/uj.adatbank.ro\/lexikon\/wp-json\/wp\/v2\/product_tag?post=14874"}],"curies":[{"name":"wp","href":"https:\/\/api.w.org\/{rel}","templated":true}]}}