{"id":14877,"date":"2025-07-15T13:16:37","date_gmt":"2025-07-15T11:16:37","guid":{"rendered":"https:\/\/uj.adatbank.ro\/lexikon\/termek\/mateffy-sandor-kissolymosi\/"},"modified":"2025-07-15T13:16:37","modified_gmt":"2025-07-15T11:16:37","slug":"mateffy-sandor-kissolymosi","status":"publish","type":"product","link":"https:\/\/uj.adatbank.ro\/lexikon\/termek\/mateffy-sandor-kissolymosi\/","title":{"rendered":"M\u00c1T\u00c9FFY S\u00e1ndor, kissolymosi"},"content":{"rendered":"<p>? \u2020 Hossz\u00faasz\u00f3, 1848 v. 1849: v\u00e1rmegyei szolgab\u00edr\u00f3. \u2013 Hossz\u00faasz\u00f3n a rom\u00e1nok meg\u00f6lt\u00e9k (1848 v. 49). <br \/><strong>Irod.:<\/strong> Erd\u00e9lyi unit. 1848\u201349<\/br><\/p>\n","protected":false},"excerpt":{"rendered":"<p>? \u2020 Hossz\u00faasz\u00f3, 1848 v. 1849: v\u00e1rmegyei szolgab\u00edr\u00f3. \u2013 Hossz\u00faasz\u00f3n a rom\u00e1nok meg\u00f6lt\u00e9k (1848 v. 49). Irod.: Erd\u00e9lyi unit. 1848\u201349<\/p>\n","protected":false},"featured_media":0,"comment_status":"open","ping_status":"closed","template":"","meta":[],"product_brand":[],"product_cat":[137],"product_tag":[],"class_list":{"0":"post-14877","1":"product","2":"type-product","3":"status-publish","5":"product_cat-maros-megyei-eletrajzi-lexikon","7":"first","8":"instock","9":"shipping-taxable","10":"product-type-simple"},"_links":{"self":[{"href":"https:\/\/uj.adatbank.ro\/lexikon\/wp-json\/wp\/v2\/product\/14877","targetHints":{"allow":["GET"]}}],"collection":[{"href":"https:\/\/uj.adatbank.ro\/lexikon\/wp-json\/wp\/v2\/product"}],"about":[{"href":"https:\/\/uj.adatbank.ro\/lexikon\/wp-json\/wp\/v2\/types\/product"}],"replies":[{"embeddable":true,"href":"https:\/\/uj.adatbank.ro\/lexikon\/wp-json\/wp\/v2\/comments?post=14877"}],"wp:attachment":[{"href":"https:\/\/uj.adatbank.ro\/lexikon\/wp-json\/wp\/v2\/media?parent=14877"}],"wp:term":[{"taxonomy":"product_brand","embeddable":true,"href":"https:\/\/uj.adatbank.ro\/lexikon\/wp-json\/wp\/v2\/product_brand?post=14877"},{"taxonomy":"product_cat","embeddable":true,"href":"https:\/\/uj.adatbank.ro\/lexikon\/wp-json\/wp\/v2\/product_cat?post=14877"},{"taxonomy":"product_tag","embeddable":true,"href":"https:\/\/uj.adatbank.ro\/lexikon\/wp-json\/wp\/v2\/product_tag?post=14877"}],"curies":[{"name":"wp","href":"https:\/\/api.w.org\/{rel}","templated":true}]}}