{"id":14882,"date":"2025-07-15T13:16:46","date_gmt":"2025-07-15T11:16:46","guid":{"rendered":"https:\/\/uj.adatbank.ro\/lexikon\/termek\/matei-danila\/"},"modified":"2025-07-15T13:16:46","modified_gmt":"2025-07-15T11:16:46","slug":"matei-danila","status":"publish","type":"product","link":"https:\/\/uj.adatbank.ro\/lexikon\/termek\/matei-danila\/","title":{"rendered":"MATEI, D\u0103nil\u0103"},"content":{"rendered":"<p>? \u2020 ? : ort. pap. \u2013 Fels\u0151- \u00e9s Als\u00f3b\u00f6lk\u00e9nyben szolg\u00e1lt, ez id\u0151ben \u00e9p\u00fclt Fels\u0151b\u00f6lk\u00e9nyben a Sf.Arhangheli Mihail si Gavril templom (1866 \u2013 1869).Terveit Johann Keintzel \u00e9p\u00edt\u00e9sz k\u00e9sz\u00edtette. Az \u00e9p\u00edtkez\u00e9st a falu k\u00f6zel 100 h\u00edve v\u00e9gezte. Al. Sterca \u015euli\u0163iu mitropolita \u00e9s Ioan Vancea p\u00fcsp\u00f6k szentelte fel (1869. okt. 26.). M\u00e9g szolg\u00e1lt H\u00e9tb\u00fckkben (1877\u201392). <br \/><strong>Irod.:<\/strong> Reghin, Protopopiat<\/br><\/p>\n","protected":false},"excerpt":{"rendered":"<p>? \u2020 ? : ort. pap. \u2013 Fels\u0151- \u00e9s Als\u00f3b\u00f6lk\u00e9nyben szolg\u00e1lt, ez id\u0151ben \u00e9p\u00fclt Fels\u0151b\u00f6lk\u00e9nyben a Sf.Arhangheli Mihail si Gavril templom (1866 \u2013 1869).Terveit Johann Keintzel \u00e9p\u00edt\u00e9sz k\u00e9sz\u00edtette. Az \u00e9p\u00edtkez\u00e9st a falu k\u00f6zel 100 h\u00edve v\u00e9gezte. Al. Sterca \u015euli\u0163iu mitropolita \u00e9s Ioan Vancea p\u00fcsp\u00f6k szentelte fel (1869. okt. 26.). M\u00e9g szolg\u00e1lt H\u00e9tb\u00fckkben (1877\u201392). Irod.: Reghin, [&hellip;]<\/p>\n","protected":false},"featured_media":0,"comment_status":"open","ping_status":"closed","template":"","meta":[],"product_brand":[],"product_cat":[137],"product_tag":[],"class_list":{"0":"post-14882","1":"product","2":"type-product","3":"status-publish","5":"product_cat-maros-megyei-eletrajzi-lexikon","7":"first","8":"instock","9":"shipping-taxable","10":"product-type-simple"},"_links":{"self":[{"href":"https:\/\/uj.adatbank.ro\/lexikon\/wp-json\/wp\/v2\/product\/14882","targetHints":{"allow":["GET"]}}],"collection":[{"href":"https:\/\/uj.adatbank.ro\/lexikon\/wp-json\/wp\/v2\/product"}],"about":[{"href":"https:\/\/uj.adatbank.ro\/lexikon\/wp-json\/wp\/v2\/types\/product"}],"replies":[{"embeddable":true,"href":"https:\/\/uj.adatbank.ro\/lexikon\/wp-json\/wp\/v2\/comments?post=14882"}],"wp:attachment":[{"href":"https:\/\/uj.adatbank.ro\/lexikon\/wp-json\/wp\/v2\/media?parent=14882"}],"wp:term":[{"taxonomy":"product_brand","embeddable":true,"href":"https:\/\/uj.adatbank.ro\/lexikon\/wp-json\/wp\/v2\/product_brand?post=14882"},{"taxonomy":"product_cat","embeddable":true,"href":"https:\/\/uj.adatbank.ro\/lexikon\/wp-json\/wp\/v2\/product_cat?post=14882"},{"taxonomy":"product_tag","embeddable":true,"href":"https:\/\/uj.adatbank.ro\/lexikon\/wp-json\/wp\/v2\/product_tag?post=14882"}],"curies":[{"name":"wp","href":"https:\/\/api.w.org\/{rel}","templated":true}]}}