{"id":14883,"date":"2025-07-15T13:16:50","date_gmt":"2025-07-15T11:16:50","guid":{"rendered":"https:\/\/uj.adatbank.ro\/lexikon\/termek\/matei-dumitru\/"},"modified":"2025-07-15T13:16:50","modified_gmt":"2025-07-15T11:16:50","slug":"matei-dumitru","status":"publish","type":"product","link":"https:\/\/uj.adatbank.ro\/lexikon\/termek\/matei-dumitru\/","title":{"rendered":"MATEI, Dumitru"},"content":{"rendered":"<p>Lib\u00e1nfalva, 1919, szept. 30, \u2020 ?: tisztvisel\u0151. \u2013. \u2013 Mv.-en volt tisztvisel\u0151, volt csend\u0151r. A Faliboga \u2013f\u00e9le \u00f6sszeesk\u00fcv\u00e9s IV. csoportj\u00e1nak tagja. Feladata volt a r\u00e9gi csend\u0151r\u00f6k \u00e9s rend\u0151r\u00f6k beszervez\u00e9se. Letart\u00f3ztatt\u00e1k (1957 jan 7). El\u00edt\u00e9lt\u00e9k (1956). <br \/><strong>Irod.:<\/strong> \u00c1ldozatok<\/br><\/p>\n","protected":false},"excerpt":{"rendered":"<p>Lib\u00e1nfalva, 1919, szept. 30, \u2020 ?: tisztvisel\u0151. \u2013. \u2013 Mv.-en volt tisztvisel\u0151, volt csend\u0151r. A Faliboga \u2013f\u00e9le \u00f6sszeesk\u00fcv\u00e9s IV. csoportj\u00e1nak tagja. Feladata volt a r\u00e9gi csend\u0151r\u00f6k \u00e9s rend\u0151r\u00f6k beszervez\u00e9se. Letart\u00f3ztatt\u00e1k (1957 jan 7). El\u00edt\u00e9lt\u00e9k (1956). Irod.: \u00c1ldozatok<\/p>\n","protected":false},"featured_media":0,"comment_status":"open","ping_status":"closed","template":"","meta":[],"product_brand":[],"product_cat":[137],"product_tag":[],"class_list":{"0":"post-14883","1":"product","2":"type-product","3":"status-publish","5":"product_cat-maros-megyei-eletrajzi-lexikon","7":"first","8":"instock","9":"shipping-taxable","10":"product-type-simple"},"_links":{"self":[{"href":"https:\/\/uj.adatbank.ro\/lexikon\/wp-json\/wp\/v2\/product\/14883","targetHints":{"allow":["GET"]}}],"collection":[{"href":"https:\/\/uj.adatbank.ro\/lexikon\/wp-json\/wp\/v2\/product"}],"about":[{"href":"https:\/\/uj.adatbank.ro\/lexikon\/wp-json\/wp\/v2\/types\/product"}],"replies":[{"embeddable":true,"href":"https:\/\/uj.adatbank.ro\/lexikon\/wp-json\/wp\/v2\/comments?post=14883"}],"wp:attachment":[{"href":"https:\/\/uj.adatbank.ro\/lexikon\/wp-json\/wp\/v2\/media?parent=14883"}],"wp:term":[{"taxonomy":"product_brand","embeddable":true,"href":"https:\/\/uj.adatbank.ro\/lexikon\/wp-json\/wp\/v2\/product_brand?post=14883"},{"taxonomy":"product_cat","embeddable":true,"href":"https:\/\/uj.adatbank.ro\/lexikon\/wp-json\/wp\/v2\/product_cat?post=14883"},{"taxonomy":"product_tag","embeddable":true,"href":"https:\/\/uj.adatbank.ro\/lexikon\/wp-json\/wp\/v2\/product_tag?post=14883"}],"curies":[{"name":"wp","href":"https:\/\/api.w.org\/{rel}","templated":true}]}}