{"id":14884,"date":"2025-07-15T13:16:52","date_gmt":"2025-07-15T11:16:52","guid":{"rendered":"https:\/\/uj.adatbank.ro\/lexikon\/termek\/matei-gabriel\/"},"modified":"2025-07-15T13:16:52","modified_gmt":"2025-07-15T11:16:52","slug":"matei-gabriel","status":"publish","type":"product","link":"https:\/\/uj.adatbank.ro\/lexikon\/termek\/matei-gabriel\/","title":{"rendered":"MATEI, Gabriel"},"content":{"rendered":"<p>? \u2020 ?: tan\u00edt\u00f3, g. kat. esperes. \u2013 Sz\u00e1szr\u00e9genben a Petru Maior \u00e1ltal \u00e9p\u00edttetett Szenth\u00e1roms\u00e1g \/ Sf.Treime, \u00faj g. kat. tempolom mell\u00e9 emelt\u00e9k az \u00faj g. kat. iskol\u00e1t, amelynek tan\u00edt\u00f3ja (1811 k.). Az iskola \u00e9p\u00fclete m\u00e1r nem felelt meg a k\u00f6vetelm\u00e9nyeknek, \u015eerban Lupu, r\u00e9geni polg\u00e1r, nagyobb termet adom\u00e1nyozott (1835). <br \/><strong>Irod.:<\/strong> B\u00edr\u00f3 Don\u00e1t; Costea 1999; \u015eerban 2006<\/br><\/p>\n","protected":false},"excerpt":{"rendered":"<p>? \u2020 ?: tan\u00edt\u00f3, g. kat. esperes. \u2013 Sz\u00e1szr\u00e9genben a Petru Maior \u00e1ltal \u00e9p\u00edttetett Szenth\u00e1roms\u00e1g \/ Sf.Treime, \u00faj g. kat. tempolom mell\u00e9 emelt\u00e9k az \u00faj g. kat. iskol\u00e1t, amelynek tan\u00edt\u00f3ja (1811 k.). Az iskola \u00e9p\u00fclete m\u00e1r nem felelt meg a k\u00f6vetelm\u00e9nyeknek, \u015eerban Lupu, r\u00e9geni polg\u00e1r, nagyobb termet adom\u00e1nyozott (1835). Irod.: B\u00edr\u00f3 Don\u00e1t; Costea 1999; \u015eerban [&hellip;]<\/p>\n","protected":false},"featured_media":0,"comment_status":"open","ping_status":"closed","template":"","meta":[],"product_brand":[],"product_cat":[137],"product_tag":[],"class_list":{"0":"post-14884","1":"product","2":"type-product","3":"status-publish","5":"product_cat-maros-megyei-eletrajzi-lexikon","7":"first","8":"instock","9":"shipping-taxable","10":"product-type-simple"},"_links":{"self":[{"href":"https:\/\/uj.adatbank.ro\/lexikon\/wp-json\/wp\/v2\/product\/14884","targetHints":{"allow":["GET"]}}],"collection":[{"href":"https:\/\/uj.adatbank.ro\/lexikon\/wp-json\/wp\/v2\/product"}],"about":[{"href":"https:\/\/uj.adatbank.ro\/lexikon\/wp-json\/wp\/v2\/types\/product"}],"replies":[{"embeddable":true,"href":"https:\/\/uj.adatbank.ro\/lexikon\/wp-json\/wp\/v2\/comments?post=14884"}],"wp:attachment":[{"href":"https:\/\/uj.adatbank.ro\/lexikon\/wp-json\/wp\/v2\/media?parent=14884"}],"wp:term":[{"taxonomy":"product_brand","embeddable":true,"href":"https:\/\/uj.adatbank.ro\/lexikon\/wp-json\/wp\/v2\/product_brand?post=14884"},{"taxonomy":"product_cat","embeddable":true,"href":"https:\/\/uj.adatbank.ro\/lexikon\/wp-json\/wp\/v2\/product_cat?post=14884"},{"taxonomy":"product_tag","embeddable":true,"href":"https:\/\/uj.adatbank.ro\/lexikon\/wp-json\/wp\/v2\/product_tag?post=14884"}],"curies":[{"name":"wp","href":"https:\/\/api.w.org\/{rel}","templated":true}]}}